{"id":210239,"date":"2025-03-20T14:36:59","date_gmt":"2025-03-20T14:36:59","guid":{"rendered":"https:\/\/aromasentia.com\/product\/fractionated-coconut-oil-100ml\/"},"modified":"2025-05-31T07:11:34","modified_gmt":"2025-05-31T07:11:34","slug":"fraksjonert-kokosnottolje-100ml","status":"publish","type":"product","link":"https:\/\/aromasentia.com\/no\/fraksjonert-kokosnottolje-100ml\/","title":{"rendered":"Fraksjonert Kokosn\u00f8ttolje &#8211; 100ml"},"content":{"rendered":"<p><strong>Botanisk navn:<\/strong> Cocos Nucifera<\/p>\n<p><strong>Opprinnelse:<\/strong> Kokosolje har i stor grad blitt produsert i tropiske regioner p\u00e5 Filippinene i \u00e5rhundrer, og har ofte blitt brukt til \u00e5 kurere sykdommer og skj\u00f8nnhetsbehandlinger. Kokosolje i sin reneste form er fast ved romtemperatur. Prosessen med \u00e5 \u00abfraksjonere\u00bb oljen fjerner noen av proteinene og fettsyrene fra oljen, og i prosessen blir den v\u00e6ske.<\/p>\n<p>Fraksjonert kokosolje er mye brukt som b\u00e6rerolje for essensielle oljer i aromaterapi eller massasjebehandlinger. Den har utmerkede lindrende, helbredende og fuktighetsgivende egenskaper som kan bidra til \u00e5 lindre mange hudirritasjoner.<\/p>\n<p><strong>Farge og lukt:<\/strong> Har en klar til gul farge og luktfri duft.<\/p>\n<p><strong>Tekstur:<\/strong> Lett teksturert, absorberes lett.<\/p>\n<p>V\u00e5r fraksjonerte kokosbaseolje er n\u00f8ye utvalgt, kj\u00f8pt oftere ikke fra prim\u00e6rkilder, testet for renhet og underlagt strenge kvalitetskontrollstandarder.<\/p>\n<p>V\u00e5r kokosbaseolje er hentet fra Filippinene og laget med fraksjonert ekstraksjonsmetode.<\/p>\n<p><\/p>\n","protected":false},"excerpt":{"rendered":"<p>Botanisk navn: Cocos Nucifera Opprinnelse: Kokosolje har i stor grad blitt produsert i tropiske regioner p\u00e5 Filippinene i \u00e5rhundrer, og har ofte blitt brukt til \u00e5 kurere sykdommer og skj\u00f8nnhetsbehandlinger. Kokosolje i sin reneste form er fast ved romtemperatur. Prosessen med \u00e5 \u00abfraksjonere\u00bb oljen fjerner noen av proteinene og fettsyrene fra oljen, og i prosessen [&hellip;]<\/p>\n","protected":false},"featured_media":259004,"comment_status":"closed","ping_status":"open","template":"","meta":{"_angie_page":false},"product_brand":[27096],"product_cat":[9065,10312],"product_tag":[],"class_list":{"0":"post-210239","1":"product","2":"type-product","3":"status-publish","4":"has-post-thumbnail","6":"product_brand-ancient-wisdom","7":"product_cat-aromaterapi-og-romduft","8":"product_cat-baseoljer","9":"pa_collection-base-oils-no","10":"pa_made-in-malaysia","11":"pa_size-100ml","13":"first","14":"instock","15":"purchasable","16":"product-type-simple"},"supplier_id":null,"supplier_sku":"BO-06","barcode":null,"atum_controlled":true,"out_stock_date":null,"out_stock_threshold":null,"inheritable":false,"inbound_stock":null,"stock_on_hold":0,"sold_today":0,"sales_last_days":0,"reserved_stock":null,"customer_returns":null,"warehouse_damage":null,"lost_in_post":null,"other_logs":null,"out_stock_days":0,"lost_sales":0,"has_location":null,"update_date":"2026-04-27T06:55:16","atum_locations":[],"atum_stock_status":"instock","restock_status":false,"low_stock_amount":"","sales_update_date":"2025-10-09T03:26:37","calc_backorders":null,"_links":{"self":[{"href":"https:\/\/aromasentia.com\/no\/wp-json\/wp\/v2\/product\/210239","targetHints":{"allow":["GET"]}}],"collection":[{"href":"https:\/\/aromasentia.com\/no\/wp-json\/wp\/v2\/product"}],"about":[{"href":"https:\/\/aromasentia.com\/no\/wp-json\/wp\/v2\/types\/product"}],"replies":[{"embeddable":true,"href":"https:\/\/aromasentia.com\/no\/wp-json\/wp\/v2\/comments?post=210239"}],"version-history":[{"count":0,"href":"https:\/\/aromasentia.com\/no\/wp-json\/wp\/v2\/product\/210239\/revisions"}],"wp:featuredmedia":[{"embeddable":true,"href":"https:\/\/aromasentia.com\/no\/wp-json\/wp\/v2\/media\/259004"}],"wp:attachment":[{"href":"https:\/\/aromasentia.com\/no\/wp-json\/wp\/v2\/media?parent=210239"}],"wp:term":[{"taxonomy":"product_brand","embeddable":true,"href":"https:\/\/aromasentia.com\/no\/wp-json\/wp\/v2\/product_brand?post=210239"},{"taxonomy":"product_cat","embeddable":true,"href":"https:\/\/aromasentia.com\/no\/wp-json\/wp\/v2\/product_cat?post=210239"},{"taxonomy":"product_tag","embeddable":true,"href":"https:\/\/aromasentia.com\/no\/wp-json\/wp\/v2\/product_tag?post=210239"}],"curies":[{"name":"wp","href":"https:\/\/api.w.org\/{rel}","templated":true}]}}