{"id":210238,"date":"2025-03-20T14:36:59","date_gmt":"2025-03-20T14:36:59","guid":{"rendered":"https:\/\/aromasentia.com\/product\/apricot-kernel-oil-100ml\/"},"modified":"2025-05-31T07:11:30","modified_gmt":"2025-05-31T07:11:30","slug":"aprikoskjerneolje-100ml","status":"publish","type":"product","link":"https:\/\/aromasentia.com\/no\/aprikoskjerneolje-100ml\/","title":{"rendered":"Aprikoskjerneolje &#8211; 100ml"},"content":{"rendered":"<p><strong>Botanisk navn:<\/strong>Prunus Armeniaca<\/p>\n<p><strong>Andre navn<\/strong>: Aprikosolje<\/p>\n<p><strong>Opprinnelse<\/strong>: Spania<\/p>\n<p><strong>Farge og lukt<\/strong>: En klar, blekgul v\u00e6ske som er praktisk talt luktfri.<\/p>\n<p><strong>Tekstur:<\/strong> lett og absorberes raskt; enda raskere enn jojoba- og arganolje<\/p>\n<p>I likhet med ferskenen ble aprikosen brakt til Europa fra Midt\u00f8sten av romerne. Gjennom \u00e5rene har den blitt mye dyrket i mange av de varmere europeiske landene, og har ogs\u00e5 blitt mye dyrket i USA.<\/p>\n<p>Oljen er flott for huden og absorberes lett. Den sies \u00e5 v\u00e6re nyttig mot kl\u00f8e og eksem. Aprikoskjernebaseolje er hentet fra Spania og laget med kaldpresset ekstraksjonsmetode.<\/p>\n","protected":false},"excerpt":{"rendered":"<p>Botanisk navn:Prunus Armeniaca Andre navn: Aprikosolje Opprinnelse: Spania Farge og lukt: En klar, blekgul v\u00e6ske som er praktisk talt luktfri. Tekstur: lett og absorberes raskt; enda raskere enn jojoba- og arganolje I likhet med ferskenen ble aprikosen brakt til Europa fra Midt\u00f8sten av romerne. Gjennom \u00e5rene har den blitt mye dyrket i mange av de [&hellip;]<\/p>\n","protected":false},"featured_media":258995,"comment_status":"closed","ping_status":"open","template":"","meta":{"_angie_page":false},"product_brand":[27096],"product_cat":[9065,10312],"product_tag":[],"class_list":{"0":"post-210238","1":"product","2":"type-product","3":"status-publish","4":"has-post-thumbnail","6":"product_brand-ancient-wisdom","7":"product_cat-aromaterapi-og-romduft","8":"product_cat-baseoljer","9":"pa_collection-base-oils-no","10":"pa_made-in-tyrkia","11":"pa_size-100ml","13":"first","14":"instock","15":"purchasable","16":"product-type-simple"},"supplier_id":null,"supplier_sku":"BO-05","barcode":null,"atum_controlled":true,"out_stock_date":null,"out_stock_threshold":null,"inheritable":false,"inbound_stock":null,"stock_on_hold":0,"sold_today":0,"sales_last_days":0,"reserved_stock":null,"customer_returns":null,"warehouse_damage":null,"lost_in_post":null,"other_logs":null,"out_stock_days":0,"lost_sales":0,"has_location":null,"update_date":"2026-04-27T06:55:16","atum_locations":[],"atum_stock_status":"instock","restock_status":false,"low_stock_amount":"","sales_update_date":"2026-02-06T00:02:03","calc_backorders":null,"_links":{"self":[{"href":"https:\/\/aromasentia.com\/no\/wp-json\/wp\/v2\/product\/210238","targetHints":{"allow":["GET"]}}],"collection":[{"href":"https:\/\/aromasentia.com\/no\/wp-json\/wp\/v2\/product"}],"about":[{"href":"https:\/\/aromasentia.com\/no\/wp-json\/wp\/v2\/types\/product"}],"replies":[{"embeddable":true,"href":"https:\/\/aromasentia.com\/no\/wp-json\/wp\/v2\/comments?post=210238"}],"version-history":[{"count":0,"href":"https:\/\/aromasentia.com\/no\/wp-json\/wp\/v2\/product\/210238\/revisions"}],"wp:featuredmedia":[{"embeddable":true,"href":"https:\/\/aromasentia.com\/no\/wp-json\/wp\/v2\/media\/258995"}],"wp:attachment":[{"href":"https:\/\/aromasentia.com\/no\/wp-json\/wp\/v2\/media?parent=210238"}],"wp:term":[{"taxonomy":"product_brand","embeddable":true,"href":"https:\/\/aromasentia.com\/no\/wp-json\/wp\/v2\/product_brand?post=210238"},{"taxonomy":"product_cat","embeddable":true,"href":"https:\/\/aromasentia.com\/no\/wp-json\/wp\/v2\/product_cat?post=210238"},{"taxonomy":"product_tag","embeddable":true,"href":"https:\/\/aromasentia.com\/no\/wp-json\/wp\/v2\/product_tag?post=210238"}],"curies":[{"name":"wp","href":"https:\/\/api.w.org\/{rel}","templated":true}]}}