{"id":210237,"date":"2025-03-20T14:36:59","date_gmt":"2025-03-20T14:36:59","guid":{"rendered":"https:\/\/aromasentia.com\/product\/peach-kernel-oil-100ml\/"},"modified":"2025-05-31T07:11:26","modified_gmt":"2025-05-31T07:11:26","slug":"ferskenkjerneolje-100ml","status":"publish","type":"product","link":"https:\/\/aromasentia.com\/no\/ferskenkjerneolje-100ml\/","title":{"rendered":"Ferskenkjerneolje &#8211; 100ml"},"content":{"rendered":"<p><strong>Botanisk navn:<\/strong> Prunus Persica&nbsp;<\/p>\n<p><strong>Andre navn:&nbsp;<\/strong>Ferskenolje<\/p>\n<p><strong>Opprinnelse:&nbsp;<\/strong>Spania<\/p>\n<p><strong>Farge og lukt:&nbsp;<\/strong>klar lysegul med en svak lukt og mild smak<\/p>\n<p><strong>Tekstur:&nbsp;<\/strong>Ferskenkjerneolje har en lett tekstur og absorberes lett&nbsp;<\/p>\n<p>Ferskenkjerneolje kan brukes til \u00e5 lage kremer som er perfekte for sommerhud. Denne fuktighetsgivende oljen er flott for \u00e5 gi n\u00e6ring til huden uten \u00e5 etterlate en fet f\u00f8lelse.<\/p>\n<p>V\u00e5r ferskenkjernebaseolje er n\u00f8ye utvalgt, kj\u00f8pt oftere ikke fra prim\u00e6rkilder, testet for renhet og underlagt strenge kvalitetskontrollstandarder. Denne ferskenkjernebaseoljen er hentet fra Spania og laget med kaldpresset ekstraksjonsmetode.&nbsp;<\/p>\n","protected":false},"excerpt":{"rendered":"<p>Botanisk navn: Prunus Persica&nbsp; Andre navn:&nbsp;Ferskenolje Opprinnelse:&nbsp;Spania Farge og lukt:&nbsp;klar lysegul med en svak lukt og mild smak Tekstur:&nbsp;Ferskenkjerneolje har en lett tekstur og absorberes lett&nbsp; Ferskenkjerneolje kan brukes til \u00e5 lage kremer som er perfekte for sommerhud. Denne fuktighetsgivende oljen er flott for \u00e5 gi n\u00e6ring til huden uten \u00e5 etterlate en fet f\u00f8lelse. [&hellip;]<\/p>\n","protected":false},"featured_media":258986,"comment_status":"closed","ping_status":"open","template":"","meta":{"_angie_page":false},"product_brand":[27096],"product_cat":[9065,10312],"product_tag":[],"class_list":{"0":"post-210237","1":"product","2":"type-product","3":"status-publish","4":"has-post-thumbnail","6":"product_brand-ancient-wisdom","7":"product_cat-aromaterapi-og-romduft","8":"product_cat-baseoljer","9":"pa_collection-base-oils-no","10":"pa_made-in-spania","11":"pa_size-100ml","13":"first","14":"instock","15":"purchasable","16":"product-type-simple"},"supplier_id":null,"supplier_sku":"BO-04","barcode":null,"atum_controlled":true,"out_stock_date":null,"out_stock_threshold":null,"inheritable":false,"inbound_stock":0,"stock_on_hold":0,"sold_today":0,"sales_last_days":0,"reserved_stock":0,"customer_returns":0,"warehouse_damage":0,"lost_in_post":0,"other_logs":0,"out_stock_days":0,"lost_sales":0,"has_location":false,"update_date":"2026-04-27T06:55:16","atum_locations":[],"atum_stock_status":"instock","restock_status":false,"low_stock_amount":"","sales_update_date":"2026-01-30T01:24:43","calc_backorders":null,"_links":{"self":[{"href":"https:\/\/aromasentia.com\/no\/wp-json\/wp\/v2\/product\/210237","targetHints":{"allow":["GET"]}}],"collection":[{"href":"https:\/\/aromasentia.com\/no\/wp-json\/wp\/v2\/product"}],"about":[{"href":"https:\/\/aromasentia.com\/no\/wp-json\/wp\/v2\/types\/product"}],"replies":[{"embeddable":true,"href":"https:\/\/aromasentia.com\/no\/wp-json\/wp\/v2\/comments?post=210237"}],"version-history":[{"count":0,"href":"https:\/\/aromasentia.com\/no\/wp-json\/wp\/v2\/product\/210237\/revisions"}],"wp:featuredmedia":[{"embeddable":true,"href":"https:\/\/aromasentia.com\/no\/wp-json\/wp\/v2\/media\/258986"}],"wp:attachment":[{"href":"https:\/\/aromasentia.com\/no\/wp-json\/wp\/v2\/media?parent=210237"}],"wp:term":[{"taxonomy":"product_brand","embeddable":true,"href":"https:\/\/aromasentia.com\/no\/wp-json\/wp\/v2\/product_brand?post=210237"},{"taxonomy":"product_cat","embeddable":true,"href":"https:\/\/aromasentia.com\/no\/wp-json\/wp\/v2\/product_cat?post=210237"},{"taxonomy":"product_tag","embeddable":true,"href":"https:\/\/aromasentia.com\/no\/wp-json\/wp\/v2\/product_tag?post=210237"}],"curies":[{"name":"wp","href":"https:\/\/api.w.org\/{rel}","templated":true}]}}