{"id":210222,"date":"2025-03-20T14:37:35","date_gmt":"2025-03-20T14:37:35","guid":{"rendered":"https:\/\/aromasentia.com\/product\/olive-oil-50ml\/"},"modified":"2025-05-31T07:10:24","modified_gmt":"2025-05-31T07:10:24","slug":"olivenolje-50ml","status":"publish","type":"product","link":"https:\/\/aromasentia.com\/no\/olivenolje-50ml\/","title":{"rendered":"Olivenolje &#8211; 50ml"},"content":{"rendered":"<p><strong>Vitenskapelig navn:<\/strong> Olea Europaea<\/p>\n<p><strong>Opprinnelse:<\/strong> Spania &#8211; Oliventr\u00e6r har blitt dyrket rundt Middelhavet siden det 8. \u00e5rtusen f.Kr. Spania er den st\u00f8rste produsenten av olivenolje, etterfulgt av Italia og Hellas.<\/p>\n<p><strong>Farge og lukt:<\/strong>&nbsp; Lys til middels gr\u00f8nn,<\/p>\n<p><strong>Tekstur:<\/strong>Tykk, fruktig, litt pepperaktig<\/p>\n<p>Olivenolje er rik p\u00e5 sunne fettsyrer, betennelsesdempende forbindelser og antioksidanter. Den kan brukes som b\u00e6rerolje for \u00e5 bidra til \u00e5 hydrere huden, fremskynde s\u00e5rheling og til og med bidra til \u00e5 bekjempe infeksjoner.<\/p>\n<p>Forskning tyder p\u00e5 at olivenolje kan tjene som en lovende behandling for hudrelaterte tilstander som seboreisk dermatitt, psoriasis, kviser og atopisk dermatitt. Det bidrar til \u00e5 forbedre disse hudproblemene ved \u00e5 redusere betennelse og bekjempe bakterievekst.<\/p>\n","protected":false},"excerpt":{"rendered":"<p>Vitenskapelig navn: Olea Europaea Opprinnelse: Spania &#8211; Oliventr\u00e6r har blitt dyrket rundt Middelhavet siden det 8. \u00e5rtusen f.Kr. Spania er den st\u00f8rste produsenten av olivenolje, etterfulgt av Italia og Hellas. Farge og lukt:&nbsp; Lys til middels gr\u00f8nn, Tekstur:Tykk, fruktig, litt pepperaktig Olivenolje er rik p\u00e5 sunne fettsyrer, betennelsesdempende forbindelser og antioksidanter. Den kan brukes som [&hellip;]<\/p>\n","protected":false},"featured_media":259273,"comment_status":"closed","ping_status":"open","template":"","meta":{"_angie_page":false},"product_brand":[27096],"product_cat":[9065,10312],"product_tag":[],"class_list":{"0":"post-210222","1":"product","2":"type-product","3":"status-publish","4":"has-post-thumbnail","6":"product_brand-ancient-wisdom","7":"product_cat-aromaterapi-og-romduft","8":"product_cat-baseoljer","9":"pa_made-in-spania","10":"pa_size-50ml","12":"first","13":"instock","14":"purchasable","15":"product-type-simple"},"supplier_id":null,"supplier_sku":"BOa-14","barcode":null,"atum_controlled":true,"out_stock_date":null,"out_stock_threshold":null,"inheritable":false,"inbound_stock":null,"stock_on_hold":0,"sold_today":0,"sales_last_days":0,"reserved_stock":null,"customer_returns":null,"warehouse_damage":null,"lost_in_post":null,"other_logs":null,"out_stock_days":0,"lost_sales":0,"has_location":null,"update_date":"2026-04-27T06:55:20","atum_locations":[],"atum_stock_status":"instock","restock_status":false,"low_stock_amount":"","sales_update_date":"2026-01-20T05:14:03","calc_backorders":null,"_links":{"self":[{"href":"https:\/\/aromasentia.com\/no\/wp-json\/wp\/v2\/product\/210222","targetHints":{"allow":["GET"]}}],"collection":[{"href":"https:\/\/aromasentia.com\/no\/wp-json\/wp\/v2\/product"}],"about":[{"href":"https:\/\/aromasentia.com\/no\/wp-json\/wp\/v2\/types\/product"}],"replies":[{"embeddable":true,"href":"https:\/\/aromasentia.com\/no\/wp-json\/wp\/v2\/comments?post=210222"}],"version-history":[{"count":0,"href":"https:\/\/aromasentia.com\/no\/wp-json\/wp\/v2\/product\/210222\/revisions"}],"wp:featuredmedia":[{"embeddable":true,"href":"https:\/\/aromasentia.com\/no\/wp-json\/wp\/v2\/media\/259273"}],"wp:attachment":[{"href":"https:\/\/aromasentia.com\/no\/wp-json\/wp\/v2\/media?parent=210222"}],"wp:term":[{"taxonomy":"product_brand","embeddable":true,"href":"https:\/\/aromasentia.com\/no\/wp-json\/wp\/v2\/product_brand?post=210222"},{"taxonomy":"product_cat","embeddable":true,"href":"https:\/\/aromasentia.com\/no\/wp-json\/wp\/v2\/product_cat?post=210222"},{"taxonomy":"product_tag","embeddable":true,"href":"https:\/\/aromasentia.com\/no\/wp-json\/wp\/v2\/product_tag?post=210222"}],"curies":[{"name":"wp","href":"https:\/\/api.w.org\/{rel}","templated":true}]}}