{"id":210221,"date":"2025-03-20T14:37:35","date_gmt":"2025-03-20T14:37:35","guid":{"rendered":"https:\/\/aromasentia.com\/product\/borage-oil-50ml\/"},"modified":"2025-05-31T07:10:21","modified_gmt":"2025-05-31T07:10:21","slug":"gurkemeieolje-50ml","status":"publish","type":"product","link":"https:\/\/aromasentia.com\/no\/gurkemeieolje-50ml\/","title":{"rendered":"Gurkemeieolje &#8211; 50ml"},"content":{"rendered":"<p><strong>Botanisk navn:&nbsp;<\/strong> Borago Officinalis.<\/p>\n<p><strong>Andre navn:&nbsp;<\/strong>Stjerneblomstolje<\/p>\n<p><strong>Opprinnelse:<\/strong> Europa<\/p>\n<p><strong>Farge og lukt:&nbsp;<\/strong>lysegul, veldig lite duft med en litt s\u00f8t tone.&nbsp;<\/p>\n<p><strong>Tekstur:<\/strong> tynn til middels, noe fet p\u00e5 huden<\/p>\n<p>Aurkurtplanten, ogs\u00e5 kjent som stjerneblomst, er en bustete plante som stammer fra Midt\u00f8sten. N\u00e5 dyrkes planten i de fleste varmere deler av verden, inkludert Afrika, Asia, S\u00f8r-Europa og S\u00f8r-Amerika.<\/p>\n<p>Aurkurtolje utvinnes fra plantens fr\u00f8. Den har et veldig h\u00f8yt innhold av omega 6, og inneholder opptil 24 %. Den sies \u00e5 fungere bra med ulike hudplager som dermatitt, og den har ogs\u00e5 betennelsesdempende egenskaper.<\/p>\n<p>V\u00e5r &nbsp;Aurkurtbaseolje er hentet fra Europa og laget med kaldpresset ekstraksjonsmetode. Leveres i 100 ml glassflasker og er 100 % naturlige.<\/p>\n","protected":false},"excerpt":{"rendered":"<p>Botanisk navn:&nbsp; Borago Officinalis. Andre navn:&nbsp;Stjerneblomstolje Opprinnelse: Europa Farge og lukt:&nbsp;lysegul, veldig lite duft med en litt s\u00f8t tone.&nbsp; Tekstur: tynn til middels, noe fet p\u00e5 huden Aurkurtplanten, ogs\u00e5 kjent som stjerneblomst, er en bustete plante som stammer fra Midt\u00f8sten. N\u00e5 dyrkes planten i de fleste varmere deler av verden, inkludert Afrika, Asia, S\u00f8r-Europa og [&hellip;]<\/p>\n","protected":false},"featured_media":259264,"comment_status":"closed","ping_status":"open","template":"","meta":{"_angie_page":false},"product_brand":[27096],"product_cat":[9065,10312],"product_tag":[],"class_list":{"0":"post-210221","1":"product","2":"type-product","3":"status-publish","4":"has-post-thumbnail","6":"product_brand-ancient-wisdom","7":"product_cat-aromaterapi-og-romduft","8":"product_cat-baseoljer","9":"pa_made-in-kina","10":"pa_size-50ml","12":"first","13":"instock","14":"purchasable","15":"product-type-simple"},"supplier_id":null,"supplier_sku":"BOa-13","barcode":null,"atum_controlled":true,"out_stock_date":null,"out_stock_threshold":null,"inheritable":false,"inbound_stock":null,"stock_on_hold":0,"sold_today":0,"sales_last_days":0,"reserved_stock":null,"customer_returns":null,"warehouse_damage":null,"lost_in_post":null,"other_logs":null,"out_stock_days":0,"lost_sales":0,"has_location":null,"update_date":"2026-05-08T05:06:06","atum_locations":[],"atum_stock_status":"instock","restock_status":false,"low_stock_amount":"","sales_update_date":"2026-01-30T01:25:58","calc_backorders":null,"_links":{"self":[{"href":"https:\/\/aromasentia.com\/no\/wp-json\/wp\/v2\/product\/210221","targetHints":{"allow":["GET"]}}],"collection":[{"href":"https:\/\/aromasentia.com\/no\/wp-json\/wp\/v2\/product"}],"about":[{"href":"https:\/\/aromasentia.com\/no\/wp-json\/wp\/v2\/types\/product"}],"replies":[{"embeddable":true,"href":"https:\/\/aromasentia.com\/no\/wp-json\/wp\/v2\/comments?post=210221"}],"version-history":[{"count":0,"href":"https:\/\/aromasentia.com\/no\/wp-json\/wp\/v2\/product\/210221\/revisions"}],"wp:featuredmedia":[{"embeddable":true,"href":"https:\/\/aromasentia.com\/no\/wp-json\/wp\/v2\/media\/259264"}],"wp:attachment":[{"href":"https:\/\/aromasentia.com\/no\/wp-json\/wp\/v2\/media?parent=210221"}],"wp:term":[{"taxonomy":"product_brand","embeddable":true,"href":"https:\/\/aromasentia.com\/no\/wp-json\/wp\/v2\/product_brand?post=210221"},{"taxonomy":"product_cat","embeddable":true,"href":"https:\/\/aromasentia.com\/no\/wp-json\/wp\/v2\/product_cat?post=210221"},{"taxonomy":"product_tag","embeddable":true,"href":"https:\/\/aromasentia.com\/no\/wp-json\/wp\/v2\/product_tag?post=210221"}],"curies":[{"name":"wp","href":"https:\/\/api.w.org\/{rel}","templated":true}]}}