{"id":210220,"date":"2025-03-20T14:37:35","date_gmt":"2025-03-20T14:37:35","guid":{"rendered":"https:\/\/aromasentia.com\/product\/macadamia-oil-50ml\/"},"modified":"2025-05-31T07:10:18","modified_gmt":"2025-05-31T07:10:18","slug":"macadamiaolje-50ml","status":"publish","type":"product","link":"https:\/\/aromasentia.com\/no\/macadamiaolje-50ml\/","title":{"rendered":"Macadamiaolje &#8211; 50ml"},"content":{"rendered":"<p><strong>Botanisk navn:<\/strong> Macadamia Integrifolia.<\/p>\n<p><strong>Opprinnelse:<\/strong> Australia<\/p>\n<p><strong>Farge og lukt:<\/strong> Macadamia-oljens farge er klar med en svak gul fargetone. Oljen er mer aromatisk enn andre n\u00f8tteoljer og er veldig s\u00f8t.<\/p>\n<p><strong>Tekstur:<\/strong>Fordi det er en tykkere olje, vil den etterlate en oljete film p\u00e5 huden.<\/p>\n<p>Macadamia-n\u00f8ttene ble f\u00f8rst oppdaget (av europeere) etter bosetningen i Australia, selv om de hadde blitt spist og bearbeidet av de australske urbefolkningen i mange \u00e5r.<br \/>Innen kosmetikk brukes oljen vanligvis i tykkere kremer fordi oljene f\u00f8les tyngre og mer luksuri\u00f8se.<br \/>Macadamia har ogs\u00e5 en viss bruk for \u00e5 blokkere solens skadelige str\u00e5ler, s\u00e5 de brukes ofte i solkremer. Oljen ligner sannsynligvis mest p\u00e5 talg, som huden produserer naturlig for \u00e5 beskytte seg selv.<\/p>\n<p>Macadamia-baseoljen v\u00e5r er hentet fra Australia og laget med kaldpresset ekstraksjonsmetode.<\/p>\n","protected":false},"excerpt":{"rendered":"<p>Botanisk navn: Macadamia Integrifolia. Opprinnelse: Australia Farge og lukt: Macadamia-oljens farge er klar med en svak gul fargetone. Oljen er mer aromatisk enn andre n\u00f8tteoljer og er veldig s\u00f8t. Tekstur:Fordi det er en tykkere olje, vil den etterlate en oljete film p\u00e5 huden. Macadamia-n\u00f8ttene ble f\u00f8rst oppdaget (av europeere) etter bosetningen i Australia, selv om [&hellip;]<\/p>\n","protected":false},"featured_media":259255,"comment_status":"closed","ping_status":"open","template":"","meta":{"_angie_page":false},"product_brand":[27096],"product_cat":[9065,10312],"product_tag":[],"class_list":{"0":"post-210220","1":"product","2":"type-product","3":"status-publish","4":"has-post-thumbnail","6":"product_brand-ancient-wisdom","7":"product_cat-aromaterapi-og-romduft","8":"product_cat-baseoljer","9":"pa_made-in-australia","10":"pa_size-50ml","12":"first","13":"outofstock","14":"purchasable","15":"product-type-simple"},"supplier_id":null,"supplier_sku":"BOa-11","barcode":null,"atum_controlled":true,"out_stock_date":"2026-04-25 15:11:50","out_stock_threshold":null,"inheritable":false,"inbound_stock":null,"stock_on_hold":0,"sold_today":0,"sales_last_days":0,"reserved_stock":null,"customer_returns":null,"warehouse_damage":null,"lost_in_post":null,"other_logs":null,"out_stock_days":0,"lost_sales":0,"has_location":null,"update_date":"2026-04-27T06:55:20","atum_locations":[],"atum_stock_status":"outofstock","restock_status":false,"low_stock_amount":"","sales_update_date":"2026-01-30T01:25:57","calc_backorders":null,"_links":{"self":[{"href":"https:\/\/aromasentia.com\/no\/wp-json\/wp\/v2\/product\/210220","targetHints":{"allow":["GET"]}}],"collection":[{"href":"https:\/\/aromasentia.com\/no\/wp-json\/wp\/v2\/product"}],"about":[{"href":"https:\/\/aromasentia.com\/no\/wp-json\/wp\/v2\/types\/product"}],"replies":[{"embeddable":true,"href":"https:\/\/aromasentia.com\/no\/wp-json\/wp\/v2\/comments?post=210220"}],"version-history":[{"count":0,"href":"https:\/\/aromasentia.com\/no\/wp-json\/wp\/v2\/product\/210220\/revisions"}],"wp:featuredmedia":[{"embeddable":true,"href":"https:\/\/aromasentia.com\/no\/wp-json\/wp\/v2\/media\/259255"}],"wp:attachment":[{"href":"https:\/\/aromasentia.com\/no\/wp-json\/wp\/v2\/media?parent=210220"}],"wp:term":[{"taxonomy":"product_brand","embeddable":true,"href":"https:\/\/aromasentia.com\/no\/wp-json\/wp\/v2\/product_brand?post=210220"},{"taxonomy":"product_cat","embeddable":true,"href":"https:\/\/aromasentia.com\/no\/wp-json\/wp\/v2\/product_cat?post=210220"},{"taxonomy":"product_tag","embeddable":true,"href":"https:\/\/aromasentia.com\/no\/wp-json\/wp\/v2\/product_tag?post=210220"}],"curies":[{"name":"wp","href":"https:\/\/api.w.org\/{rel}","templated":true}]}}