{"id":210210,"date":"2025-03-20T14:38:14","date_gmt":"2025-03-20T14:38:14","guid":{"rendered":"https:\/\/aromasentia.com\/product\/argan-oil-1-litre\/"},"modified":"2025-05-31T07:09:47","modified_gmt":"2025-05-31T07:09:47","slug":"arganolje-1-liter","status":"publish","type":"product","link":"https:\/\/aromasentia.com\/no\/arganolje-1-liter\/","title":{"rendered":"Arganolje &#8211; 1 Liter"},"content":{"rendered":"<p>V\u00e5re <strong>Arganbaseoljer<\/strong> er ideelle for \u00e5 fortynne essensielle oljer f\u00f8r de brukes p\u00e5 huden. Alle v\u00e5re baseoljer er 100 % naturlige, rene oljer.<\/p>\n<p>Arganolje antas \u00e5 v\u00e6re en av de sjeldneste oljene i verden, og er en robust, n\u00f8tteaktig olje som i stor grad lages i Marokko fra n\u00f8ttene til argantreet. Argantr\u00e6r pleide \u00e5 dekke store deler av Nord-Afrika, men de er n\u00e5 sterkt redusert i antall, derav den h\u00f8ye prisen p\u00e5 arganolje.<\/p>\n<p>N\u00f8tten er sv\u00e6rt vanskelig \u00e5 fjerne fra den robuste frukten, og n\u00f8ttene ble opprinnelig h\u00f8stet, ikke fra treet, men fra avf\u00f8ringen til geitene som klatret i tr\u00e6rne og spiste frukten. N\u00f8tten er i slekt med oliven, men har en distinkt smak; oljen brukes mest som h\u00e5r- og hudbehandling.<\/p>\n<p>Arganolje kan bli en skj\u00f8nnhetseliksir fra topp til t\u00e5. Den er full av essensielle fettsyrer, antioksidanter, vitaminer og mineraler som fremmer generell helse ved \u00e5 fukte, mykgj\u00f8re og beskytte hud og h\u00e5r mot solskader uten skadelige giftstoffer og parabener.<\/p>\n","protected":false},"excerpt":{"rendered":"<p>V\u00e5re Arganbaseoljer er ideelle for \u00e5 fortynne essensielle oljer f\u00f8r de brukes p\u00e5 huden. Alle v\u00e5re baseoljer er 100 % naturlige, rene oljer. Arganolje antas \u00e5 v\u00e6re en av de sjeldneste oljene i verden, og er en robust, n\u00f8tteaktig olje som i stor grad lages i Marokko fra n\u00f8ttene til argantreet. Argantr\u00e6r pleide \u00e5 dekke [&hellip;]<\/p>\n","protected":false},"featured_media":259667,"comment_status":"closed","ping_status":"open","template":"","meta":{"_angie_page":false},"product_brand":[27096],"product_cat":[9065,10312],"product_tag":[],"class_list":{"0":"post-210210","1":"product","2":"type-product","3":"status-publish","4":"has-post-thumbnail","6":"product_brand-ancient-wisdom","7":"product_cat-aromaterapi-og-romduft","8":"product_cat-baseoljer","9":"pa_collection-base-oils-1-litre-no","10":"pa_made-in-marokko","12":"first","13":"instock","14":"purchasable","15":"product-type-simple"},"supplier_id":null,"supplier_sku":"BOz-22","barcode":null,"atum_controlled":true,"out_stock_date":null,"out_stock_threshold":null,"inheritable":false,"inbound_stock":0,"stock_on_hold":0,"sold_today":0,"sales_last_days":0,"reserved_stock":0,"customer_returns":0,"warehouse_damage":0,"lost_in_post":0,"other_logs":0,"out_stock_days":14,"lost_sales":0,"has_location":false,"update_date":"2026-04-27T06:55:40","atum_locations":[],"atum_stock_status":"instock","restock_status":false,"low_stock_amount":"","sales_update_date":"2026-02-06T00:01:51","calc_backorders":null,"_links":{"self":[{"href":"https:\/\/aromasentia.com\/no\/wp-json\/wp\/v2\/product\/210210","targetHints":{"allow":["GET"]}}],"collection":[{"href":"https:\/\/aromasentia.com\/no\/wp-json\/wp\/v2\/product"}],"about":[{"href":"https:\/\/aromasentia.com\/no\/wp-json\/wp\/v2\/types\/product"}],"replies":[{"embeddable":true,"href":"https:\/\/aromasentia.com\/no\/wp-json\/wp\/v2\/comments?post=210210"}],"version-history":[{"count":0,"href":"https:\/\/aromasentia.com\/no\/wp-json\/wp\/v2\/product\/210210\/revisions"}],"wp:featuredmedia":[{"embeddable":true,"href":"https:\/\/aromasentia.com\/no\/wp-json\/wp\/v2\/media\/259667"}],"wp:attachment":[{"href":"https:\/\/aromasentia.com\/no\/wp-json\/wp\/v2\/media?parent=210210"}],"wp:term":[{"taxonomy":"product_brand","embeddable":true,"href":"https:\/\/aromasentia.com\/no\/wp-json\/wp\/v2\/product_brand?post=210210"},{"taxonomy":"product_cat","embeddable":true,"href":"https:\/\/aromasentia.com\/no\/wp-json\/wp\/v2\/product_cat?post=210210"},{"taxonomy":"product_tag","embeddable":true,"href":"https:\/\/aromasentia.com\/no\/wp-json\/wp\/v2\/product_tag?post=210210"}],"curies":[{"name":"wp","href":"https:\/\/api.w.org\/{rel}","templated":true}]}}