{"id":210206,"date":"2025-03-20T14:38:14","date_gmt":"2025-03-20T14:38:14","guid":{"rendered":"https:\/\/aromasentia.com\/product\/rosehip-oil-1-litre\/"},"modified":"2025-05-31T07:09:24","modified_gmt":"2025-05-31T07:09:24","slug":"nypeolje-1-liter","status":"publish","type":"product","link":"https:\/\/aromasentia.com\/no\/nypeolje-1-liter\/","title":{"rendered":"Nypeolje &#8211; 1 Liter"},"content":{"rendered":"<p>V\u00e5re<strong>roseskipbaseoljer<\/strong> er ideelle for \u00e5 fortynne essensielle oljer f\u00f8r de brukes p\u00e5 huden. Alle v\u00e5re baseoljer er 100 % naturlige, rene oljer.<\/p>\n<p>Nypeolje har mange nyttige egenskaper for huden. Den er sammentrekkende. Den sies ogs\u00e5 \u00e5 hjelpe og fremskynde hud- og vevshelging og redusere synligheten av arr og rynker.<\/p>\n<p><\/p>\n","protected":false},"excerpt":{"rendered":"<p>V\u00e5reroseskipbaseoljer er ideelle for \u00e5 fortynne essensielle oljer f\u00f8r de brukes p\u00e5 huden. Alle v\u00e5re baseoljer er 100 % naturlige, rene oljer. Nypeolje har mange nyttige egenskaper for huden. Den er sammentrekkende. Den sies ogs\u00e5 \u00e5 hjelpe og fremskynde hud- og vevshelging og redusere synligheten av arr og rynker.<\/p>\n","protected":false},"featured_media":259631,"comment_status":"closed","ping_status":"open","template":"","meta":{"_angie_page":false},"product_brand":[27096],"product_cat":[9065,10312,25843,26491,26827],"product_tag":[],"class_list":{"0":"post-210206","1":"product","2":"type-product","3":"status-publish","4":"has-post-thumbnail","6":"product_brand-ancient-wisdom","7":"product_cat-aromaterapi-og-romduft","8":"product_cat-baseoljer","9":"product_cat-dufter-aromaer","10":"product_cat-hyben","11":"product_cat-jordlig-gronn","12":"pa_collection-base-oils-1-litre-no","13":"pa_made-in-italia","15":"first","16":"instock","17":"purchasable","18":"product-type-simple"},"supplier_id":null,"supplier_sku":"BOz-18","barcode":null,"atum_controlled":true,"out_stock_date":null,"out_stock_threshold":null,"inheritable":false,"inbound_stock":null,"stock_on_hold":0,"sold_today":0,"sales_last_days":0,"reserved_stock":null,"customer_returns":null,"warehouse_damage":null,"lost_in_post":null,"other_logs":null,"out_stock_days":0,"lost_sales":0,"has_location":null,"update_date":"2026-04-27T06:55:31","atum_locations":[],"atum_stock_status":"instock","restock_status":false,"low_stock_amount":"","sales_update_date":"2026-01-30T01:25:50","calc_backorders":null,"_links":{"self":[{"href":"https:\/\/aromasentia.com\/no\/wp-json\/wp\/v2\/product\/210206","targetHints":{"allow":["GET"]}}],"collection":[{"href":"https:\/\/aromasentia.com\/no\/wp-json\/wp\/v2\/product"}],"about":[{"href":"https:\/\/aromasentia.com\/no\/wp-json\/wp\/v2\/types\/product"}],"replies":[{"embeddable":true,"href":"https:\/\/aromasentia.com\/no\/wp-json\/wp\/v2\/comments?post=210206"}],"version-history":[{"count":0,"href":"https:\/\/aromasentia.com\/no\/wp-json\/wp\/v2\/product\/210206\/revisions"}],"wp:featuredmedia":[{"embeddable":true,"href":"https:\/\/aromasentia.com\/no\/wp-json\/wp\/v2\/media\/259631"}],"wp:attachment":[{"href":"https:\/\/aromasentia.com\/no\/wp-json\/wp\/v2\/media?parent=210206"}],"wp:term":[{"taxonomy":"product_brand","embeddable":true,"href":"https:\/\/aromasentia.com\/no\/wp-json\/wp\/v2\/product_brand?post=210206"},{"taxonomy":"product_cat","embeddable":true,"href":"https:\/\/aromasentia.com\/no\/wp-json\/wp\/v2\/product_cat?post=210206"},{"taxonomy":"product_tag","embeddable":true,"href":"https:\/\/aromasentia.com\/no\/wp-json\/wp\/v2\/product_tag?post=210206"}],"curies":[{"name":"wp","href":"https:\/\/api.w.org\/{rel}","templated":true}]}}