{"id":210203,"date":"2025-03-20T14:38:14","date_gmt":"2025-03-20T14:38:14","guid":{"rendered":"https:\/\/aromasentia.com\/product\/calendula-oil-1-litre\/"},"modified":"2025-05-31T07:09:14","modified_gmt":"2025-05-31T07:09:14","slug":"ringblomstolje-1-liter","status":"publish","type":"product","link":"https:\/\/aromasentia.com\/no\/ringblomstolje-1-liter\/","title":{"rendered":"Ringblomstolje &#8211; 1 Liter"},"content":{"rendered":"<p>V\u00e5re <strong>calendula-baseoljer<\/strong> er ideelle for \u00e5 fortynne essensielle oljer f\u00f8r de brukes p\u00e5 huden. Alle v\u00e5re baseoljer er 100 % naturlige, rene oljer.<\/p>\n<p>Selve oljen er ganske allsidig. Den kan brukes til \u00e5 behandle hudplager, og har dessuten antiinflammatoriske og antibakterielle egenskaper. Calendula-olje er mye brukt i kosmetikkindustrien av grunnene ovenfor, i tillegg til \u00e5 v\u00e6re et sammentrekkende middel og oppstrammende middel for huden.<\/p>\n","protected":false},"excerpt":{"rendered":"<p>V\u00e5re calendula-baseoljer er ideelle for \u00e5 fortynne essensielle oljer f\u00f8r de brukes p\u00e5 huden. Alle v\u00e5re baseoljer er 100 % naturlige, rene oljer. Selve oljen er ganske allsidig. Den kan brukes til \u00e5 behandle hudplager, og har dessuten antiinflammatoriske og antibakterielle egenskaper. Calendula-olje er mye brukt i kosmetikkindustrien av grunnene ovenfor, i tillegg til \u00e5 [&hellip;]<\/p>\n","protected":false},"featured_media":259604,"comment_status":"closed","ping_status":"open","template":"","meta":{"_angie_page":false},"product_brand":[27096],"product_cat":[9065,10312],"product_tag":[],"class_list":{"0":"post-210203","1":"product","2":"type-product","3":"status-publish","4":"has-post-thumbnail","6":"product_brand-ancient-wisdom","7":"product_cat-aromaterapi-og-romduft","8":"product_cat-baseoljer","9":"pa_collection-base-oils-1-litre-no","10":"pa_made-in-polen","12":"first","13":"instock","14":"purchasable","15":"product-type-simple"},"supplier_id":null,"supplier_sku":"BOz-15","barcode":null,"atum_controlled":true,"out_stock_date":null,"out_stock_threshold":null,"inheritable":false,"inbound_stock":null,"stock_on_hold":0,"sold_today":0,"sales_last_days":0,"reserved_stock":null,"customer_returns":null,"warehouse_damage":null,"lost_in_post":null,"other_logs":null,"out_stock_days":0,"lost_sales":0,"has_location":null,"update_date":"2026-04-27T06:55:31","atum_locations":[],"atum_stock_status":"instock","restock_status":false,"low_stock_amount":"","sales_update_date":"2025-10-09T03:26:54","calc_backorders":null,"_links":{"self":[{"href":"https:\/\/aromasentia.com\/no\/wp-json\/wp\/v2\/product\/210203","targetHints":{"allow":["GET"]}}],"collection":[{"href":"https:\/\/aromasentia.com\/no\/wp-json\/wp\/v2\/product"}],"about":[{"href":"https:\/\/aromasentia.com\/no\/wp-json\/wp\/v2\/types\/product"}],"replies":[{"embeddable":true,"href":"https:\/\/aromasentia.com\/no\/wp-json\/wp\/v2\/comments?post=210203"}],"version-history":[{"count":0,"href":"https:\/\/aromasentia.com\/no\/wp-json\/wp\/v2\/product\/210203\/revisions"}],"wp:featuredmedia":[{"embeddable":true,"href":"https:\/\/aromasentia.com\/no\/wp-json\/wp\/v2\/media\/259604"}],"wp:attachment":[{"href":"https:\/\/aromasentia.com\/no\/wp-json\/wp\/v2\/media?parent=210203"}],"wp:term":[{"taxonomy":"product_brand","embeddable":true,"href":"https:\/\/aromasentia.com\/no\/wp-json\/wp\/v2\/product_brand?post=210203"},{"taxonomy":"product_cat","embeddable":true,"href":"https:\/\/aromasentia.com\/no\/wp-json\/wp\/v2\/product_cat?post=210203"},{"taxonomy":"product_tag","embeddable":true,"href":"https:\/\/aromasentia.com\/no\/wp-json\/wp\/v2\/product_tag?post=210203"}],"curies":[{"name":"wp","href":"https:\/\/api.w.org\/{rel}","templated":true}]}}