{"id":210199,"date":"2025-03-20T14:38:14","date_gmt":"2025-03-20T14:38:14","guid":{"rendered":"https:\/\/aromasentia.com\/product\/evening-primrose-1-litre\/"},"modified":"2025-05-31T07:09:03","modified_gmt":"2025-05-31T07:09:03","slug":"evening-primrose-1-liter","status":"publish","type":"product","link":"https:\/\/aromasentia.com\/no\/evening-primrose-1-liter\/","title":{"rendered":"Evening Primrose 1 Liter"},"content":{"rendered":"<p>V\u00e5re **kveldslysolje** er ideelle for \u00e5 fortynne essensielle oljer f\u00f8r bruk p\u00e5 huden. Alle baseoljene v\u00e5re er 100 % naturlige, rene oljer.<\/p>\n<p>Vanlig nattlysolje, noen ganger kjent som kveldsstjerne, er en to\u00e5rig plante som er vanlig i Nord-Amerika og andre tempererte land. Planten kalles nattlysolje fordi blomstene \u00e5pner seg helt om natten og lukker seg igjen om morgenen neste dag.<\/p>\n<p>Kveldslysolje sies \u00e5 ha mange egenskaper. Blant dem er en rekke positive effekter p\u00e5 huden, som \u00e5 hjelpe mot flass, eksem og psoriasis. Inntatt sies det ogs\u00e5 \u00e5 bekjempe degenerative sykdommer, hjertesykdom og kolesterol.<\/p>\n","protected":false},"excerpt":{"rendered":"<p>V\u00e5re **kveldslysolje** er ideelle for \u00e5 fortynne essensielle oljer f\u00f8r bruk p\u00e5 huden. Alle baseoljene v\u00e5re er 100 % naturlige, rene oljer. Vanlig nattlysolje, noen ganger kjent som kveldsstjerne, er en to\u00e5rig plante som er vanlig i Nord-Amerika og andre tempererte land. Planten kalles nattlysolje fordi blomstene \u00e5pner seg helt om natten og lukker seg [&hellip;]<\/p>\n","protected":false},"featured_media":259568,"comment_status":"closed","ping_status":"open","template":"","meta":{"_angie_page":false},"product_brand":[27096],"product_cat":[9065,10312,26834,25843,26366],"product_tag":[],"class_list":{"0":"post-210199","1":"product","2":"type-product","3":"status-publish","4":"has-post-thumbnail","6":"product_brand-ancient-wisdom","7":"product_cat-aromaterapi-og-romduft","8":"product_cat-baseoljer","9":"product_cat-blomster","10":"product_cat-dufter-aromaer","11":"product_cat-rose","12":"pa_collection-base-oils-1-litre-no","13":"pa_made-in-kina","15":"first","16":"instock","17":"purchasable","18":"product-type-simple"},"supplier_id":null,"supplier_sku":"BOz-10","barcode":null,"atum_controlled":true,"out_stock_date":null,"out_stock_threshold":null,"inheritable":false,"inbound_stock":null,"stock_on_hold":0,"sold_today":0,"sales_last_days":0,"reserved_stock":null,"customer_returns":null,"warehouse_damage":null,"lost_in_post":null,"other_logs":null,"out_stock_days":0,"lost_sales":0,"has_location":null,"update_date":"2026-04-27T06:55:31","atum_locations":[],"atum_stock_status":"instock","restock_status":false,"low_stock_amount":"","sales_update_date":"2026-02-06T00:01:23","calc_backorders":null,"_links":{"self":[{"href":"https:\/\/aromasentia.com\/no\/wp-json\/wp\/v2\/product\/210199","targetHints":{"allow":["GET"]}}],"collection":[{"href":"https:\/\/aromasentia.com\/no\/wp-json\/wp\/v2\/product"}],"about":[{"href":"https:\/\/aromasentia.com\/no\/wp-json\/wp\/v2\/types\/product"}],"replies":[{"embeddable":true,"href":"https:\/\/aromasentia.com\/no\/wp-json\/wp\/v2\/comments?post=210199"}],"version-history":[{"count":0,"href":"https:\/\/aromasentia.com\/no\/wp-json\/wp\/v2\/product\/210199\/revisions"}],"wp:featuredmedia":[{"embeddable":true,"href":"https:\/\/aromasentia.com\/no\/wp-json\/wp\/v2\/media\/259568"}],"wp:attachment":[{"href":"https:\/\/aromasentia.com\/no\/wp-json\/wp\/v2\/media?parent=210199"}],"wp:term":[{"taxonomy":"product_brand","embeddable":true,"href":"https:\/\/aromasentia.com\/no\/wp-json\/wp\/v2\/product_brand?post=210199"},{"taxonomy":"product_cat","embeddable":true,"href":"https:\/\/aromasentia.com\/no\/wp-json\/wp\/v2\/product_cat?post=210199"},{"taxonomy":"product_tag","embeddable":true,"href":"https:\/\/aromasentia.com\/no\/wp-json\/wp\/v2\/product_tag?post=210199"}],"curies":[{"name":"wp","href":"https:\/\/api.w.org\/{rel}","templated":true}]}}