{"id":210197,"date":"2025-03-20T14:38:14","date_gmt":"2025-03-20T14:38:14","guid":{"rendered":"https:\/\/aromasentia.com\/product\/avocado-1-litre\/"},"modified":"2025-05-31T07:08:53","modified_gmt":"2025-05-31T07:08:53","slug":"avokado-1-liter","status":"publish","type":"product","link":"https:\/\/aromasentia.com\/no\/avokado-1-liter\/","title":{"rendered":"Avokado 1 Liter"},"content":{"rendered":"<p>V\u00e5re <strong>Avokado-baseoljer<\/strong> er ideelle for \u00e5 fortynne essensielle oljer f\u00f8r de brukes p\u00e5 huden. Alle v\u00e5re baseoljer er 100 % naturlige, rene oljer.<\/p>\n<p>Avokadoen kommer opprinnelig fra Mexico, og s\u00e5 vidt vi kan se, kom den ikke til Europa f\u00f8r en gang tidlig p\u00e5 1500-tallet. Hoveddelen av avokadoavlingene i dag kommer fortsatt fra Mellom- og S\u00f8r-Amerika, og mange hundre \u00e5r med selektiv avl og forskjellige klimaer har produsert <br \/>flere forskjellige typer frukt.<\/p>\n<p>Avokadoolje er flott for huden. Den absorberes lett og hjelper mot hudplager som eksem. Den er ogs\u00e5 bra for aldrende hud, da den sies \u00e5 bidra til \u00e5 forbedre hudens elastisitet.<\/p>\n","protected":false},"excerpt":{"rendered":"<p>V\u00e5re Avokado-baseoljer er ideelle for \u00e5 fortynne essensielle oljer f\u00f8r de brukes p\u00e5 huden. Alle v\u00e5re baseoljer er 100 % naturlige, rene oljer. Avokadoen kommer opprinnelig fra Mexico, og s\u00e5 vidt vi kan se, kom den ikke til Europa f\u00f8r en gang tidlig p\u00e5 1500-tallet. Hoveddelen av avokadoavlingene i dag kommer fortsatt fra Mellom- og [&hellip;]<\/p>\n","protected":false},"featured_media":259550,"comment_status":"closed","ping_status":"open","template":"","meta":{"_angie_page":false},"product_brand":[27096],"product_cat":[9065,10312],"product_tag":[],"class_list":{"0":"post-210197","1":"product","2":"type-product","3":"status-publish","4":"has-post-thumbnail","6":"product_brand-ancient-wisdom","7":"product_cat-aromaterapi-og-romduft","8":"product_cat-baseoljer","9":"pa_collection-base-oils-1-litre-no","10":"pa_made-in-sor-afrika","12":"first","13":"instock","14":"purchasable","15":"product-type-simple"},"supplier_id":null,"supplier_sku":"BOz-08","barcode":null,"atum_controlled":true,"out_stock_date":null,"out_stock_threshold":null,"inheritable":false,"inbound_stock":null,"stock_on_hold":0,"sold_today":0,"sales_last_days":0,"reserved_stock":null,"customer_returns":null,"warehouse_damage":null,"lost_in_post":null,"other_logs":null,"out_stock_days":0,"lost_sales":0,"has_location":null,"update_date":"2026-05-04T00:02:51","atum_locations":[],"atum_stock_status":"instock","restock_status":false,"low_stock_amount":"","sales_update_date":"2025-10-09T03:26:53","calc_backorders":null,"_links":{"self":[{"href":"https:\/\/aromasentia.com\/no\/wp-json\/wp\/v2\/product\/210197","targetHints":{"allow":["GET"]}}],"collection":[{"href":"https:\/\/aromasentia.com\/no\/wp-json\/wp\/v2\/product"}],"about":[{"href":"https:\/\/aromasentia.com\/no\/wp-json\/wp\/v2\/types\/product"}],"replies":[{"embeddable":true,"href":"https:\/\/aromasentia.com\/no\/wp-json\/wp\/v2\/comments?post=210197"}],"version-history":[{"count":0,"href":"https:\/\/aromasentia.com\/no\/wp-json\/wp\/v2\/product\/210197\/revisions"}],"wp:featuredmedia":[{"embeddable":true,"href":"https:\/\/aromasentia.com\/no\/wp-json\/wp\/v2\/media\/259550"}],"wp:attachment":[{"href":"https:\/\/aromasentia.com\/no\/wp-json\/wp\/v2\/media?parent=210197"}],"wp:term":[{"taxonomy":"product_brand","embeddable":true,"href":"https:\/\/aromasentia.com\/no\/wp-json\/wp\/v2\/product_brand?post=210197"},{"taxonomy":"product_cat","embeddable":true,"href":"https:\/\/aromasentia.com\/no\/wp-json\/wp\/v2\/product_cat?post=210197"},{"taxonomy":"product_tag","embeddable":true,"href":"https:\/\/aromasentia.com\/no\/wp-json\/wp\/v2\/product_tag?post=210197"}],"curies":[{"name":"wp","href":"https:\/\/api.w.org\/{rel}","templated":true}]}}