{"id":210196,"date":"2025-03-20T14:38:14","date_gmt":"2025-03-20T14:38:14","guid":{"rendered":"https:\/\/aromasentia.com\/product\/hempseed-1-litre\/"},"modified":"2025-05-31T07:08:47","modified_gmt":"2025-05-31T07:08:47","slug":"hampfro-1-liter","status":"publish","type":"product","link":"https:\/\/aromasentia.com\/no\/hampfro-1-liter\/","title":{"rendered":"Hampfr\u00f8 1 Liter"},"content":{"rendered":"<p>V\u00e5re <strong>hampfr\u00f8baseoljer<\/strong>er ideelle for \u00e5 fortynne essensielle oljer f\u00f8r de brukes p\u00e5 huden. Alle v\u00e5re baseoljer er 100 % naturlig ren olje.<\/p>\n<p>Hamp har blitt brukt over hele verden i mange \u00e5r. Det er en veldig nyttig plante og brukes fortsatt til alt fra h\u00f8yfaste fibre, plast og drivstoff til dyrestr\u00f8, jordrensing og smykker. Den har bokstavelig talt s\u00e5 mange bruksomr\u00e5der at de ikke alle f\u00e5r plass p\u00e5 denne siden.<\/p>\n<p>Hampfr\u00f8olje i seg selv er like nyttig. I sin raffinerte form brukes den vanligvis i kosmetikk- og personlig pleieprodukter og i aromaterapi. Det er ogs\u00e5 en flott hudfuktighetskrem.<\/p>\n<p><\/p>\n","protected":false},"excerpt":{"rendered":"<p>V\u00e5re hampfr\u00f8baseoljerer ideelle for \u00e5 fortynne essensielle oljer f\u00f8r de brukes p\u00e5 huden. Alle v\u00e5re baseoljer er 100 % naturlig ren olje. Hamp har blitt brukt over hele verden i mange \u00e5r. Det er en veldig nyttig plante og brukes fortsatt til alt fra h\u00f8yfaste fibre, plast og drivstoff til dyrestr\u00f8, jordrensing og smykker. Den [&hellip;]<\/p>\n","protected":false},"featured_media":259541,"comment_status":"closed","ping_status":"open","template":"","meta":{"_angie_page":false},"product_brand":[27096],"product_cat":[9065,10312],"product_tag":[],"class_list":{"0":"post-210196","1":"product","2":"type-product","3":"status-publish","4":"has-post-thumbnail","6":"product_brand-ancient-wisdom","7":"product_cat-aromaterapi-og-romduft","8":"product_cat-baseoljer","9":"pa_collection-base-oils-1-litre-no","10":"pa_made-in-nederland","12":"first","13":"instock","14":"purchasable","15":"product-type-simple"},"supplier_id":null,"supplier_sku":"BOz-07","barcode":null,"atum_controlled":true,"out_stock_date":null,"out_stock_threshold":null,"inheritable":false,"inbound_stock":null,"stock_on_hold":0,"sold_today":0,"sales_last_days":0,"reserved_stock":null,"customer_returns":null,"warehouse_damage":null,"lost_in_post":null,"other_logs":null,"out_stock_days":0,"lost_sales":0,"has_location":null,"update_date":"2026-05-01T01:01:25","atum_locations":[],"atum_stock_status":"instock","restock_status":false,"low_stock_amount":"","sales_update_date":"2026-01-30T01:24:29","calc_backorders":null,"_links":{"self":[{"href":"https:\/\/aromasentia.com\/no\/wp-json\/wp\/v2\/product\/210196","targetHints":{"allow":["GET"]}}],"collection":[{"href":"https:\/\/aromasentia.com\/no\/wp-json\/wp\/v2\/product"}],"about":[{"href":"https:\/\/aromasentia.com\/no\/wp-json\/wp\/v2\/types\/product"}],"replies":[{"embeddable":true,"href":"https:\/\/aromasentia.com\/no\/wp-json\/wp\/v2\/comments?post=210196"}],"version-history":[{"count":0,"href":"https:\/\/aromasentia.com\/no\/wp-json\/wp\/v2\/product\/210196\/revisions"}],"wp:featuredmedia":[{"embeddable":true,"href":"https:\/\/aromasentia.com\/no\/wp-json\/wp\/v2\/media\/259541"}],"wp:attachment":[{"href":"https:\/\/aromasentia.com\/no\/wp-json\/wp\/v2\/media?parent=210196"}],"wp:term":[{"taxonomy":"product_brand","embeddable":true,"href":"https:\/\/aromasentia.com\/no\/wp-json\/wp\/v2\/product_brand?post=210196"},{"taxonomy":"product_cat","embeddable":true,"href":"https:\/\/aromasentia.com\/no\/wp-json\/wp\/v2\/product_cat?post=210196"},{"taxonomy":"product_tag","embeddable":true,"href":"https:\/\/aromasentia.com\/no\/wp-json\/wp\/v2\/product_tag?post=210196"}],"curies":[{"name":"wp","href":"https:\/\/api.w.org\/{rel}","templated":true}]}}