{"id":210194,"date":"2025-03-20T14:38:14","date_gmt":"2025-03-20T14:38:14","guid":{"rendered":"https:\/\/aromasentia.com\/product\/apricot-kernel-1-litre\/"},"modified":"2025-05-31T07:08:40","modified_gmt":"2025-05-31T07:08:40","slug":"aprikoskjerne-1-liter","status":"publish","type":"product","link":"https:\/\/aromasentia.com\/no\/aprikoskjerne-1-liter\/","title":{"rendered":"Aprikoskjerne 1 Liter"},"content":{"rendered":"<p>V\u00e5re <strong>Aprikoskjernebaseoljer<\/strong> er ideelle for \u00e5 fortynne essensielle oljer f\u00f8r du bruker dem p\u00e5 huden. Alle v\u00e5re baseoljer er 100 % naturlige, rene oljer.<\/p>\n<p>Fersken har blitt nytt over hele verden i tusenvis av \u00e5r som en smakfull frukt. De ble introdusert til Europa av romerne etter deres milit\u00e6re kampanjer i Persia (n\u00e5 Iran).<\/p>\n<p>Selve oljen er kaldpresset fra kjernen eller fr\u00f8et i midten av frukten. Den sies \u00e5 v\u00e6re veldig bra for huden og gi lindring for kl\u00f8e og eksem. Den er ogs\u00e5 veldig bra for aldrende hud og en god olje for massasje.<\/p>\n<p>Aprikoskjernebaseolje er hentet fra Spania og laget med kaldpresset ekstraksjonsmetode.<\/p>\n","protected":false},"excerpt":{"rendered":"<p>V\u00e5re Aprikoskjernebaseoljer er ideelle for \u00e5 fortynne essensielle oljer f\u00f8r du bruker dem p\u00e5 huden. Alle v\u00e5re baseoljer er 100 % naturlige, rene oljer. Fersken har blitt nytt over hele verden i tusenvis av \u00e5r som en smakfull frukt. De ble introdusert til Europa av romerne etter deres milit\u00e6re kampanjer i Persia (n\u00e5 Iran). Selve [&hellip;]<\/p>\n","protected":false},"featured_media":642298,"comment_status":"closed","ping_status":"open","template":"","meta":{"_angie_page":false},"product_brand":[27096],"product_cat":[9065,10312],"product_tag":[],"class_list":{"0":"post-210194","1":"product","2":"type-product","3":"status-publish","4":"has-post-thumbnail","6":"product_brand-ancient-wisdom","7":"product_cat-aromaterapi-og-romduft","8":"product_cat-baseoljer","9":"pa_collection-base-oils-1-litre-no","10":"pa_made-in-spania","12":"first","13":"instock","14":"purchasable","15":"product-type-simple"},"supplier_id":null,"supplier_sku":"BOz-05","barcode":null,"atum_controlled":true,"out_stock_date":null,"out_stock_threshold":null,"inheritable":false,"inbound_stock":0,"stock_on_hold":0,"sold_today":0,"sales_last_days":0,"reserved_stock":0,"customer_returns":0,"warehouse_damage":0,"lost_in_post":0,"other_logs":0,"out_stock_days":0,"lost_sales":0,"has_location":false,"update_date":"2026-04-27T19:09:48","atum_locations":[],"atum_stock_status":"instock","restock_status":false,"low_stock_amount":"","sales_update_date":"2025-10-09T03:26:50","calc_backorders":null,"_links":{"self":[{"href":"https:\/\/aromasentia.com\/no\/wp-json\/wp\/v2\/product\/210194","targetHints":{"allow":["GET"]}}],"collection":[{"href":"https:\/\/aromasentia.com\/no\/wp-json\/wp\/v2\/product"}],"about":[{"href":"https:\/\/aromasentia.com\/no\/wp-json\/wp\/v2\/types\/product"}],"replies":[{"embeddable":true,"href":"https:\/\/aromasentia.com\/no\/wp-json\/wp\/v2\/comments?post=210194"}],"version-history":[{"count":0,"href":"https:\/\/aromasentia.com\/no\/wp-json\/wp\/v2\/product\/210194\/revisions"}],"wp:featuredmedia":[{"embeddable":true,"href":"https:\/\/aromasentia.com\/no\/wp-json\/wp\/v2\/media\/642298"}],"wp:attachment":[{"href":"https:\/\/aromasentia.com\/no\/wp-json\/wp\/v2\/media?parent=210194"}],"wp:term":[{"taxonomy":"product_brand","embeddable":true,"href":"https:\/\/aromasentia.com\/no\/wp-json\/wp\/v2\/product_brand?post=210194"},{"taxonomy":"product_cat","embeddable":true,"href":"https:\/\/aromasentia.com\/no\/wp-json\/wp\/v2\/product_cat?post=210194"},{"taxonomy":"product_tag","embeddable":true,"href":"https:\/\/aromasentia.com\/no\/wp-json\/wp\/v2\/product_tag?post=210194"}],"curies":[{"name":"wp","href":"https:\/\/api.w.org\/{rel}","templated":true}]}}