{"id":210188,"date":"2025-03-20T14:38:14","date_gmt":"2025-03-20T14:38:14","guid":{"rendered":"https:\/\/aromasentia.com\/product\/mango-aromathrapy-box-floral-holds-241\/"},"modified":"2025-05-31T07:08:18","modified_gmt":"2025-05-31T07:08:18","slug":"eteriske-oljer-boks-mangotre-floral-inneholder-241","status":"publish","type":"product","link":"https:\/\/aromasentia.com\/no\/eteriske-oljer-boks-mangotre-floral-inneholder-241\/","title":{"rendered":"Eteriske Oljer Boks Mangotre &#8211; Floral (Inneholder 24+1)"},"content":{"rendered":"<p><strong>Aromaterapi blomsterutsk\u00e5ret eske, rommer 24+1 (10 ml flasker)<\/strong> <\/p>\n<p>Disse eskene er laget av mangotre og er utsmykket med h\u00e5ndsk\u00e5rne design. Disse pene eskene vil se vakre ut p\u00e5 soverommet eller i garderoben, eller egentlig ethvert rom.<\/p>\n<p>De er designet av <strong>Aroma Sentia-ping<\/strong> for \u00e5 passe perfekt til 10 ml flasker med essensielle oljer, blandinger av essensielle oljer eller duftoljer.<\/p>\n<p>Flott for \u00e5 lage dine egne essensielle oljesett eller gavesett<\/p>\n<p>V\u00e6r oppmerksom p\u00e5 at designene til disse eskene kan variere p\u00e5 grunn av den h\u00e5ndlagde naturen.<\/p>\n<p>Merk at disse eskene vil romme en kombinasjon av 10 ml flasker med en maksimal h\u00f8yde p\u00e5 65 mm og en omtrentlig diameter p\u00e5 25 mm.<\/p>\n<p><strong>Penger vokser ikke p\u00e5 tr\u00e6r, men eskene v\u00e5re og mange av oljene v\u00e5re gj\u00f8r det, s\u00e5 g\u00e5 og kj\u00f8p noen<\/strong>?<\/p>\n","protected":false},"excerpt":{"rendered":"<p>Aromaterapi blomsterutsk\u00e5ret eske, rommer 24+1 (10 ml flasker) Disse eskene er laget av mangotre og er utsmykket med h\u00e5ndsk\u00e5rne design. Disse pene eskene vil se vakre ut p\u00e5 soverommet eller i garderoben, eller egentlig ethvert rom. De er designet av Aroma Sentia-ping for \u00e5 passe perfekt til 10 ml flasker med essensielle oljer, blandinger av [&hellip;]<\/p>\n","protected":false},"featured_media":259477,"comment_status":"closed","ping_status":"open","template":"","meta":[],"product_brand":[],"product_cat":[8386,8385],"product_tag":[],"class_list":{"0":"post-210188","1":"product","2":"type-product","3":"status-publish","4":"has-post-thumbnail","6":"product_cat-gave-bokser-og-gaveoppbevaring","7":"product_cat-gaveinnpakning","8":"pa_collection-aromatherapy-boxes-no","9":"pa_made-in-india","11":"first","12":"instock","13":"purchasable","14":"product-type-simple"},"supplier_id":null,"supplier_sku":"Abox-06","barcode":null,"atum_controlled":true,"out_stock_date":null,"out_stock_threshold":null,"inheritable":false,"inbound_stock":null,"stock_on_hold":0,"sold_today":0,"sales_last_days":0,"reserved_stock":null,"customer_returns":null,"warehouse_damage":null,"lost_in_post":null,"other_logs":null,"out_stock_days":0,"lost_sales":0,"has_location":null,"update_date":"2026-02-10T11:24:10","atum_locations":[],"atum_stock_status":"instock","restock_status":false,"low_stock_amount":"","sales_update_date":"2026-01-20T05:13:18","calc_backorders":null,"_links":{"self":[{"href":"https:\/\/aromasentia.com\/no\/wp-json\/wp\/v2\/product\/210188","targetHints":{"allow":["GET"]}}],"collection":[{"href":"https:\/\/aromasentia.com\/no\/wp-json\/wp\/v2\/product"}],"about":[{"href":"https:\/\/aromasentia.com\/no\/wp-json\/wp\/v2\/types\/product"}],"replies":[{"embeddable":true,"href":"https:\/\/aromasentia.com\/no\/wp-json\/wp\/v2\/comments?post=210188"}],"version-history":[{"count":0,"href":"https:\/\/aromasentia.com\/no\/wp-json\/wp\/v2\/product\/210188\/revisions"}],"wp:featuredmedia":[{"embeddable":true,"href":"https:\/\/aromasentia.com\/no\/wp-json\/wp\/v2\/media\/259477"}],"wp:attachment":[{"href":"https:\/\/aromasentia.com\/no\/wp-json\/wp\/v2\/media?parent=210188"}],"wp:term":[{"taxonomy":"product_brand","embeddable":true,"href":"https:\/\/aromasentia.com\/no\/wp-json\/wp\/v2\/product_brand?post=210188"},{"taxonomy":"product_cat","embeddable":true,"href":"https:\/\/aromasentia.com\/no\/wp-json\/wp\/v2\/product_cat?post=210188"},{"taxonomy":"product_tag","embeddable":true,"href":"https:\/\/aromasentia.com\/no\/wp-json\/wp\/v2\/product_tag?post=210188"}],"curies":[{"name":"wp","href":"https:\/\/api.w.org\/{rel}","templated":true}]}}