{"id":210176,"date":"2025-03-20T14:38:52","date_gmt":"2025-03-20T14:38:52","guid":{"rendered":"https:\/\/aromasentia.com\/product\/10ml-aromatherapy-car-blend-family-trip\/"},"modified":"2025-05-31T07:07:29","modified_gmt":"2025-05-31T07:07:29","slug":"eterisk-olje-for-bil-family-trip-10ml","status":"publish","type":"product","link":"https:\/\/aromasentia.com\/no\/eterisk-olje-for-bil-family-trip-10ml\/","title":{"rendered":"Eterisk Olje For Bil &#8211; Family Trip 10ml"},"content":{"rendered":"<p>Vi kj\u00f8rer til jobb, til skolen, p\u00e5 ferie og havner ogs\u00e5 i trafikkork. Med hverdagskj\u00f8ring kan vi bli litt hissige p\u00e5 veien, eller trenge litt oppmuntring p\u00e5 lange bilturer som strekker seg til langt p\u00e5 natt, eller vi har en tendens til \u00e5 bli litt bilsyke.<\/p>\n<p>Imidlertid kan noen f\u00e5 dr\u00e5per eterisk olje v\u00e6re alt du trenger for \u00e5 forvandle bilen din til en rolig oase og gj\u00f8re tiden bak rattet mer om reisen, ikke bare destinasjonen.<\/p>\n<p>Du tenker kanskje p\u00e5 aromaterapioljer som noe du kan nyte i komforten av ditt eget hjem eller under en spabehandling, men med litt omsorg og kunnskap kan denne eldgamle kunsten ogs\u00e5 brukes til \u00e5 forbedre kj\u00f8reopplevelsen din og gj\u00f8re turen lykkeligere, sunnere og tryggere.<\/p>\n","protected":false},"excerpt":{"rendered":"<p>Vi kj\u00f8rer til jobb, til skolen, p\u00e5 ferie og havner ogs\u00e5 i trafikkork. Med hverdagskj\u00f8ring kan vi bli litt hissige p\u00e5 veien, eller trenge litt oppmuntring p\u00e5 lange bilturer som strekker seg til langt p\u00e5 natt, eller vi har en tendens til \u00e5 bli litt bilsyke. Imidlertid kan noen f\u00e5 dr\u00e5per eterisk olje v\u00e6re alt [&hellip;]<\/p>\n","protected":false},"featured_media":259817,"comment_status":"closed","ping_status":"open","template":"","meta":[],"product_brand":[],"product_cat":[9065,11154,26651,10236],"product_tag":[],"class_list":{"0":"post-210176","1":"product","2":"type-product","3":"status-publish","4":"has-post-thumbnail","6":"product_cat-aromaterapi-og-romduft","7":"product_cat-bil-duft","8":"product_cat-eteriske-oljeblandinger","9":"product_cat-eteriske-oljer","10":"pa_collection-aromatherapy-blends-for-car-diffusers-no","11":"pa_made-in-usa","12":"pa_size-10ml","14":"first","15":"instock","16":"purchasable","17":"product-type-simple"},"supplier_id":null,"supplier_sku":"CarEO-02","barcode":null,"atum_controlled":true,"out_stock_date":null,"out_stock_threshold":null,"inheritable":false,"inbound_stock":null,"stock_on_hold":0,"sold_today":0,"sales_last_days":0,"reserved_stock":null,"customer_returns":null,"warehouse_damage":null,"lost_in_post":null,"other_logs":null,"out_stock_days":0,"lost_sales":0,"has_location":null,"update_date":"2026-02-10T13:00:22","atum_locations":[],"atum_stock_status":"instock","restock_status":false,"low_stock_amount":"","sales_update_date":"2025-10-09T03:27:14","calc_backorders":null,"_links":{"self":[{"href":"https:\/\/aromasentia.com\/no\/wp-json\/wp\/v2\/product\/210176","targetHints":{"allow":["GET"]}}],"collection":[{"href":"https:\/\/aromasentia.com\/no\/wp-json\/wp\/v2\/product"}],"about":[{"href":"https:\/\/aromasentia.com\/no\/wp-json\/wp\/v2\/types\/product"}],"replies":[{"embeddable":true,"href":"https:\/\/aromasentia.com\/no\/wp-json\/wp\/v2\/comments?post=210176"}],"version-history":[{"count":0,"href":"https:\/\/aromasentia.com\/no\/wp-json\/wp\/v2\/product\/210176\/revisions"}],"wp:featuredmedia":[{"embeddable":true,"href":"https:\/\/aromasentia.com\/no\/wp-json\/wp\/v2\/media\/259817"}],"wp:attachment":[{"href":"https:\/\/aromasentia.com\/no\/wp-json\/wp\/v2\/media?parent=210176"}],"wp:term":[{"taxonomy":"product_brand","embeddable":true,"href":"https:\/\/aromasentia.com\/no\/wp-json\/wp\/v2\/product_brand?post=210176"},{"taxonomy":"product_cat","embeddable":true,"href":"https:\/\/aromasentia.com\/no\/wp-json\/wp\/v2\/product_cat?post=210176"},{"taxonomy":"product_tag","embeddable":true,"href":"https:\/\/aromasentia.com\/no\/wp-json\/wp\/v2\/product_tag?post=210176"}],"curies":[{"name":"wp","href":"https:\/\/api.w.org\/{rel}","templated":true}]}}