{"id":210172,"date":"2025-03-20T14:38:52","date_gmt":"2025-03-20T14:38:52","guid":{"rendered":"https:\/\/aromasentia.com\/product\/black-cumin-oil-1-litre\/"},"modified":"2025-05-31T07:07:14","modified_gmt":"2025-05-31T07:07:14","slug":"black-cumin-oil-1-litre","status":"publish","type":"product","link":"https:\/\/aromasentia.com\/no\/black-cumin-oil-1-litre\/","title":{"rendered":"Black Cumin Oil 1 Litre"},"content":{"rendered":"<p>Oppdag de sterke fordelene med svart spisskummenolje, tilgjengelig i en 1-liters beholder. Svartkumminolje, ogs\u00e5 kjent som Nigella Sativa-olje, har i \u00e5rhundrer v\u00e6rt verdsatt for sine kraftige antiinflammatoriske, antibakterielle og antioksidantegenskaper. Den er rik p\u00e5 tymokinon, og er utmerket til \u00e5 lindre hudproblemer, redusere r\u00f8dhet og st\u00f8tte den generelle hudhelsen. Den kan ogs\u00e5 v\u00e6re gunstig for luftveiene og styrke immunforsvaret n\u00e5r den brukes p\u00e5 riktig m\u00e5te. En virkelig bemerkelsesverdig olje for terapeutisk bruk og for \u00e5 fremme holistisk velv\u00e6re.<\/p>\n","protected":false},"excerpt":{"rendered":"<p>Oppdag de sterke fordelene med svart spisskummenolje, tilgjengelig i en 1-liters beholder. Svartkumminolje, ogs\u00e5 kjent som Nigella Sativa-olje, har i \u00e5rhundrer v\u00e6rt verdsatt for sine kraftige antiinflammatoriske, antibakterielle og antioksidantegenskaper. Den er rik p\u00e5 tymokinon, og er utmerket til \u00e5 lindre hudproblemer, redusere r\u00f8dhet og st\u00f8tte den generelle hudhelsen. Den kan ogs\u00e5 v\u00e6re gunstig for [&hellip;]<\/p>\n","protected":false},"featured_media":259757,"comment_status":"closed","ping_status":"open","template":"","meta":{"_angie_page":false},"product_brand":[27096],"product_cat":[9065,10312,25843,26890,26164],"product_tag":[],"class_list":{"0":"post-210172","1":"product","2":"type-product","3":"status-publish","4":"has-post-thumbnail","6":"product_brand-ancient-wisdom","7":"product_cat-aromaterapi-og-romduft","8":"product_cat-baseoljer","9":"product_cat-dufter-aromaer","10":"product_cat-krydret","11":"product_cat-spisskummenfro","12":"pa_collection-base-oils-1-litre-no","14":"first","15":"instock","16":"purchasable","17":"product-type-simple"},"supplier_id":null,"supplier_sku":"BOZ-28","barcode":null,"atum_controlled":true,"out_stock_date":null,"out_stock_threshold":null,"inheritable":false,"inbound_stock":0,"stock_on_hold":0,"sold_today":0,"sales_last_days":0,"reserved_stock":0,"customer_returns":0,"warehouse_damage":0,"lost_in_post":0,"other_logs":0,"out_stock_days":0,"lost_sales":0,"has_location":false,"update_date":"2026-04-27T06:55:40","atum_locations":[],"atum_stock_status":"instock","restock_status":false,"low_stock_amount":"","sales_update_date":"2026-01-30T01:25:23","calc_backorders":null,"_links":{"self":[{"href":"https:\/\/aromasentia.com\/no\/wp-json\/wp\/v2\/product\/210172","targetHints":{"allow":["GET"]}}],"collection":[{"href":"https:\/\/aromasentia.com\/no\/wp-json\/wp\/v2\/product"}],"about":[{"href":"https:\/\/aromasentia.com\/no\/wp-json\/wp\/v2\/types\/product"}],"replies":[{"embeddable":true,"href":"https:\/\/aromasentia.com\/no\/wp-json\/wp\/v2\/comments?post=210172"}],"version-history":[{"count":0,"href":"https:\/\/aromasentia.com\/no\/wp-json\/wp\/v2\/product\/210172\/revisions"}],"wp:featuredmedia":[{"embeddable":true,"href":"https:\/\/aromasentia.com\/no\/wp-json\/wp\/v2\/media\/259757"}],"wp:attachment":[{"href":"https:\/\/aromasentia.com\/no\/wp-json\/wp\/v2\/media?parent=210172"}],"wp:term":[{"taxonomy":"product_brand","embeddable":true,"href":"https:\/\/aromasentia.com\/no\/wp-json\/wp\/v2\/product_brand?post=210172"},{"taxonomy":"product_cat","embeddable":true,"href":"https:\/\/aromasentia.com\/no\/wp-json\/wp\/v2\/product_cat?post=210172"},{"taxonomy":"product_tag","embeddable":true,"href":"https:\/\/aromasentia.com\/no\/wp-json\/wp\/v2\/product_tag?post=210172"}],"curies":[{"name":"wp","href":"https:\/\/api.w.org\/{rel}","templated":true}]}}