{"id":210165,"date":"2025-03-20T14:38:52","date_gmt":"2025-03-20T14:38:52","guid":{"rendered":"https:\/\/aromasentia.com\/product\/watermelon-seed-oil-1-litre\/"},"modified":"2025-05-31T07:06:23","modified_gmt":"2025-05-31T07:06:23","slug":"watermelon-seed-oil-1-litre","status":"publish","type":"product","link":"https:\/\/aromasentia.com\/no\/watermelon-seed-oil-1-litre\/","title":{"rendered":"Watermelon Seed Oil 1 Litre"},"content":{"rendered":"<p>Gi fuktighet og klarhet med v\u00e5r lette Watermelon Seed Oil i en sjener\u00f8s 1-liters flaske. Denne oljen er kaldpresset fra vannmelonfr\u00f8 og er eksepsjonelt fin og absorberes lett, noe som gj\u00f8r den perfekt for fet eller akneutsatt hud, siden den ikke tetter igjen porene. Den er rik p\u00e5 linolsyre og viktige n\u00e6ringsstoffer, og bidrar til \u00e5 l\u00f8se opp overfl\u00f8dig talg, avgifte og fukte huden, slik at den f\u00f8les balansert, myk og herlig oppfrisket. Et utmerket valg for ansiktspleie, kroppsfuktighet eller som en lett b\u00e6reolje i aromaterapiblandinger.<\/p>\n","protected":false},"excerpt":{"rendered":"<p>Gi fuktighet og klarhet med v\u00e5r lette Watermelon Seed Oil i en sjener\u00f8s 1-liters flaske. Denne oljen er kaldpresset fra vannmelonfr\u00f8 og er eksepsjonelt fin og absorberes lett, noe som gj\u00f8r den perfekt for fet eller akneutsatt hud, siden den ikke tetter igjen porene. Den er rik p\u00e5 linolsyre og viktige n\u00e6ringsstoffer, og bidrar til [&hellip;]<\/p>\n","protected":false},"featured_media":259694,"comment_status":"closed","ping_status":"open","template":"","meta":{"_angie_page":false},"product_brand":[27096],"product_cat":[9065,10312,25843,26848,26492],"product_tag":[],"class_list":{"0":"post-210165","1":"product","2":"type-product","3":"status-publish","4":"has-post-thumbnail","6":"product_brand-ancient-wisdom","7":"product_cat-aromaterapi-og-romduft","8":"product_cat-baseoljer","9":"product_cat-dufter-aromaer","10":"product_cat-fruktig","11":"product_cat-vannmelon","12":"pa_collection-base-oils-1-litre-no","13":"pa_made-in-sor-afrika","15":"first","16":"instock","17":"purchasable","18":"product-type-simple"},"supplier_id":null,"supplier_sku":"BOZ-34","barcode":null,"atum_controlled":true,"out_stock_date":null,"out_stock_threshold":null,"inheritable":false,"inbound_stock":0,"stock_on_hold":0,"sold_today":0,"sales_last_days":0,"reserved_stock":0,"customer_returns":0,"warehouse_damage":0,"lost_in_post":0,"other_logs":0,"out_stock_days":0,"lost_sales":0,"has_location":false,"update_date":"2026-04-27T06:55:40","atum_locations":[],"atum_stock_status":"instock","restock_status":false,"low_stock_amount":"","sales_update_date":"2026-01-30T01:26:19","calc_backorders":null,"_links":{"self":[{"href":"https:\/\/aromasentia.com\/no\/wp-json\/wp\/v2\/product\/210165","targetHints":{"allow":["GET"]}}],"collection":[{"href":"https:\/\/aromasentia.com\/no\/wp-json\/wp\/v2\/product"}],"about":[{"href":"https:\/\/aromasentia.com\/no\/wp-json\/wp\/v2\/types\/product"}],"replies":[{"embeddable":true,"href":"https:\/\/aromasentia.com\/no\/wp-json\/wp\/v2\/comments?post=210165"}],"version-history":[{"count":0,"href":"https:\/\/aromasentia.com\/no\/wp-json\/wp\/v2\/product\/210165\/revisions"}],"wp:featuredmedia":[{"embeddable":true,"href":"https:\/\/aromasentia.com\/no\/wp-json\/wp\/v2\/media\/259694"}],"wp:attachment":[{"href":"https:\/\/aromasentia.com\/no\/wp-json\/wp\/v2\/media?parent=210165"}],"wp:term":[{"taxonomy":"product_brand","embeddable":true,"href":"https:\/\/aromasentia.com\/no\/wp-json\/wp\/v2\/product_brand?post=210165"},{"taxonomy":"product_cat","embeddable":true,"href":"https:\/\/aromasentia.com\/no\/wp-json\/wp\/v2\/product_cat?post=210165"},{"taxonomy":"product_tag","embeddable":true,"href":"https:\/\/aromasentia.com\/no\/wp-json\/wp\/v2\/product_tag?post=210165"}],"curies":[{"name":"wp","href":"https:\/\/api.w.org\/{rel}","templated":true}]}}