{"id":210155,"date":"2025-03-20T14:39:52","date_gmt":"2025-03-20T14:39:52","guid":{"rendered":"https:\/\/aromasentia.com\/product\/ceramic-metal-round-stand\/"},"modified":"2025-05-31T07:05:50","modified_gmt":"2025-05-31T07:05:50","slug":"rundt-stativ-i-keramikk-og-metall","status":"publish","type":"product","link":"https:\/\/aromasentia.com\/no\/rundt-stativ-i-keramikk-og-metall\/","title":{"rendered":"Rundt Stativ I Keramikk Og Metall"},"content":{"rendered":"<p><span style=\"color: rgb(75, 80, 88);\">Hver av disse oljebrennerne fungerer ikke bare som et funksjonelt verkt\u00f8y for \u00e5 spre dine favoritt essensielle oljer, men fungerer ogs\u00e5 som et fengslende kunstverk som forbedrer atmosf\u00e6ren i boarealet ditt.<\/span><\/p>\n<p><span style=\"color: rgb(75, 80, 88);\">En rund stativoljebrenner med en harmonisk blanding av keramikk og metall, som utstr\u00e5ler en tidl\u00f8s sjarm i ethvert milj\u00f8.<\/span><\/p>\n<p><span style=\"color: rgb(184, 49, 47);\"><strong>Plasser alltid oljebrenneren p\u00e5 en varmebestandig matte. S\u00f8rg for at det er tilstrekkelig med vann i beholderen over brenneren. Bruk telys av god kvalitet. La aldri v\u00e6re uten tilsyn n\u00e5r den er tent, og hold den unna gardiner. Hvis flammen blir farlig, kan den slukkes med en fuktig klut. Oppbevares utilgjengelig for barn.<\/strong><\/span><\/p>\n","protected":false},"excerpt":{"rendered":"<p>Hver av disse oljebrennerne fungerer ikke bare som et funksjonelt verkt\u00f8y for \u00e5 spre dine favoritt essensielle oljer, men fungerer ogs\u00e5 som et fengslende kunstverk som forbedrer atmosf\u00e6ren i boarealet ditt. En rund stativoljebrenner med en harmonisk blanding av keramikk og metall, som utstr\u00e5ler en tidl\u00f8s sjarm i ethvert milj\u00f8. Plasser alltid oljebrenneren p\u00e5 en [&hellip;]<\/p>\n","protected":false},"featured_media":260151,"comment_status":"closed","ping_status":"open","template":"","meta":{"_angie_page":false},"product_brand":[],"product_cat":[9081,10241],"product_tag":[],"class_list":{"0":"post-210155","1":"product","2":"type-product","3":"status-publish","4":"has-post-thumbnail","6":"product_cat-aroma-diffuser-aromalamper-og-duftpinner","7":"product_cat-aromalamper-og-oljebrennere","8":"pa_collection-cool-design-oil-burner-no","9":"pa_made-in-kina","11":"first","12":"instock","13":"purchasable","14":"product-type-simple"},"supplier_id":null,"supplier_sku":"CDes-17","barcode":null,"atum_controlled":true,"out_stock_date":null,"out_stock_threshold":null,"inheritable":false,"inbound_stock":null,"stock_on_hold":0,"sold_today":0,"sales_last_days":0,"reserved_stock":null,"customer_returns":null,"warehouse_damage":null,"lost_in_post":null,"other_logs":null,"out_stock_days":0,"lost_sales":0,"has_location":null,"update_date":"2026-05-08T05:06:08","atum_locations":[],"atum_stock_status":"instock","restock_status":false,"low_stock_amount":"","sales_update_date":"2026-02-06T00:01:54","calc_backorders":null,"_links":{"self":[{"href":"https:\/\/aromasentia.com\/no\/wp-json\/wp\/v2\/product\/210155","targetHints":{"allow":["GET"]}}],"collection":[{"href":"https:\/\/aromasentia.com\/no\/wp-json\/wp\/v2\/product"}],"about":[{"href":"https:\/\/aromasentia.com\/no\/wp-json\/wp\/v2\/types\/product"}],"replies":[{"embeddable":true,"href":"https:\/\/aromasentia.com\/no\/wp-json\/wp\/v2\/comments?post=210155"}],"version-history":[{"count":0,"href":"https:\/\/aromasentia.com\/no\/wp-json\/wp\/v2\/product\/210155\/revisions"}],"wp:featuredmedia":[{"embeddable":true,"href":"https:\/\/aromasentia.com\/no\/wp-json\/wp\/v2\/media\/260151"}],"wp:attachment":[{"href":"https:\/\/aromasentia.com\/no\/wp-json\/wp\/v2\/media?parent=210155"}],"wp:term":[{"taxonomy":"product_brand","embeddable":true,"href":"https:\/\/aromasentia.com\/no\/wp-json\/wp\/v2\/product_brand?post=210155"},{"taxonomy":"product_cat","embeddable":true,"href":"https:\/\/aromasentia.com\/no\/wp-json\/wp\/v2\/product_cat?post=210155"},{"taxonomy":"product_tag","embeddable":true,"href":"https:\/\/aromasentia.com\/no\/wp-json\/wp\/v2\/product_tag?post=210155"}],"curies":[{"name":"wp","href":"https:\/\/api.w.org\/{rel}","templated":true}]}}