{"id":210134,"date":"2025-03-20T14:50:27","date_gmt":"2025-03-20T14:50:27","guid":{"rendered":"https:\/\/aromasentia.com\/product\/10-ml-patchouli-essential-oil\/"},"modified":"2025-05-31T07:04:11","modified_gmt":"2025-05-31T07:04:11","slug":"patchouli-eterisk-olje-10ml-2","status":"publish","type":"product","link":"https:\/\/aromasentia.com\/no\/patchouli-eterisk-olje-10ml-2\/","title":{"rendered":"Patchouli Eterisk Olje 10ml"},"content":{"rendered":"<p><strong>Latinsk navn:<\/strong>Pogostemon Cablin<br \/><strong>Del av plante brukt:<\/strong> T\u00f8rkede blader<br \/><strong>Kilde:<\/strong> Indonesia<br \/><strong>Ekstraksjonsmetode:<\/strong> Dampdestillasjon<\/p>\n<p><strong>Patchouli eterisk olje<\/strong> utvinnes fra Pogostemon cablin-planten i myntefamilien og har en rik, moskusaktig s\u00f8t, krydret lukt. Planten er hjemmeh\u00f8rende i Malaysia og India, hvor den er kjent som \u00abpuchaput\u00bb. Ordet patchouli er avledet fra tamil \u00abpachchaiilai\u00bb som ganske enkelt betyr \u00abgr\u00f8nt blad\u00bb. Patchouli-olje utvinnes fra de unge bladene, som t\u00f8rkes og gj\u00e6res f\u00f8r dampdestillasjon. Denne oljen forbedrer duften og kraften med alderen. Den er h\u00f8yt verdsatt i hudpleie, spesielt for arrheling.<\/p>\n<p>I \u00f8stlige land brukes patchouli-olje i potpurrier og poser. mellom lin og kl\u00e6r for duften, samt for \u00e5 holde veggedyr og insekter unna. Oljen sies \u00e5 ha en balanserende effekt p\u00e5 f\u00f8lelsene og skape en amor\u00f8s atmosf\u00e6re. N\u00e5r den brukes i en oljebrenner, lindrer den angst og depresjon. Brukt i badevann antas den \u00e5 hjelpe mot hud- og hodebunnsplager, soppinfeksjoner, v\u00e6skeretensjon, bryte ned cellulitter og lette forstoppelse. Den har utmerkede vevsregenererende egenskaper, fremskynder helbredelse og bekjemper infeksjoner. Dermed hjelper den mot kviser, eksem, v\u00e6skende s\u00e5r, mages\u00e5r og fotsopp.<\/p>\n<p>Det ser ut til at patchouli ble plassert mellom indiske kasjmirsjal f\u00f8r den ble sendt til det viktorianske England for \u00e5 beskytte varene mot m\u00f8ll. Uten denne signaturlukten av t\u00f8rkede patchouliblader kunne ikke sjalene selges i England. I Europa og Amerika var patchouliolje og r\u00f8kelse enormt popul\u00e6rt p\u00e5 1960- og 70-tallet blant hippier, siden lukten av patchouli dekket kroppslukt og lukten av brent cannabis. Patchouli ble brukt som h\u00e5rbalsam for dreadlocks. I mange asiatiske land brukes patchouli ogs\u00e5 som motgift mot slangebitt.<\/p>\n","protected":false},"excerpt":{"rendered":"<p>Latinsk navn:Pogostemon CablinDel av plante brukt: T\u00f8rkede bladerKilde: IndonesiaEkstraksjonsmetode: Dampdestillasjon Patchouli eterisk olje utvinnes fra Pogostemon cablin-planten i myntefamilien og har en rik, moskusaktig s\u00f8t, krydret lukt. Planten er hjemmeh\u00f8rende i Malaysia og India, hvor den er kjent som \u00abpuchaput\u00bb. Ordet patchouli er avledet fra tamil \u00abpachchaiilai\u00bb som ganske enkelt betyr \u00abgr\u00f8nt blad\u00bb. Patchouli-olje utvinnes [&hellip;]<\/p>\n","protected":false},"featured_media":261079,"comment_status":"closed","ping_status":"open","template":"","meta":[],"product_brand":[27096],"product_cat":[9065,25843,10236,26827,26335],"product_tag":[],"class_list":{"0":"post-210134","1":"product","2":"type-product","3":"status-publish","4":"has-post-thumbnail","6":"product_brand-ancient-wisdom","7":"product_cat-aromaterapi-og-romduft","8":"product_cat-dufter-aromaer","9":"product_cat-eteriske-oljer","10":"product_cat-jordlig-gronn","11":"product_cat-patchouli","12":"pa_collection-aromatherapy-essential-oils-10ml-no","13":"pa_made-in-indonesia","14":"pa_size-10ml","16":"first","17":"instock","18":"purchasable","19":"product-type-simple"},"supplier_id":null,"supplier_sku":"EO-10","barcode":null,"atum_controlled":true,"out_stock_date":null,"out_stock_threshold":null,"inheritable":false,"inbound_stock":null,"stock_on_hold":0,"sold_today":0,"sales_last_days":0,"reserved_stock":null,"customer_returns":null,"warehouse_damage":null,"lost_in_post":null,"other_logs":null,"out_stock_days":0,"lost_sales":0,"has_location":null,"update_date":"2026-01-30T01:25:53","atum_locations":[],"atum_stock_status":"instock","restock_status":false,"low_stock_amount":"","sales_update_date":"2026-01-30T01:25:53","calc_backorders":null,"_links":{"self":[{"href":"https:\/\/aromasentia.com\/no\/wp-json\/wp\/v2\/product\/210134","targetHints":{"allow":["GET"]}}],"collection":[{"href":"https:\/\/aromasentia.com\/no\/wp-json\/wp\/v2\/product"}],"about":[{"href":"https:\/\/aromasentia.com\/no\/wp-json\/wp\/v2\/types\/product"}],"replies":[{"embeddable":true,"href":"https:\/\/aromasentia.com\/no\/wp-json\/wp\/v2\/comments?post=210134"}],"version-history":[{"count":0,"href":"https:\/\/aromasentia.com\/no\/wp-json\/wp\/v2\/product\/210134\/revisions"}],"wp:featuredmedia":[{"embeddable":true,"href":"https:\/\/aromasentia.com\/no\/wp-json\/wp\/v2\/media\/261079"}],"wp:attachment":[{"href":"https:\/\/aromasentia.com\/no\/wp-json\/wp\/v2\/media?parent=210134"}],"wp:term":[{"taxonomy":"product_brand","embeddable":true,"href":"https:\/\/aromasentia.com\/no\/wp-json\/wp\/v2\/product_brand?post=210134"},{"taxonomy":"product_cat","embeddable":true,"href":"https:\/\/aromasentia.com\/no\/wp-json\/wp\/v2\/product_cat?post=210134"},{"taxonomy":"product_tag","embeddable":true,"href":"https:\/\/aromasentia.com\/no\/wp-json\/wp\/v2\/product_tag?post=210134"}],"curies":[{"name":"wp","href":"https:\/\/api.w.org\/{rel}","templated":true}]}}