{"id":210132,"date":"2025-03-20T14:50:27","date_gmt":"2025-03-20T14:50:27","guid":{"rendered":"https:\/\/aromasentia.com\/product\/10-ml-geranium-egypt-essential-oil\/"},"modified":"2025-05-31T07:04:04","modified_gmt":"2025-05-31T07:04:04","slug":"basilikum-eterisk-olje-10ml","status":"publish","type":"product","link":"https:\/\/aromasentia.com\/no\/basilikum-eterisk-olje-10ml\/","title":{"rendered":"Basilikum Eterisk Olje 10ml"},"content":{"rendered":"<p><strong>Latinsk navn:<\/strong> Pelargonium Graveolens<br \/><strong>Del av planten som brukes:<\/strong> Blader, stilker og blomster<br \/><strong>Kilde:<\/strong> Egypt<br \/><strong>Utvinningsmetode:<\/strong> Dampdestillasjon<\/p>\n<p><strong>Geranium eterisk olje<\/strong> er dampdestillert fra bladene og stilkene til planten Pelargonium odoratissimum (eplegeranium). Den har en sterk lukt med en blomsteraroma og hint av mynte og eple. Hovedtrekket ved denne oljen er dens evne til \u00e5 balansere og oppl\u00f8fte, og den brukes til \u00e5 gj\u00f8re b\u00e5de p\u00e5 sinn og kropp, for \u00e5 lindre<br \/>en rekke plager.<\/p>\n<p>Geranium eterisk olje hjelper med \u00e5 balansere fet og t\u00f8rr hud, og bringer ogs\u00e5 balanse i sinnet, og lindrer stress og angst. Den sies \u00e5 virke p\u00e5 binyrebarken, som har en balanserende effekt p\u00e5 hormonsystemet. Geraniumolje har blitt brukt til \u00e5 behandle kviser, bl\u00e5merker, branns\u00e5r, kutt, dermatitt, eksem, hemoroider, ringorm, mages\u00e5r, brystforst\u00f8rrelse, \u00f8dem, d\u00e5rlig sirkulasjon, s\u00e5r hals, betennelse i mandlene, PMS, problemer med overgangsalderen, stress og nervesmerter. Den sterke lukten jager bort mygg. Tilsett noen dr\u00e5per i sjampo for \u00e5 bli kvitt hodelus.<\/p>\n<p>Disse geraniene ble antatt \u00e5 holde unna \u00e5nder (som de gjorde med mygg!), og derfor ble de plantet rundt hus som hekker. Plantene stammer fra S\u00f8r-Afrika, R\u00e9union, Madagaskar, Egypt og Marokko, og ble introdusert til europeiske land p\u00e5 1600-tallet. Selv om det finnes omtrent 700 varianter av planten, er det bare 10 som gir eterisk olje i levedyktige mengder. Variantene som plantes i hager produserer vanligvis for lite olje til \u00e5 bruke til utvinning.<\/p>\n","protected":false},"excerpt":{"rendered":"<p>Latinsk navn: Pelargonium GraveolensDel av planten som brukes: Blader, stilker og blomsterKilde: EgyptUtvinningsmetode: Dampdestillasjon Geranium eterisk olje er dampdestillert fra bladene og stilkene til planten Pelargonium odoratissimum (eplegeranium). Den har en sterk lukt med en blomsteraroma og hint av mynte og eple. Hovedtrekket ved denne oljen er dens evne til \u00e5 balansere og oppl\u00f8fte, og [&hellip;]<\/p>\n","protected":false},"featured_media":261045,"comment_status":"closed","ping_status":"open","template":"","meta":{"_angie_page":false},"product_brand":[27096],"product_cat":[9065,26834,25843,10236,26187],"product_tag":[],"class_list":{"0":"post-210132","1":"product","2":"type-product","3":"status-publish","4":"has-post-thumbnail","6":"product_brand-ancient-wisdom","7":"product_cat-aromaterapi-og-romduft","8":"product_cat-blomster","9":"product_cat-dufter-aromaer","10":"product_cat-eteriske-oljer","11":"product_cat-geranium","12":"pa_collection-aromatherapy-essential-oils-10ml-no","13":"pa_made-in-egypt","14":"pa_size-10ml","16":"first","17":"instock","18":"purchasable","19":"product-type-simple"},"supplier_id":null,"supplier_sku":"EO-08","barcode":null,"atum_controlled":true,"out_stock_date":null,"out_stock_threshold":null,"inheritable":false,"inbound_stock":null,"stock_on_hold":0,"sold_today":0,"sales_last_days":0,"reserved_stock":null,"customer_returns":null,"warehouse_damage":null,"lost_in_post":null,"other_logs":null,"out_stock_days":0,"lost_sales":0,"has_location":null,"update_date":"2026-04-27T07:00:31","atum_locations":[],"atum_stock_status":"instock","restock_status":false,"low_stock_amount":"","sales_update_date":"2026-01-30T01:26:14","calc_backorders":null,"_links":{"self":[{"href":"https:\/\/aromasentia.com\/no\/wp-json\/wp\/v2\/product\/210132","targetHints":{"allow":["GET"]}}],"collection":[{"href":"https:\/\/aromasentia.com\/no\/wp-json\/wp\/v2\/product"}],"about":[{"href":"https:\/\/aromasentia.com\/no\/wp-json\/wp\/v2\/types\/product"}],"replies":[{"embeddable":true,"href":"https:\/\/aromasentia.com\/no\/wp-json\/wp\/v2\/comments?post=210132"}],"version-history":[{"count":0,"href":"https:\/\/aromasentia.com\/no\/wp-json\/wp\/v2\/product\/210132\/revisions"}],"wp:featuredmedia":[{"embeddable":true,"href":"https:\/\/aromasentia.com\/no\/wp-json\/wp\/v2\/media\/261045"}],"wp:attachment":[{"href":"https:\/\/aromasentia.com\/no\/wp-json\/wp\/v2\/media?parent=210132"}],"wp:term":[{"taxonomy":"product_brand","embeddable":true,"href":"https:\/\/aromasentia.com\/no\/wp-json\/wp\/v2\/product_brand?post=210132"},{"taxonomy":"product_cat","embeddable":true,"href":"https:\/\/aromasentia.com\/no\/wp-json\/wp\/v2\/product_cat?post=210132"},{"taxonomy":"product_tag","embeddable":true,"href":"https:\/\/aromasentia.com\/no\/wp-json\/wp\/v2\/product_tag?post=210132"}],"curies":[{"name":"wp","href":"https:\/\/api.w.org\/{rel}","templated":true}]}}