{"id":210117,"date":"2025-03-20T14:51:04","date_gmt":"2025-03-20T14:51:04","guid":{"rendered":"https:\/\/aromasentia.com\/product\/10-ml-chamomile-roman-pure-essential-oil\/"},"modified":"2025-05-31T07:02:49","modified_gmt":"2025-05-31T07:02:49","slug":"ingefaer-eterisk-olje-10ml","status":"publish","type":"product","link":"https:\/\/aromasentia.com\/no\/ingefaer-eterisk-olje-10ml\/","title":{"rendered":"Ingef\u00e6r Eterisk Olje 10ml"},"content":{"rendered":"<p><strong>Latinsk navn: <\/strong>Anthemis Nobilis<br \/><strong>Del av planten som brukes:<\/strong> Blomster<br \/><strong>Kilde:<\/strong> England<br \/><strong>Ekstraksjonsmetode: <\/strong>Dampdestillasjon<\/p>\n<p>Romersk kamille gir en eterisk olje som er lysebl\u00e5 n\u00e5r den er fersk. Den kan ekstraheres fra blomsten og de \u00f8vre delene av planten. Den har utmerkede beroligende egenskaper, og sies \u00e5 lindre irritasjon, ut\u00e5lmodighet og hjelpe mot PMS og andre menstruasjons- og overgangsalderproblemer. Romersk kamille er en eviggr\u00f8nn plante med en frisk epleduft, og dyrkes hovedsakelig i Frankrike, Belgia og \u00d8st-Europa.<\/p>\n<p>Denne urten er utmerket for hudproblemer som kviser, eksem, utslett, s\u00e5r, dermatitt, t\u00f8rr\/kl\u00f8ende hud og allergier. Den sies \u00e5 v\u00e6re bra for magesmerter, gallebl\u00e6reproblemer og halsinfeksjoner, og bidrar til \u00e5 lindre allergier, h\u00f8ysnue og astma. Denne oljen er nyttig i fortynnede l\u00f8sninger for \u00e5 roe barn som lider av kolikk, irritabilitet, diar\u00e9 og tannfrembrudd. I en vaporiser lindrer den hodepine, nerv\u00f8se plager og migrene. Selv om denne oljen er sk\u00e5nsom nok til bruk hos barn og babyer, b\u00f8r du alltid r\u00e5df\u00f8re deg med en ekspert f\u00f8r du bruker den.<\/p>\n<p>Den medisinske bruken av kamille g\u00e5r tusenvis av \u00e5r tilbake til de gamle egypterne, romerne og grekerne. Egypterne dedikerte den til solguden. Et papyrusdokument fra 2800 f.Kr. registrerer bruken av kamille for \u00e5 behandle hudlidelser. Kamilleolje ble brukt til \u00e5 balsamere kropper. Hippokrates, den store greske legen, sies \u00e5 ha brukt kamille som et urtemiddel. I mytologien er kamille en av de ni hellige urtene som ble gitt av Wodan, underverdenens gud, til d\u00f8delige for \u00e5 forbedre livene deres.<\/p>\n","protected":false},"excerpt":{"rendered":"<p>Latinsk navn: Anthemis NobilisDel av planten som brukes: BlomsterKilde: EnglandEkstraksjonsmetode: Dampdestillasjon Romersk kamille gir en eterisk olje som er lysebl\u00e5 n\u00e5r den er fersk. Den kan ekstraheres fra blomsten og de \u00f8vre delene av planten. Den har utmerkede beroligende egenskaper, og sies \u00e5 lindre irritasjon, ut\u00e5lmodighet og hjelpe mot PMS og andre menstruasjons- og overgangsalderproblemer. [&hellip;]<\/p>\n","protected":false},"featured_media":261232,"comment_status":"closed","ping_status":"open","template":"","meta":{"_angie_page":false},"product_brand":[27096],"product_cat":[9065,26834,25843,10236,26127],"product_tag":[],"class_list":{"0":"post-210117","1":"product","2":"type-product","3":"status-publish","4":"has-post-thumbnail","6":"product_brand-ancient-wisdom","7":"product_cat-aromaterapi-og-romduft","8":"product_cat-blomster","9":"product_cat-dufter-aromaer","10":"product_cat-eteriske-oljer","11":"product_cat-romersk-kamille","12":"pa_collection-aromatherapy-essential-oils-10ml-no","13":"pa_made-in-chile","14":"pa_size-10ml","16":"first","17":"instock","18":"purchasable","19":"product-type-simple"},"supplier_id":null,"supplier_sku":"EO-19","barcode":null,"atum_controlled":true,"out_stock_date":null,"out_stock_threshold":null,"inheritable":false,"inbound_stock":0,"stock_on_hold":0,"sold_today":0,"sales_last_days":0,"reserved_stock":0,"customer_returns":0,"warehouse_damage":0,"lost_in_post":0,"other_logs":0,"out_stock_days":0,"lost_sales":0,"has_location":false,"update_date":"2026-04-27T07:00:40","atum_locations":[],"atum_stock_status":"instock","restock_status":false,"low_stock_amount":"","sales_update_date":"2026-01-30T01:26:16","calc_backorders":null,"_links":{"self":[{"href":"https:\/\/aromasentia.com\/no\/wp-json\/wp\/v2\/product\/210117","targetHints":{"allow":["GET"]}}],"collection":[{"href":"https:\/\/aromasentia.com\/no\/wp-json\/wp\/v2\/product"}],"about":[{"href":"https:\/\/aromasentia.com\/no\/wp-json\/wp\/v2\/types\/product"}],"replies":[{"embeddable":true,"href":"https:\/\/aromasentia.com\/no\/wp-json\/wp\/v2\/comments?post=210117"}],"version-history":[{"count":0,"href":"https:\/\/aromasentia.com\/no\/wp-json\/wp\/v2\/product\/210117\/revisions"}],"wp:featuredmedia":[{"embeddable":true,"href":"https:\/\/aromasentia.com\/no\/wp-json\/wp\/v2\/media\/261232"}],"wp:attachment":[{"href":"https:\/\/aromasentia.com\/no\/wp-json\/wp\/v2\/media?parent=210117"}],"wp:term":[{"taxonomy":"product_brand","embeddable":true,"href":"https:\/\/aromasentia.com\/no\/wp-json\/wp\/v2\/product_brand?post=210117"},{"taxonomy":"product_cat","embeddable":true,"href":"https:\/\/aromasentia.com\/no\/wp-json\/wp\/v2\/product_cat?post=210117"},{"taxonomy":"product_tag","embeddable":true,"href":"https:\/\/aromasentia.com\/no\/wp-json\/wp\/v2\/product_tag?post=210117"}],"curies":[{"name":"wp","href":"https:\/\/api.w.org\/{rel}","templated":true}]}}