{"id":210114,"date":"2025-03-20T14:51:04","date_gmt":"2025-03-20T14:51:04","guid":{"rendered":"https:\/\/aromasentia.com\/product\/10-ml-fennel-essential-oil\/"},"modified":"2025-05-31T07:02:36","modified_gmt":"2025-05-31T07:02:36","slug":"kanel-eterisk-olje-10ml","status":"publish","type":"product","link":"https:\/\/aromasentia.com\/no\/kanel-eterisk-olje-10ml\/","title":{"rendered":"Kanel Eterisk Olje 10ml"},"content":{"rendered":"<p><strong>Latinsk navn:<\/strong>Foeniculum Vulgare<br \/><strong>Del av plante brukt:<\/strong> Knuste fr\u00f8<br \/><strong>Kilde:<\/strong>Ukraina<br \/><strong>Utvinningsmetode:<\/strong> Dampdestillasjon<\/p>\n<p><strong>Fennikel eterisk olje<\/strong> utvinnes fra planten Foeniculum vulgare var. dulce, som er s\u00f8t fennikel, ogs\u00e5 kjent som romersk fennikel. Den utvinnes fra de knuste fr\u00f8ene ved dampdestillasjon. Oljen, i likhet med fr\u00f8ene, er bra for ford\u00f8yelsen s\u00e5 vel som en rekke andre plager. Den brukes i aromaterapi for \u00e5 behandle fet hud, rynker og fedme. Den sies \u00e5 \u00f8ke mot, besluttsomhet og styrke.<\/p>\n<p>Denne oljen er et popul\u00e6rt middel mot ford\u00f8yelsesproblemer som luft i magen, forstoppelse, kolikk, kvalme, oppkast, anoreksi og dyspepsi. Den hjelper ogs\u00e5 med vekttap, da den sies \u00e5 fremme f\u00f8lelsen av en mett mage. Dens vanndrivende effekt antas \u00e5 bidra til \u00e5 spre cellulitter. Fennikelolje skal tone milten og leveren. Den har en rensende og tonende effekt p\u00e5 huden, og hjelper mot bl\u00e5merker. V\u00e6r oppmerksom p\u00e5 at denne oljen ikke b\u00f8r brukes i store doser, og b\u00f8r unng\u00e5s helt under graviditet, amming og hos de som lider av brystkreft og epilepsi.<\/p>\n<p>Ordet fennikel er avledet fra det latinske \u00abfoenum\u00bb, som betyr \u00abh\u00f8y\u00bb. I middelalderen var det kjent som \u00abFenkle\u00bb. Det var en popul\u00e6r urt brukt av de gamle kineserne, egypterne og romerne, som trodde at fennikel bidro til \u00e5 gi lengre liv og forbedret en persons mot og styrke. Det ble ogs\u00e5 antatt at det holdt unna onde \u00e5nder. Det sies at fennikel ble brukt til \u00e5 styrke synet, kurere slangebitt og lindre kolikk. I India serveres ofte vanlige, ristede eller myntebelagte fennikelfr\u00f8, kalt \u00absaunf\u00bb, etter m\u00e5ltider for \u00e5 hjelpe ford\u00f8yelsen.<\/p>\n","protected":false},"excerpt":{"rendered":"<p>Latinsk navn:Foeniculum VulgareDel av plante brukt: Knuste fr\u00f8Kilde:UkrainaUtvinningsmetode: Dampdestillasjon Fennikel eterisk olje utvinnes fra planten Foeniculum vulgare var. dulce, som er s\u00f8t fennikel, ogs\u00e5 kjent som romersk fennikel. Den utvinnes fra de knuste fr\u00f8ene ved dampdestillasjon. Oljen, i likhet med fr\u00f8ene, er bra for ford\u00f8yelsen s\u00e5 vel som en rekke andre plager. Den brukes i [&hellip;]<\/p>\n","protected":false},"featured_media":261189,"comment_status":"closed","ping_status":"open","template":"","meta":{"_angie_page":false},"product_brand":[27096],"product_cat":[9065,25843,10236,26183,26862],"product_tag":[],"class_list":{"0":"post-210114","1":"product","2":"type-product","3":"status-publish","4":"has-post-thumbnail","6":"product_brand-ancient-wisdom","7":"product_cat-aromaterapi-og-romduft","8":"product_cat-dufter-aromaer","9":"product_cat-eteriske-oljer","10":"product_cat-fennikel","11":"product_cat-urte-aromatisk","12":"pa_collection-aromatherapy-essential-oils-10ml-no","13":"pa_made-in-ukraina","14":"pa_size-10ml","16":"first","17":"instock","18":"purchasable","19":"product-type-simple"},"supplier_id":null,"supplier_sku":"EO-16","barcode":null,"atum_controlled":true,"out_stock_date":null,"out_stock_threshold":null,"inheritable":false,"inbound_stock":null,"stock_on_hold":0,"sold_today":0,"sales_last_days":0,"reserved_stock":null,"customer_returns":null,"warehouse_damage":null,"lost_in_post":null,"other_logs":null,"out_stock_days":0,"lost_sales":0,"has_location":null,"update_date":"2026-05-04T00:02:52","atum_locations":[],"atum_stock_status":"instock","restock_status":false,"low_stock_amount":"","sales_update_date":"2025-09-03T00:27:38","calc_backorders":null,"_links":{"self":[{"href":"https:\/\/aromasentia.com\/no\/wp-json\/wp\/v2\/product\/210114","targetHints":{"allow":["GET"]}}],"collection":[{"href":"https:\/\/aromasentia.com\/no\/wp-json\/wp\/v2\/product"}],"about":[{"href":"https:\/\/aromasentia.com\/no\/wp-json\/wp\/v2\/types\/product"}],"replies":[{"embeddable":true,"href":"https:\/\/aromasentia.com\/no\/wp-json\/wp\/v2\/comments?post=210114"}],"version-history":[{"count":0,"href":"https:\/\/aromasentia.com\/no\/wp-json\/wp\/v2\/product\/210114\/revisions"}],"wp:featuredmedia":[{"embeddable":true,"href":"https:\/\/aromasentia.com\/no\/wp-json\/wp\/v2\/media\/261189"}],"wp:attachment":[{"href":"https:\/\/aromasentia.com\/no\/wp-json\/wp\/v2\/media?parent=210114"}],"wp:term":[{"taxonomy":"product_brand","embeddable":true,"href":"https:\/\/aromasentia.com\/no\/wp-json\/wp\/v2\/product_brand?post=210114"},{"taxonomy":"product_cat","embeddable":true,"href":"https:\/\/aromasentia.com\/no\/wp-json\/wp\/v2\/product_cat?post=210114"},{"taxonomy":"product_tag","embeddable":true,"href":"https:\/\/aromasentia.com\/no\/wp-json\/wp\/v2\/product_tag?post=210114"}],"curies":[{"name":"wp","href":"https:\/\/api.w.org\/{rel}","templated":true}]}}