{"id":210110,"date":"2025-03-20T14:51:35","date_gmt":"2025-03-20T14:51:35","guid":{"rendered":"https:\/\/aromasentia.com\/product\/10-ml-rose-absolute-essential-oil\/"},"modified":"2025-05-31T07:02:19","modified_gmt":"2025-05-31T07:02:19","slug":"rokelse-fortynnet-eterisk-olje-10ml","status":"publish","type":"product","link":"https:\/\/aromasentia.com\/no\/rokelse-fortynnet-eterisk-olje-10ml\/","title":{"rendered":"R\u00f8kelse (Fortynnet) Eterisk Olje 10ml"},"content":{"rendered":"<p><strong>Latinsk navn:<\/strong>Rosa Centifolia<br \/><strong>Del av plante brukt:<\/strong>Kronblader<br \/><strong>Kilde:<\/strong> Marokko<br \/><strong>Ekstraksjonsmetode:<\/strong>Dampdestillasjon<\/p>\n<p><strong>Roseolje<\/strong>er mer enn bare en pen, blomsteraktig duft. Den har flere terapeutiske egenskaper som gj\u00f8r den fantastisk i hudpleieprodukter. Rose Absolute har flere terapeutiske egenskaper, inkludert antidepressiv, antiseptisk, astringerende, beroligende og sedativ. Roseolje er kjent for sine antidepressive midler. Den bidrar til \u00e5 \u00f8ke selvtilliten, mental helse og bekjempe depresjon!<\/p>\n<p>De fleste kviser oppst\u00e5r n\u00e5r det er en overproduksjon av talg i en persons porer, men \u00f8kt bakterier spiller ogs\u00e5 en stor rolle i utviklingen av kviser. Heldigvis har roseolje flere egenskaper som vil redusere kviser, inkludert astringerende, antiviral samt bakteriedrepende.<\/p>\n<p><\/p>\n","protected":false},"excerpt":{"rendered":"<p>Latinsk navn:Rosa CentifoliaDel av plante brukt:KronbladerKilde: MarokkoEkstraksjonsmetode:Dampdestillasjon Roseoljeer mer enn bare en pen, blomsteraktig duft. Den har flere terapeutiske egenskaper som gj\u00f8r den fantastisk i hudpleieprodukter. Rose Absolute har flere terapeutiske egenskaper, inkludert antidepressiv, antiseptisk, astringerende, beroligende og sedativ. Roseolje er kjent for sine antidepressive midler. Den bidrar til \u00e5 \u00f8ke selvtilliten, mental helse og [&hellip;]<\/p>\n","protected":false},"featured_media":261539,"comment_status":"closed","ping_status":"open","template":"","meta":{"_angie_page":false},"product_brand":[27096],"product_cat":[9065,26834,25843,10236,26366],"product_tag":[],"class_list":{"0":"post-210110","1":"product","2":"type-product","3":"status-publish","4":"has-post-thumbnail","6":"product_brand-ancient-wisdom","7":"product_cat-aromaterapi-og-romduft","8":"product_cat-blomster","9":"product_cat-dufter-aromaer","10":"product_cat-eteriske-oljer","11":"product_cat-rose","12":"pa_collection-aromatherapy-essential-oils-10ml-no","13":"pa_made-in-marokko","14":"pa_size-10ml","16":"first","17":"instock","18":"purchasable","19":"product-type-simple"},"supplier_id":null,"supplier_sku":"EO-38","barcode":null,"atum_controlled":true,"out_stock_date":null,"out_stock_threshold":null,"inheritable":false,"inbound_stock":null,"stock_on_hold":0,"sold_today":0,"sales_last_days":0,"reserved_stock":null,"customer_returns":null,"warehouse_damage":null,"lost_in_post":null,"other_logs":null,"out_stock_days":71,"lost_sales":0,"has_location":null,"update_date":"2026-05-08T05:07:22","atum_locations":[],"atum_stock_status":"instock","restock_status":false,"low_stock_amount":"","sales_update_date":"2026-01-30T01:24:20","calc_backorders":null,"_links":{"self":[{"href":"https:\/\/aromasentia.com\/no\/wp-json\/wp\/v2\/product\/210110","targetHints":{"allow":["GET"]}}],"collection":[{"href":"https:\/\/aromasentia.com\/no\/wp-json\/wp\/v2\/product"}],"about":[{"href":"https:\/\/aromasentia.com\/no\/wp-json\/wp\/v2\/types\/product"}],"replies":[{"embeddable":true,"href":"https:\/\/aromasentia.com\/no\/wp-json\/wp\/v2\/comments?post=210110"}],"version-history":[{"count":0,"href":"https:\/\/aromasentia.com\/no\/wp-json\/wp\/v2\/product\/210110\/revisions"}],"wp:featuredmedia":[{"embeddable":true,"href":"https:\/\/aromasentia.com\/no\/wp-json\/wp\/v2\/media\/261539"}],"wp:attachment":[{"href":"https:\/\/aromasentia.com\/no\/wp-json\/wp\/v2\/media?parent=210110"}],"wp:term":[{"taxonomy":"product_brand","embeddable":true,"href":"https:\/\/aromasentia.com\/no\/wp-json\/wp\/v2\/product_brand?post=210110"},{"taxonomy":"product_cat","embeddable":true,"href":"https:\/\/aromasentia.com\/no\/wp-json\/wp\/v2\/product_cat?post=210110"},{"taxonomy":"product_tag","embeddable":true,"href":"https:\/\/aromasentia.com\/no\/wp-json\/wp\/v2\/product_tag?post=210110"}],"curies":[{"name":"wp","href":"https:\/\/api.w.org\/{rel}","templated":true}]}}