{"id":210108,"date":"2025-03-20T14:51:35","date_gmt":"2025-03-20T14:51:35","guid":{"rendered":"https:\/\/aromasentia.com\/product\/10-ml-palmarosa-essential-oil\/"},"modified":"2025-05-31T07:02:12","modified_gmt":"2025-05-31T07:02:12","slug":"svartpepper-eterisk-olje-10ml","status":"publish","type":"product","link":"https:\/\/aromasentia.com\/no\/svartpepper-eterisk-olje-10ml\/","title":{"rendered":"Svartpepper Eterisk Olje 10ml"},"content":{"rendered":"<p><strong>Latinsk navn:<\/strong>Cymbopogon Martinii<br \/><strong>Del av plante brukt:<\/strong>Gress<br \/><strong>Kilde:<\/strong> India<br \/><strong>Ekstraksjonsmetode:<\/strong>Dampdestillasjon<\/p>\n<p><strong>Palmarosa eterisk olje<\/strong>har en roselignende duft som gj\u00f8r den til et vakkert tilskudd til din essensielle oljesamling. Det er en essensiell olje kjent for sine naturlige hudfordeler.<\/p>\n<p>Palmarosa er en av naturens stjernebeskyttere av hudhelse. Den regulerer hudens fuktighet og oljeproduksjon og er derfor nyttig for b\u00e5de t\u00f8rr og fet hud. Dette er grunnen til at Palmarosa-olje tilsettes hudprodukter som s\u00e5per, kremer osv. Palmarosa eterisk olje gir n\u00e6ring og gjenoppretter hudens helse og harmoni, og gir cellefornyende fordeler. Den er ogs\u00e5 kjent for sin evne til \u00e5 forynge slitne, s\u00e5re f\u00f8tter, s\u00e5 den er utmerket som fotbad.<\/p>\n<p>Med b\u00e5de beroligende og oppl\u00f8ftende effekter er den en tonic for hjerte og sinn. Den st\u00f8tter dyp s\u00f8vn, l\u00f8fter, roer og gir ro i hum\u00f8ret, og gir komfort og st\u00f8tte for feminine sykluser. Samtidig st\u00f8tter den en sunn velv\u00e6rerespons, noe som gj\u00f8r palmarosa dyktig til \u00e5 bidra til \u00e5 fremskynde restitusjonstiden i den utfordrende vintersesongen. Palmarosa er kj\u00f8lende og fuktighetsgivende, og kan gi lindring fra mentale plager som usikkerhet, sorg eller forsvars\u00e5nd.<\/p>\n","protected":false},"excerpt":{"rendered":"<p>Latinsk navn:Cymbopogon MartiniiDel av plante brukt:GressKilde: IndiaEkstraksjonsmetode:Dampdestillasjon Palmarosa eterisk oljehar en roselignende duft som gj\u00f8r den til et vakkert tilskudd til din essensielle oljesamling. Det er en essensiell olje kjent for sine naturlige hudfordeler. Palmarosa er en av naturens stjernebeskyttere av hudhelse. Den regulerer hudens fuktighet og oljeproduksjon og er derfor nyttig for b\u00e5de t\u00f8rr [&hellip;]<\/p>\n","protected":false},"featured_media":261505,"comment_status":"closed","ping_status":"open","template":"","meta":{"_angie_page":false},"product_brand":[27096],"product_cat":[9065,26834,25843,10236,26318],"product_tag":[],"class_list":{"0":"post-210108","1":"product","2":"type-product","3":"status-publish","4":"has-post-thumbnail","6":"product_brand-ancient-wisdom","7":"product_cat-aromaterapi-og-romduft","8":"product_cat-blomster","9":"product_cat-dufter-aromaer","10":"product_cat-eteriske-oljer","11":"product_cat-palmarosa","12":"pa_collection-aromatherapy-essential-oils-10ml-no","13":"pa_made-in-india","14":"pa_size-10ml","16":"first","17":"instock","18":"purchasable","19":"product-type-simple"},"supplier_id":null,"supplier_sku":"EO-36","barcode":null,"atum_controlled":true,"out_stock_date":null,"out_stock_threshold":null,"inheritable":false,"inbound_stock":null,"stock_on_hold":0,"sold_today":0,"sales_last_days":0,"reserved_stock":null,"customer_returns":null,"warehouse_damage":null,"lost_in_post":null,"other_logs":null,"out_stock_days":0,"lost_sales":0,"has_location":null,"update_date":"2026-04-27T07:00:40","atum_locations":[],"atum_stock_status":"instock","restock_status":false,"low_stock_amount":"","sales_update_date":"2025-09-03T00:27:46","calc_backorders":null,"_links":{"self":[{"href":"https:\/\/aromasentia.com\/no\/wp-json\/wp\/v2\/product\/210108","targetHints":{"allow":["GET"]}}],"collection":[{"href":"https:\/\/aromasentia.com\/no\/wp-json\/wp\/v2\/product"}],"about":[{"href":"https:\/\/aromasentia.com\/no\/wp-json\/wp\/v2\/types\/product"}],"replies":[{"embeddable":true,"href":"https:\/\/aromasentia.com\/no\/wp-json\/wp\/v2\/comments?post=210108"}],"version-history":[{"count":0,"href":"https:\/\/aromasentia.com\/no\/wp-json\/wp\/v2\/product\/210108\/revisions"}],"wp:featuredmedia":[{"embeddable":true,"href":"https:\/\/aromasentia.com\/no\/wp-json\/wp\/v2\/media\/261505"}],"wp:attachment":[{"href":"https:\/\/aromasentia.com\/no\/wp-json\/wp\/v2\/media?parent=210108"}],"wp:term":[{"taxonomy":"product_brand","embeddable":true,"href":"https:\/\/aromasentia.com\/no\/wp-json\/wp\/v2\/product_brand?post=210108"},{"taxonomy":"product_cat","embeddable":true,"href":"https:\/\/aromasentia.com\/no\/wp-json\/wp\/v2\/product_cat?post=210108"},{"taxonomy":"product_tag","embeddable":true,"href":"https:\/\/aromasentia.com\/no\/wp-json\/wp\/v2\/product_tag?post=210108"}],"curies":[{"name":"wp","href":"https:\/\/api.w.org\/{rel}","templated":true}]}}