{"id":210106,"date":"2025-03-20T14:51:35","date_gmt":"2025-03-20T14:51:35","guid":{"rendered":"https:\/\/aromasentia.com\/product\/10-ml-nutmeg-essential-oil\/"},"modified":"2025-05-31T07:01:51","modified_gmt":"2025-05-31T07:01:51","slug":"rosentre-eterisk-olje-10ml","status":"publish","type":"product","link":"https:\/\/aromasentia.com\/no\/rosentre-eterisk-olje-10ml\/","title":{"rendered":"Rosentre Eterisk Olje 10ml"},"content":{"rendered":"<p><strong>Latinsk navn:<\/strong>Myristica Fragrans<br \/><strong>Del av plante brukt:<\/strong>Fr\u00f8<br \/><strong>Kilde:<\/strong> Indonesia<br \/><strong>Ekstraksjonsmetode:<\/strong>Dampdestillasjon<\/p>\n<p>Dampdestillert <strong>muskatn\u00f8tt eterisk olje<\/strong> er en varmende olje som, n\u00e5r den brukes med omhu, er en fantastisk eterisk olje som kan brukes til \u00e5 lindre ford\u00f8yelsesplager samt muskelsmerter.<\/p>\n<p>Aromatisk er muskatn\u00f8tt eterisk olje en varm, krydret eterisk olje som er s\u00f8t og noe treaktig. Den blander seg vakkert med andre eteriske oljer i krydderfamilien. Den blander seg ogs\u00e5 godt med blomster-, sitrus- og tre-eteriske oljer. Den kan gi en vakker, s\u00e6regen krydret karakteristikk til ellers kjedelige blandinger.<\/p>\n<p>Emosjonelt kan muskatn\u00f8tt eterisk olje v\u00e6re en veldig stimulerende eterisk olje. Den kan v\u00e6re spesielt nyttig for \u00e5 st\u00f8tte motivasjon og fokus i spesielt utfordrende tider.<\/p>\n","protected":false},"excerpt":{"rendered":"<p>Latinsk navn:Myristica FragransDel av plante brukt:Fr\u00f8Kilde: IndonesiaEkstraksjonsmetode:Dampdestillasjon Dampdestillert muskatn\u00f8tt eterisk olje er en varmende olje som, n\u00e5r den brukes med omhu, er en fantastisk eterisk olje som kan brukes til \u00e5 lindre ford\u00f8yelsesplager samt muskelsmerter. Aromatisk er muskatn\u00f8tt eterisk olje en varm, krydret eterisk olje som er s\u00f8t og noe treaktig. Den blander seg vakkert [&hellip;]<\/p>\n","protected":false},"featured_media":261471,"comment_status":"closed","ping_status":"open","template":"","meta":{"_angie_page":false},"product_brand":[27096],"product_cat":[9065,25843,10236,26890,26304],"product_tag":[],"class_list":{"0":"post-210106","1":"product","2":"type-product","3":"status-publish","4":"has-post-thumbnail","6":"product_brand-ancient-wisdom","7":"product_cat-aromaterapi-og-romduft","8":"product_cat-dufter-aromaer","9":"product_cat-eteriske-oljer","10":"product_cat-krydret","11":"product_cat-muskatnott","12":"pa_collection-aromatherapy-essential-oils-10ml-no","13":"pa_made-in-indonesia","14":"pa_size-10ml","16":"first","17":"instock","18":"purchasable","19":"product-type-simple"},"supplier_id":null,"supplier_sku":"EO-34","barcode":null,"atum_controlled":true,"out_stock_date":null,"out_stock_threshold":null,"inheritable":false,"inbound_stock":null,"stock_on_hold":0,"sold_today":0,"sales_last_days":0,"reserved_stock":null,"customer_returns":null,"warehouse_damage":null,"lost_in_post":null,"other_logs":null,"out_stock_days":0,"lost_sales":0,"has_location":null,"update_date":"2026-04-30T01:02:51","atum_locations":[],"atum_stock_status":"instock","restock_status":false,"low_stock_amount":"","sales_update_date":"2025-09-03T00:27:45","calc_backorders":null,"_links":{"self":[{"href":"https:\/\/aromasentia.com\/no\/wp-json\/wp\/v2\/product\/210106","targetHints":{"allow":["GET"]}}],"collection":[{"href":"https:\/\/aromasentia.com\/no\/wp-json\/wp\/v2\/product"}],"about":[{"href":"https:\/\/aromasentia.com\/no\/wp-json\/wp\/v2\/types\/product"}],"replies":[{"embeddable":true,"href":"https:\/\/aromasentia.com\/no\/wp-json\/wp\/v2\/comments?post=210106"}],"version-history":[{"count":0,"href":"https:\/\/aromasentia.com\/no\/wp-json\/wp\/v2\/product\/210106\/revisions"}],"wp:featuredmedia":[{"embeddable":true,"href":"https:\/\/aromasentia.com\/no\/wp-json\/wp\/v2\/media\/261471"}],"wp:attachment":[{"href":"https:\/\/aromasentia.com\/no\/wp-json\/wp\/v2\/media?parent=210106"}],"wp:term":[{"taxonomy":"product_brand","embeddable":true,"href":"https:\/\/aromasentia.com\/no\/wp-json\/wp\/v2\/product_brand?post=210106"},{"taxonomy":"product_cat","embeddable":true,"href":"https:\/\/aromasentia.com\/no\/wp-json\/wp\/v2\/product_cat?post=210106"},{"taxonomy":"product_tag","embeddable":true,"href":"https:\/\/aromasentia.com\/no\/wp-json\/wp\/v2\/product_tag?post=210106"}],"curies":[{"name":"wp","href":"https:\/\/api.w.org\/{rel}","templated":true}]}}