{"id":210104,"date":"2025-03-20T14:51:35","date_gmt":"2025-03-20T14:51:35","guid":{"rendered":"https:\/\/aromasentia.com\/product\/10-ml-neroli-dilute-essential-oil\/"},"modified":"2025-05-31T07:01:42","modified_gmt":"2025-05-31T07:01:42","slug":"petitgrain-eterisk-olje-10ml","status":"publish","type":"product","link":"https:\/\/aromasentia.com\/no\/petitgrain-eterisk-olje-10ml\/","title":{"rendered":"Petitgrain Eterisk Olje 10ml"},"content":{"rendered":"<p><strong>L<\/strong><strong>atinnavn:<\/strong>Citrus Aurantium<br \/><strong>Del av plante brukt:<\/strong> Blomst<br \/><strong>Kilde:<\/strong> Tunisia<br \/><strong>Ekstraksjonsmetode:<\/strong>Dampdestillasjon<\/p>\n<p><strong>5 % fortynning i druekjerneolje<\/strong><\/p>\n<p>Neroliolje produseres fra blomstene til bitterappelsintreet (Citrus aurantium var. amara), ogs\u00e5 kjent som neroli bigarade, og lukter likt bergamott. Blomstene plukkes for h\u00e5nd, og oljen produseres ved vanndestillasjon, da blomstene er for skj\u00f8re for dampdestillasjon. Dette er en av de mest popul\u00e6re essensielle oljene p\u00e5 grunn av sin fantastiske lukt s\u00e5 vel som sine terapeutiske egenskaper.<\/p>\n<p><strong>Neroli eterisk olje<\/strong> er sv\u00e6rt beroligende og sies \u00e5 lindre kronisk angst, depresjon, frykt, depresjon, sjokk og stress. Den antas ogs\u00e5 \u00e5 berolige tarmkramper, kolitt og diar\u00e9. P\u00e5 grunn av sine beroligende egenskaper er den bra for s\u00f8vnl\u00f8shet, personer med hjertebank, nervesmerter og svimmelhet. Det er bra \u00e5 varme litt av den i en oljebrenner p\u00e5 et rekonvalesentrom. P\u00e5 huden sies neroliolje \u00e5 bidra til \u00e5 regenerere hudceller og v\u00e6re nyttig for \u00e5 forhindre stygt arrvev, fremme glattere hud, bekjempe strekkmerker og \u00f8delagte blodkar.<\/p>\n<p>Neroliolje antas \u00e5 ha blitt brukt av romerne. I 1680 brukte Anna Maria Orsini, prinsesse av Nerola, essensen av det bittere appelsintreet til \u00e5 parfymere hanskene og badet sitt, og dermed skape en moteriktig ny duft. Fra denne tiden av ble den essensielle oljen kjent som Neroli etter henne. Folkeeventyr sier at disse appelsinblomstene ble brukt til \u00e5 dekorere brudesenger for \u00e5 hjelpe nygifte par med \u00e5 slappe av i sengen. Oljen er dyr \u00e5 produsere, og det tas stor forsiktighet da blomstene m\u00e5 plukkes akkurat n\u00e5r de blomstrer.<\/p>\n","protected":false},"excerpt":{"rendered":"<p>Latinnavn:Citrus AurantiumDel av plante brukt: BlomstKilde: TunisiaEkstraksjonsmetode:Dampdestillasjon 5 % fortynning i druekjerneolje Neroliolje produseres fra blomstene til bitterappelsintreet (Citrus aurantium var. amara), ogs\u00e5 kjent som neroli bigarade, og lukter likt bergamott. Blomstene plukkes for h\u00e5nd, og oljen produseres ved vanndestillasjon, da blomstene er for skj\u00f8re for dampdestillasjon. Dette er en av de mest popul\u00e6re essensielle [&hellip;]<\/p>\n","protected":false},"featured_media":261445,"comment_status":"closed","ping_status":"open","template":"","meta":{"_angie_page":false},"product_brand":[27096],"product_cat":[9065,26834,25843,10236,26291],"product_tag":[],"class_list":{"0":"post-210104","1":"product","2":"type-product","3":"status-publish","4":"has-post-thumbnail","6":"product_brand-ancient-wisdom","7":"product_cat-aromaterapi-og-romduft","8":"product_cat-blomster","9":"product_cat-dufter-aromaer","10":"product_cat-eteriske-oljer","11":"product_cat-neroli","12":"pa_collection-aromatherapy-essential-oils-10ml-no","13":"pa_made-in-tunisia","14":"pa_size-10ml","16":"first","17":"instock","18":"purchasable","19":"product-type-simple"},"supplier_id":null,"supplier_sku":"EO-32","barcode":null,"atum_controlled":true,"out_stock_date":null,"out_stock_threshold":null,"inheritable":false,"inbound_stock":null,"stock_on_hold":0,"sold_today":0,"sales_last_days":0,"reserved_stock":null,"customer_returns":null,"warehouse_damage":null,"lost_in_post":null,"other_logs":null,"out_stock_days":0,"lost_sales":0,"has_location":null,"update_date":"2026-04-27T07:00:40","atum_locations":[],"atum_stock_status":"instock","restock_status":false,"low_stock_amount":"","sales_update_date":"2025-09-03T00:27:45","calc_backorders":null,"_links":{"self":[{"href":"https:\/\/aromasentia.com\/no\/wp-json\/wp\/v2\/product\/210104","targetHints":{"allow":["GET"]}}],"collection":[{"href":"https:\/\/aromasentia.com\/no\/wp-json\/wp\/v2\/product"}],"about":[{"href":"https:\/\/aromasentia.com\/no\/wp-json\/wp\/v2\/types\/product"}],"replies":[{"embeddable":true,"href":"https:\/\/aromasentia.com\/no\/wp-json\/wp\/v2\/comments?post=210104"}],"version-history":[{"count":0,"href":"https:\/\/aromasentia.com\/no\/wp-json\/wp\/v2\/product\/210104\/revisions"}],"wp:featuredmedia":[{"embeddable":true,"href":"https:\/\/aromasentia.com\/no\/wp-json\/wp\/v2\/media\/261445"}],"wp:attachment":[{"href":"https:\/\/aromasentia.com\/no\/wp-json\/wp\/v2\/media?parent=210104"}],"wp:term":[{"taxonomy":"product_brand","embeddable":true,"href":"https:\/\/aromasentia.com\/no\/wp-json\/wp\/v2\/product_brand?post=210104"},{"taxonomy":"product_cat","embeddable":true,"href":"https:\/\/aromasentia.com\/no\/wp-json\/wp\/v2\/product_cat?post=210104"},{"taxonomy":"product_tag","embeddable":true,"href":"https:\/\/aromasentia.com\/no\/wp-json\/wp\/v2\/product_tag?post=210104"}],"curies":[{"name":"wp","href":"https:\/\/api.w.org\/{rel}","templated":true}]}}