{"id":210102,"date":"2025-03-20T14:51:35","date_gmt":"2025-03-20T14:51:35","guid":{"rendered":"https:\/\/aromasentia.com\/product\/10-ml-mandarin-essential-oil\/"},"modified":"2025-05-31T07:01:35","modified_gmt":"2025-05-31T07:01:35","slug":"appelsin-eterisk-olje-10ml","status":"publish","type":"product","link":"https:\/\/aromasentia.com\/no\/appelsin-eterisk-olje-10ml\/","title":{"rendered":"Appelsin Eterisk Olje 10ml"},"content":{"rendered":"<p><strong>Latinsk navn:<\/strong> Citrus Nobilis<br \/><strong>Del av planten som brukes:<\/strong> Fruktskall<br \/><strong>Kilde:<\/strong> Italia<br \/><strong>Ekstraksjonsmetode:<\/strong> Kaldpressing<\/p>\n<p><strong>Mandarin essensiell olje<\/strong> utvinnes fra Citrus Reticulata ved kaldpressing av skallet. Mandarin petitgrain-olje ekstraheres ogs\u00e5 i sm\u00e5 mengder ved dampdestillasjon av blader og kvister. Oljen er gyllen gul-oransje og har aromaen av en frisk appelsin. En hel gruppe sitrusfrukter faller inn under paraplyen til mandariner, inkludert Satsuma, Clementine, Dancy, Honey, Pixie og tangeriner.<\/p>\n<p>Denne oljen er veldig mild og sies derfor \u00e5 bli brukt til \u00e5 behandle barn og gravide, en av f\u00e5 oljer som brukes p\u00e5 denne m\u00e5ten. Med sin styrkende og stimulerende effekt p\u00e5 b\u00e5de mage og lever er den nyttig for ford\u00f8yelsesproblemer. Mandarinolje er ogs\u00e5 nyttig for behandling av kviser, fet hud og kviser. Den skal visstnok bidra til \u00e5 lette problemer som v\u00e6skeretensjon og fedme. Oljen, fortynnet rundt 1\u20132 % i en b\u00e6rerolje, masseres forsiktig p\u00e5 et barns mage for \u00e5 lindre magesmerter. Noen f\u00e5 dr\u00e5per i badet beroliger hyperaktive barn. Brukt i en oljebrenner fordriver den depresjon og lindrer angst.<\/p>\n<p>Mandarinappelsinene kalles s\u00e5 fordi de tradisjonelt ble gitt som gaver til mandarinene i Kina. I Frankrike regnes mandarin som et trygt middel for \u00e5 behandle ford\u00f8yelsesbesv\u00e6r hos barn, og for eldre, da det bidrar til \u00e5 styrke ford\u00f8yelsessystemet og leveren. Mandarinappelsinen, som stammer fra S\u00f8r-Kina og Det fjerne \u00f8sten, ble brakt til Europa i 1805 og til Amerika i 1845.<\/p>\n","protected":false},"excerpt":{"rendered":"<p>Latinsk navn: Citrus NobilisDel av planten som brukes: FruktskallKilde: ItaliaEkstraksjonsmetode: Kaldpressing Mandarin essensiell olje utvinnes fra Citrus Reticulata ved kaldpressing av skallet. Mandarin petitgrain-olje ekstraheres ogs\u00e5 i sm\u00e5 mengder ved dampdestillasjon av blader og kvister. Oljen er gyllen gul-oransje og har aromaen av en frisk appelsin. En hel gruppe sitrusfrukter faller inn under paraplyen til [&hellip;]<\/p>\n","protected":false},"featured_media":261411,"comment_status":"closed","ping_status":"open","template":"","meta":{"_angie_page":false},"product_brand":[27096],"product_cat":[9065,25843,10236,26264],"product_tag":[],"class_list":{"0":"post-210102","1":"product","2":"type-product","3":"status-publish","4":"has-post-thumbnail","6":"product_brand-ancient-wisdom","7":"product_cat-aromaterapi-og-romduft","8":"product_cat-dufter-aromaer","9":"product_cat-eteriske-oljer","10":"product_cat-mandarin","11":"pa_collection-aromatherapy-essential-oils-10ml-no","12":"pa_made-in-argentina","13":"pa_size-10ml","15":"first","16":"instock","17":"purchasable","18":"product-type-simple"},"supplier_id":null,"supplier_sku":"EO-30","barcode":null,"atum_controlled":true,"out_stock_date":null,"out_stock_threshold":null,"inheritable":false,"inbound_stock":null,"stock_on_hold":0,"sold_today":0,"sales_last_days":0,"reserved_stock":null,"customer_returns":null,"warehouse_damage":null,"lost_in_post":null,"other_logs":null,"out_stock_days":0,"lost_sales":0,"has_location":null,"update_date":"2026-04-27T07:00:40","atum_locations":[],"atum_stock_status":"instock","restock_status":false,"low_stock_amount":"","sales_update_date":"2025-09-03T00:27:45","calc_backorders":null,"_links":{"self":[{"href":"https:\/\/aromasentia.com\/no\/wp-json\/wp\/v2\/product\/210102","targetHints":{"allow":["GET"]}}],"collection":[{"href":"https:\/\/aromasentia.com\/no\/wp-json\/wp\/v2\/product"}],"about":[{"href":"https:\/\/aromasentia.com\/no\/wp-json\/wp\/v2\/types\/product"}],"replies":[{"embeddable":true,"href":"https:\/\/aromasentia.com\/no\/wp-json\/wp\/v2\/comments?post=210102"}],"version-history":[{"count":0,"href":"https:\/\/aromasentia.com\/no\/wp-json\/wp\/v2\/product\/210102\/revisions"}],"wp:featuredmedia":[{"embeddable":true,"href":"https:\/\/aromasentia.com\/no\/wp-json\/wp\/v2\/media\/261411"}],"wp:attachment":[{"href":"https:\/\/aromasentia.com\/no\/wp-json\/wp\/v2\/media?parent=210102"}],"wp:term":[{"taxonomy":"product_brand","embeddable":true,"href":"https:\/\/aromasentia.com\/no\/wp-json\/wp\/v2\/product_brand?post=210102"},{"taxonomy":"product_cat","embeddable":true,"href":"https:\/\/aromasentia.com\/no\/wp-json\/wp\/v2\/product_cat?post=210102"},{"taxonomy":"product_tag","embeddable":true,"href":"https:\/\/aromasentia.com\/no\/wp-json\/wp\/v2\/product_tag?post=210102"}],"curies":[{"name":"wp","href":"https:\/\/api.w.org\/{rel}","templated":true}]}}