{"id":210100,"date":"2025-03-20T14:51:35","date_gmt":"2025-03-20T14:51:35","guid":{"rendered":"https:\/\/aromasentia.com\/product\/10-ml-lemongrass-essential-oil\/"},"modified":"2025-05-31T07:01:24","modified_gmt":"2025-05-31T07:01:24","slug":"neroli-ren-eterisk-olje-10ml","status":"publish","type":"product","link":"https:\/\/aromasentia.com\/no\/neroli-ren-eterisk-olje-10ml\/","title":{"rendered":"Neroli Ren Eterisk Olje 10ml"},"content":{"rendered":"<p><strong>Latinsk navn:<\/strong> Cymbopogon Citratus<br \/><strong>Del av planten som brukes:&nbsp;<\/strong>Blader<br \/><strong>Kilde:<\/strong> Guatamala<br \/><strong>Ekstraksjonsmetode:&nbsp;<\/strong>Dampdestillasjon<\/p>\n<p><strong>Essensiell olje av sitrongress<\/strong> utvinnes fra Cymbopogon citratus, ogs\u00e5 kjent som \u00aboljegress\u00bb, fra friske eller delvis t\u00f8rkede blader ved dampdestillasjon. Denne oljen sies \u00e5 bekjempe tretthet og bidra til \u00e5 friske opp en sliten kropp og sinn. Det er ogs\u00e5 en behagelig luktende m\u00e5te \u00e5 holde et kj\u00e6ledyr fritt for lopper og fl\u00e5tt. Sitrongress inneholder citral, som gir hovedsmaken i sitronskall.<\/p>\n<p>Sitrongressolje antas \u00e5 lindre jetlag, hodepine, nerv\u00f8s utmattelse og stress. Den styrker det parasympatiske nervesystemet, for raskere restitusjon etter en sykdom, og stimulerer kjertelsekresjoner. Den bidrar til \u00e5 tone muskler og vev, og dermed lindre muskelsmerter. Det er nyttig for behandling av s\u00e5r hals, laryngitt og feber, og bidrar til \u00e5 stoppe spredning av infeksjoner. Det hjelper mot kolitt, ford\u00f8yelsesbesv\u00e6r og gastroenteritt. Det renser fet hud og reduserer overdreven svette. Det kan imidlertid irritere huden, s\u00e5 forsiktighet m\u00e5 utvises n\u00e5r det brukes p\u00e5 huden. Unng\u00e5 bruk under graviditet.<\/p>\n<p>Sitrongress er et fler\u00e5rig aromatisk gress som pleide \u00e5 vokse vilt i India, hvor det er kjent som choomana poolu. Det er ogs\u00e5 kjent som indisk verbena eller indisk melissaolje og brukes i ayurveda, den gamle tradisjonelle helbredelseskunsten, for \u00e5 bidra til \u00e5 senke feber og behandle smittsomme sykdommer; det kalles derfor ogs\u00e5 \u00abfebergress\u00bb.<\/p>\n","protected":false},"excerpt":{"rendered":"<p>Latinsk navn: Cymbopogon CitratusDel av planten som brukes:&nbsp;BladerKilde: GuatamalaEkstraksjonsmetode:&nbsp;Dampdestillasjon Essensiell olje av sitrongress utvinnes fra Cymbopogon citratus, ogs\u00e5 kjent som \u00aboljegress\u00bb, fra friske eller delvis t\u00f8rkede blader ved dampdestillasjon. Denne oljen sies \u00e5 bekjempe tretthet og bidra til \u00e5 friske opp en sliten kropp og sinn. Det er ogs\u00e5 en behagelig luktende m\u00e5te \u00e5 holde [&hellip;]<\/p>\n","protected":false},"featured_media":261377,"comment_status":"closed","ping_status":"open","template":"","meta":{"_angie_page":false},"product_brand":[27096],"product_cat":[9065,25843,10236,26254],"product_tag":[],"class_list":{"0":"post-210100","1":"product","2":"type-product","3":"status-publish","4":"has-post-thumbnail","6":"product_brand-ancient-wisdom","7":"product_cat-aromaterapi-og-romduft","8":"product_cat-dufter-aromaer","9":"product_cat-eteriske-oljer","10":"product_cat-sitrongress","11":"pa_collection-aromatherapy-essential-oils-10ml-no","12":"pa_made-in-india","13":"pa_size-10ml","15":"first","16":"instock","17":"purchasable","18":"product-type-simple"},"supplier_id":null,"supplier_sku":"EO-28","barcode":null,"atum_controlled":true,"out_stock_date":null,"out_stock_threshold":null,"inheritable":false,"inbound_stock":0,"stock_on_hold":0,"sold_today":0,"sales_last_days":0,"reserved_stock":0,"customer_returns":0,"warehouse_damage":0,"lost_in_post":0,"other_logs":0,"out_stock_days":0,"lost_sales":0,"has_location":false,"update_date":"2026-04-27T07:00:40","atum_locations":[],"atum_stock_status":"instock","restock_status":false,"low_stock_amount":"","sales_update_date":"2026-01-30T01:26:14","calc_backorders":null,"_links":{"self":[{"href":"https:\/\/aromasentia.com\/no\/wp-json\/wp\/v2\/product\/210100","targetHints":{"allow":["GET"]}}],"collection":[{"href":"https:\/\/aromasentia.com\/no\/wp-json\/wp\/v2\/product"}],"about":[{"href":"https:\/\/aromasentia.com\/no\/wp-json\/wp\/v2\/types\/product"}],"replies":[{"embeddable":true,"href":"https:\/\/aromasentia.com\/no\/wp-json\/wp\/v2\/comments?post=210100"}],"version-history":[{"count":0,"href":"https:\/\/aromasentia.com\/no\/wp-json\/wp\/v2\/product\/210100\/revisions"}],"wp:featuredmedia":[{"embeddable":true,"href":"https:\/\/aromasentia.com\/no\/wp-json\/wp\/v2\/media\/261377"}],"wp:attachment":[{"href":"https:\/\/aromasentia.com\/no\/wp-json\/wp\/v2\/media?parent=210100"}],"wp:term":[{"taxonomy":"product_brand","embeddable":true,"href":"https:\/\/aromasentia.com\/no\/wp-json\/wp\/v2\/product_brand?post=210100"},{"taxonomy":"product_cat","embeddable":true,"href":"https:\/\/aromasentia.com\/no\/wp-json\/wp\/v2\/product_cat?post=210100"},{"taxonomy":"product_tag","embeddable":true,"href":"https:\/\/aromasentia.com\/no\/wp-json\/wp\/v2\/product_tag?post=210100"}],"curies":[{"name":"wp","href":"https:\/\/api.w.org\/{rel}","templated":true}]}}