{"id":210096,"date":"2025-03-20T14:52:06","date_gmt":"2025-03-20T14:52:06","guid":{"rendered":"https:\/\/aromasentia.com\/product\/10-ml-carrot-seed-essential-oil\/"},"modified":"2025-05-31T07:01:07","modified_gmt":"2025-05-31T07:01:07","slug":"lime-eterisk-olje-10ml","status":"publish","type":"product","link":"https:\/\/aromasentia.com\/no\/lime-eterisk-olje-10ml\/","title":{"rendered":"Lime Eterisk Olje 10ml"},"content":{"rendered":"<p><strong>Latinsk navn:<\/strong> Daucus Carota Sativa<br \/><strong>Del av planten brukt:<\/strong>T\u00f8rkede fr\u00f8<br \/><strong>Kilde:<\/strong> Ungarn<br \/><strong>Ekstraksjonsmetode:<\/strong> Dampdestillasjon<\/p>\n<p>Brukt i aromaterapi, stimulerer <strong>gulrotfr\u00f8olje<\/strong>sirkulasjonen samt hjerne- og nervefunksjoner. Den varme, jordaktige, treaktige og urteaktige duften har en beroligende, forfriskende og jordnende effekt som er kjent for \u00e5 redusere f\u00f8lelser av tretthet, svakhet, angst og stress.<\/p>\n<p>Gulrotfr\u00f8olje kan hjelpe deg med \u00e5 bevare ungdommen din. Antioksidanter i denne essensielle oljen reparerer skadene som oksidanter har gjort p\u00e5 vevet ditt og hindrer dem i \u00e5 gj\u00f8re ytterligere skade. Disse antioksidantene beskytter huden din mot rynker, hindrer h\u00e5ret i \u00e5 bli hvitt, leddene i \u00e5 bli stive, musklene i \u00e5 svekkes og synet i \u00e5 forringes.<\/p>\n<p>Denne kraftige essensielle oljen kan behandle infeksjoner og beskytte mot effektene deres. Den har antiseptiske egenskaper, inkludert evnen til \u00e5 forhindre stivkrampe. Gulrotfr\u00f8olje kan brukes til behandling av infeksjoner p\u00e5 huden og i \u00e5pne s\u00e5r. Den brukes til behandling av virusinfeksjoner i luftveiene, inkludert bronkitt. Den er ogs\u00e5 effektiv i bekjempelsen av andre virusinfeksjoner, inkludert influensa, kusma, hoste, forkj\u00f8lelse og meslinger.<\/p>\n<p>Gulrotfr\u00f8olje har evnen til \u00e5 avgifte blod, vev, muskler og indre organer som lever og nyrer. Den eliminerer giftstoffer som urinsyre fra blod, vev, muskler og ledd, og bidrar dermed til \u00e5 behandle og bremse utviklingen av \u00f8dem, leddgikt, gikt og revmatisme.<\/p>\n","protected":false},"excerpt":{"rendered":"<p>Latinsk navn: Daucus Carota SativaDel av planten brukt:T\u00f8rkede fr\u00f8Kilde: UngarnEkstraksjonsmetode: Dampdestillasjon Brukt i aromaterapi, stimulerer gulrotfr\u00f8oljesirkulasjonen samt hjerne- og nervefunksjoner. Den varme, jordaktige, treaktige og urteaktige duften har en beroligende, forfriskende og jordnende effekt som er kjent for \u00e5 redusere f\u00f8lelser av tretthet, svakhet, angst og stress. Gulrotfr\u00f8olje kan hjelpe deg med \u00e5 bevare ungdommen [&hellip;]<\/p>\n","protected":false},"featured_media":261735,"comment_status":"closed","ping_status":"open","template":"","meta":{"_angie_page":false},"product_brand":[27096],"product_cat":[9065,25843,10236,26118,26827],"product_tag":[],"class_list":{"0":"post-210096","1":"product","2":"type-product","3":"status-publish","4":"has-post-thumbnail","6":"product_brand-ancient-wisdom","7":"product_cat-aromaterapi-og-romduft","8":"product_cat-dufter-aromaer","9":"product_cat-eteriske-oljer","10":"product_cat-gulrotfro","11":"product_cat-jordlig-gronn","12":"pa_collection-aromatherapy-essential-oils-10ml-no","13":"pa_made-in-india","14":"pa_size-10ml","16":"first","17":"instock","18":"purchasable","19":"product-type-simple"},"supplier_id":null,"supplier_sku":"EO-55","barcode":null,"atum_controlled":true,"out_stock_date":null,"out_stock_threshold":null,"inheritable":false,"inbound_stock":null,"stock_on_hold":0,"sold_today":0,"sales_last_days":0,"reserved_stock":null,"customer_returns":null,"warehouse_damage":null,"lost_in_post":null,"other_logs":null,"out_stock_days":0,"lost_sales":0,"has_location":null,"update_date":"2026-04-27T07:00:50","atum_locations":[],"atum_stock_status":"instock","restock_status":false,"low_stock_amount":"","sales_update_date":"2026-01-30T01:24:38","calc_backorders":null,"_links":{"self":[{"href":"https:\/\/aromasentia.com\/no\/wp-json\/wp\/v2\/product\/210096","targetHints":{"allow":["GET"]}}],"collection":[{"href":"https:\/\/aromasentia.com\/no\/wp-json\/wp\/v2\/product"}],"about":[{"href":"https:\/\/aromasentia.com\/no\/wp-json\/wp\/v2\/types\/product"}],"replies":[{"embeddable":true,"href":"https:\/\/aromasentia.com\/no\/wp-json\/wp\/v2\/comments?post=210096"}],"version-history":[{"count":0,"href":"https:\/\/aromasentia.com\/no\/wp-json\/wp\/v2\/product\/210096\/revisions"}],"wp:featuredmedia":[{"embeddable":true,"href":"https:\/\/aromasentia.com\/no\/wp-json\/wp\/v2\/media\/261735"}],"wp:attachment":[{"href":"https:\/\/aromasentia.com\/no\/wp-json\/wp\/v2\/media?parent=210096"}],"wp:term":[{"taxonomy":"product_brand","embeddable":true,"href":"https:\/\/aromasentia.com\/no\/wp-json\/wp\/v2\/product_brand?post=210096"},{"taxonomy":"product_cat","embeddable":true,"href":"https:\/\/aromasentia.com\/no\/wp-json\/wp\/v2\/product_cat?post=210096"},{"taxonomy":"product_tag","embeddable":true,"href":"https:\/\/aromasentia.com\/no\/wp-json\/wp\/v2\/product_tag?post=210096"}],"curies":[{"name":"wp","href":"https:\/\/api.w.org\/{rel}","templated":true}]}}