{"id":210094,"date":"2025-03-20T14:52:06","date_gmt":"2025-03-20T14:52:06","guid":{"rendered":"https:\/\/aromasentia.com\/product\/10-ml-may-chang-essential-oil\/"},"modified":"2025-05-31T07:00:57","modified_gmt":"2025-05-31T07:00:57","slug":"einerbaer-eterisk-olje-10ml","status":"publish","type":"product","link":"https:\/\/aromasentia.com\/no\/einerbaer-eterisk-olje-10ml\/","title":{"rendered":"Einerb\u00e6r Eterisk Olje 10ml"},"content":{"rendered":"<p><strong>Latinsk navn:<\/strong> Litsea Cubeba<br \/><strong>Del av plante brukt:<\/strong> Frukt<br \/><strong>Kilde:<\/strong>Kina<br \/><strong>Ekstraksjonsmetode:<\/strong> Dampdestillasjon<\/p>\n<p><strong>May Chang eterisk olje<\/strong> er en sv\u00e6rt oppl\u00f8ftende og stimulerende olje og nyttig i tider med tretthet, melankoli og angst. Brukes til \u00e5 skape en munter atmosf\u00e6re n\u00e5r den diffuseres. Tradisjonelt brukt som et ford\u00f8yelseshjelpemiddel, kan May Chang hjelpe med d\u00e5rlig ford\u00f8yelse og stimulere appetitten.<\/p>\n<p>May Chang eterisk olje har en forfriskende, stimulerende og oppl\u00f8ftende virkning, noe som gj\u00f8r den perfekt for \u00e5 lindre tretthet og sl\u00f8ve psykologiske tilstander. Og fordi denne oljen er en styrkende kraft for nervesystemet, gj\u00f8r den den ideell for \u00e5 klarne hodet n\u00e5r du f\u00f8ler deg engstelig, stresset eller forvirret.<\/p>\n<p>Den har overraskende gode antiseptiske, soppdrepende og antivirale egenskaper ogs\u00e5, som kan brukes til \u00e5 holde hoste, forkj\u00f8lelse og fotsopp unna. Den er ogs\u00e5 flott for rengj\u00f8ringsoppgaver rundt i hjemmet, som \u00e5 sterilisere kj\u00f8kkenbenker. For \u00e5 \u00f8ke effektiviteten kan blandingen endres med tea tree-olje, og du vil f\u00e5 en kraftig rensende effekt uten den ubehagelige desinfiserende aromaen.<\/p>\n","protected":false},"excerpt":{"rendered":"<p>Latinsk navn: Litsea CubebaDel av plante brukt: FruktKilde:KinaEkstraksjonsmetode: Dampdestillasjon May Chang eterisk olje er en sv\u00e6rt oppl\u00f8ftende og stimulerende olje og nyttig i tider med tretthet, melankoli og angst. Brukes til \u00e5 skape en munter atmosf\u00e6re n\u00e5r den diffuseres. Tradisjonelt brukt som et ford\u00f8yelseshjelpemiddel, kan May Chang hjelpe med d\u00e5rlig ford\u00f8yelse og stimulere appetitten. May [&hellip;]<\/p>\n","protected":false},"featured_media":261701,"comment_status":"closed","ping_status":"open","template":"","meta":{"_angie_page":false},"product_brand":[27096],"product_cat":[9065,25843,10236,26271],"product_tag":[],"class_list":{"0":"post-210094","1":"product","2":"type-product","3":"status-publish","4":"has-post-thumbnail","6":"product_brand-ancient-wisdom","7":"product_cat-aromaterapi-og-romduft","8":"product_cat-dufter-aromaer","9":"product_cat-eteriske-oljer","10":"product_cat-may-chang-litsea-cubeba","11":"pa_collection-aromatherapy-essential-oils-10ml-no","12":"pa_made-in-kina","13":"pa_size-10ml","15":"first","16":"instock","17":"purchasable","18":"product-type-simple"},"supplier_id":null,"supplier_sku":"EO-52","barcode":null,"atum_controlled":true,"out_stock_date":null,"out_stock_threshold":null,"inheritable":false,"inbound_stock":null,"stock_on_hold":0,"sold_today":0,"sales_last_days":0,"reserved_stock":null,"customer_returns":null,"warehouse_damage":null,"lost_in_post":null,"other_logs":null,"out_stock_days":0,"lost_sales":0,"has_location":null,"update_date":"2026-05-04T00:02:52","atum_locations":[],"atum_stock_status":"instock","restock_status":false,"low_stock_amount":"","sales_update_date":"2025-09-03T00:27:51","calc_backorders":null,"_links":{"self":[{"href":"https:\/\/aromasentia.com\/no\/wp-json\/wp\/v2\/product\/210094","targetHints":{"allow":["GET"]}}],"collection":[{"href":"https:\/\/aromasentia.com\/no\/wp-json\/wp\/v2\/product"}],"about":[{"href":"https:\/\/aromasentia.com\/no\/wp-json\/wp\/v2\/types\/product"}],"replies":[{"embeddable":true,"href":"https:\/\/aromasentia.com\/no\/wp-json\/wp\/v2\/comments?post=210094"}],"version-history":[{"count":0,"href":"https:\/\/aromasentia.com\/no\/wp-json\/wp\/v2\/product\/210094\/revisions"}],"wp:featuredmedia":[{"embeddable":true,"href":"https:\/\/aromasentia.com\/no\/wp-json\/wp\/v2\/media\/261701"}],"wp:attachment":[{"href":"https:\/\/aromasentia.com\/no\/wp-json\/wp\/v2\/media?parent=210094"}],"wp:term":[{"taxonomy":"product_brand","embeddable":true,"href":"https:\/\/aromasentia.com\/no\/wp-json\/wp\/v2\/product_brand?post=210094"},{"taxonomy":"product_cat","embeddable":true,"href":"https:\/\/aromasentia.com\/no\/wp-json\/wp\/v2\/product_cat?post=210094"},{"taxonomy":"product_tag","embeddable":true,"href":"https:\/\/aromasentia.com\/no\/wp-json\/wp\/v2\/product_tag?post=210094"}],"curies":[{"name":"wp","href":"https:\/\/api.w.org\/{rel}","templated":true}]}}