{"id":210089,"date":"2025-03-20T14:52:06","date_gmt":"2025-03-20T14:52:06","guid":{"rendered":"https:\/\/aromasentia.com\/product\/10-ml-niaouli-essential-oil\/"},"modified":"2025-05-31T07:00:35","modified_gmt":"2025-05-31T07:00:35","slug":"may-chang-eterisk-olje-10ml","status":"publish","type":"product","link":"https:\/\/aromasentia.com\/no\/may-chang-eterisk-olje-10ml\/","title":{"rendered":"May Chang Eterisk Olje 10ml"},"content":{"rendered":"<p><strong>Latinsk navn:<\/strong> Melaleueca Viridiflora<br \/><strong>Del av planten som brukes:<\/strong> Blader og kvister<br \/><strong>Kilde:<\/strong> Indonesia<br \/><strong>Ekstraksjonsmetode:<\/strong> Dampdestillasjon<\/p>\n<p>Niaouli eterisk olje er ikke den best luktende eteriske oljen. Det den mangler i aromatisk appell, kompenseres imidlertid for med sine terapeutiske fordeler. Det er et utmerket valg for bruk ved luftveisproblemer, hudinfeksjoner og kviser.<\/p>\n<p>Aromatisk sett anses<strong>Niaouli eterisk olje<\/strong> generelt ikke som en behagelig eterisk olje. Aromaen er kamferaktig, jordaktig og litt hard. Det er aldri en god id\u00e9 \u00e5 danne seg en mening om aromaen til en eterisk olje bare ved \u00e5 lukte den rett fra flasken.<\/p>\n<p>Den smertelindrende egenskapen til denne oljen gj\u00f8r den til et veldig godt smertestillende middel. Den eliminerer smerte ved \u00e5 for\u00e5rsake nummenhet i nervene og ved \u00e5 desensibilisere omr\u00e5det. Den er sv\u00e6rt effektiv for \u00e5 lindre smerter fra hodepine, migrene, tannpine, \u00f8reverk og muskel- og leddsmerter, samt smerter for\u00e5rsaket av forstuinger.<\/p>\n<p>Denne oljen stimulerer blod- og lymfesirkulasjonen, og forhindrer dermed opphopning av urinsyre i leddene og bringer varme til ulike deler av kroppen. Disse to faktorene sammen bidrar til \u00e5 lindre revmatisme, leddgikt og gikt.<\/p>\n<p>\u00c5pne s\u00e5r er utsatt for infeksjoner siden bakterier, sopp og andre mikrober har en veldig god sjanse til \u00e5 komme inn i blodet gjennom disse s\u00e5rene. Bakterier befinner seg ogs\u00e5 i urogenitale trakter, tykktarm, prostata, tarmer og nyrer og for\u00e5rsaker infeksjoner i urinr\u00f8ret og andre sensitive kroppsdeler. Den essensielle oljen fra Niaouli, takket v\u00e6re dens antiseptiske egenskaper, kan hemme bakterievekst i disse omr\u00e5dene og gir god beskyttelse mot sepsis, stivkrampe og infeksjoner i andre indre organer.<\/p>\n","protected":false},"excerpt":{"rendered":"<p>Latinsk navn: Melaleueca ViridifloraDel av planten som brukes: Blader og kvisterKilde: IndonesiaEkstraksjonsmetode: Dampdestillasjon Niaouli eterisk olje er ikke den best luktende eteriske oljen. Det den mangler i aromatisk appell, kompenseres imidlertid for med sine terapeutiske fordeler. Det er et utmerket valg for bruk ved luftveisproblemer, hudinfeksjoner og kviser. Aromatisk sett ansesNiaouli eterisk olje generelt ikke [&hellip;]<\/p>\n","protected":false},"featured_media":261616,"comment_status":"closed","ping_status":"open","template":"","meta":[],"product_brand":[27096],"product_cat":[9065,25843,10236,26869,26297],"product_tag":[],"class_list":{"0":"post-210089","1":"product","2":"type-product","3":"status-publish","4":"has-post-thumbnail","6":"product_brand-ancient-wisdom","7":"product_cat-aromaterapi-og-romduft","8":"product_cat-dufter-aromaer","9":"product_cat-eteriske-oljer","10":"product_cat-medisinsk-kamferaktig","11":"product_cat-niaouli","12":"pa_collection-aromatherapy-essential-oils-10ml-no","13":"pa_made-in-indonesia","14":"pa_size-10ml","16":"first","17":"instock","18":"purchasable","19":"product-type-simple"},"supplier_id":null,"supplier_sku":"EO-44","barcode":null,"atum_controlled":true,"out_stock_date":null,"out_stock_threshold":null,"inheritable":false,"inbound_stock":null,"stock_on_hold":0,"sold_today":0,"sales_last_days":0,"reserved_stock":null,"customer_returns":null,"warehouse_damage":null,"lost_in_post":null,"other_logs":null,"out_stock_days":0,"lost_sales":0,"has_location":null,"update_date":"2026-02-09T17:54:54","atum_locations":[],"atum_stock_status":"instock","restock_status":false,"low_stock_amount":"","sales_update_date":"2025-09-03T00:27:44","calc_backorders":null,"_links":{"self":[{"href":"https:\/\/aromasentia.com\/no\/wp-json\/wp\/v2\/product\/210089","targetHints":{"allow":["GET"]}}],"collection":[{"href":"https:\/\/aromasentia.com\/no\/wp-json\/wp\/v2\/product"}],"about":[{"href":"https:\/\/aromasentia.com\/no\/wp-json\/wp\/v2\/types\/product"}],"replies":[{"embeddable":true,"href":"https:\/\/aromasentia.com\/no\/wp-json\/wp\/v2\/comments?post=210089"}],"version-history":[{"count":0,"href":"https:\/\/aromasentia.com\/no\/wp-json\/wp\/v2\/product\/210089\/revisions"}],"wp:featuredmedia":[{"embeddable":true,"href":"https:\/\/aromasentia.com\/no\/wp-json\/wp\/v2\/media\/261616"}],"wp:attachment":[{"href":"https:\/\/aromasentia.com\/no\/wp-json\/wp\/v2\/media?parent=210089"}],"wp:term":[{"taxonomy":"product_brand","embeddable":true,"href":"https:\/\/aromasentia.com\/no\/wp-json\/wp\/v2\/product_brand?post=210089"},{"taxonomy":"product_cat","embeddable":true,"href":"https:\/\/aromasentia.com\/no\/wp-json\/wp\/v2\/product_cat?post=210089"},{"taxonomy":"product_tag","embeddable":true,"href":"https:\/\/aromasentia.com\/no\/wp-json\/wp\/v2\/product_tag?post=210089"}],"curies":[{"name":"wp","href":"https:\/\/api.w.org\/{rel}","templated":true}]}}