{"id":210088,"date":"2025-03-20T14:52:06","date_gmt":"2025-03-20T14:52:06","guid":{"rendered":"https:\/\/aromasentia.com\/product\/10-ml-coriander-seed-essential-oil\/"},"modified":"2025-05-31T07:00:29","modified_gmt":"2025-05-31T07:00:29","slug":"isop-eterisk-olje-10ml","status":"publish","type":"product","link":"https:\/\/aromasentia.com\/no\/isop-eterisk-olje-10ml\/","title":{"rendered":"Isop Eterisk Olje 10ml"},"content":{"rendered":"<p><strong>Latinsk navn:<\/strong> Coriandrum Sativum<br \/><strong>Del av plante brukt:<\/strong> Fr\u00f8<br \/><strong>Kilde:<\/strong> Russland<br \/><strong>Ekstraksjonsmetode:<\/strong> Dampdestillasjon<\/p>\n<p>Helsefordelene ved eterisk korianderolje kan tilskrives dens egenskaper som smertestillende, afrodisiakum, krampestillende, karminativt, rensende, deodorant, ford\u00f8yelses-, soppdrepende, lipolytisk, stimulerende og magestimulerende middel.<\/p>\n<p><strong>Eterisk korianderolje<\/strong> kan gj\u00f8re ekteskapet ditt himmelsk. Den vekker og \u00f8ker libido, samt kurerer midlertidig impotens, frigiditet hos b\u00e5de menn og kvinner, erektil dysfunksjon og generelt tap av interesse for sex.<\/p>\n<p>Folk som er lei av \u00e5 pr\u00f8ve alle mulige metoder for \u00e5 g\u00e5 ned i vekt, b\u00f8r v\u00e6re oppmerksomme p\u00e5 denne egenskapen til eterisk korianderolje. Det fremmer lipolyse, som betyr hydrolyse av lipider, som igjen betyr hydrolyse eller nedbrytning av fett og kolesterol. Jo raskere lipolysen er, desto raskere blir du slank og g\u00e5r ned i vekt.<\/p>\n<p>Koriander lindrer ogs\u00e5 nervekramper, kramper og slapper generelt av kropp og sinn. Det stimulerer og varmer ogs\u00e5 opp organsystemene og ulike funksjoner som foreg\u00e5r i kroppen. Det stimulerer hormon- og enzymsekresjoner, ford\u00f8yelse, utskillelse, hjernefunksjoner og nervesystemaktivitet. Det bekjemper ogs\u00e5 depresjon og forbedrer hum\u00f8ret.<\/p>\n","protected":false},"excerpt":{"rendered":"<p>Latinsk navn: Coriandrum SativumDel av plante brukt: Fr\u00f8Kilde: RusslandEkstraksjonsmetode: Dampdestillasjon Helsefordelene ved eterisk korianderolje kan tilskrives dens egenskaper som smertestillende, afrodisiakum, krampestillende, karminativt, rensende, deodorant, ford\u00f8yelses-, soppdrepende, lipolytisk, stimulerende og magestimulerende middel. Eterisk korianderolje kan gj\u00f8re ekteskapet ditt himmelsk. Den vekker og \u00f8ker libido, samt kurerer midlertidig impotens, frigiditet hos b\u00e5de menn og kvinner, erektil [&hellip;]<\/p>\n","protected":false},"featured_media":261599,"comment_status":"closed","ping_status":"open","template":"","meta":{"_angie_page":false},"product_brand":[27096],"product_cat":[9065,25843,10236,26153,26890],"product_tag":[],"class_list":{"0":"post-210088","1":"product","2":"type-product","3":"status-publish","4":"has-post-thumbnail","6":"product_brand-ancient-wisdom","7":"product_cat-aromaterapi-og-romduft","8":"product_cat-dufter-aromaer","9":"product_cat-eteriske-oljer","10":"product_cat-korianderfro","11":"product_cat-krydret","12":"pa_collection-aromatherapy-essential-oils-10ml-no","13":"pa_made-in-ungarn","14":"pa_size-10ml","16":"first","17":"instock","18":"purchasable","19":"product-type-simple"},"supplier_id":null,"supplier_sku":"EO-42","barcode":null,"atum_controlled":true,"out_stock_date":null,"out_stock_threshold":null,"inheritable":false,"inbound_stock":null,"stock_on_hold":0,"sold_today":0,"sales_last_days":0,"reserved_stock":null,"customer_returns":null,"warehouse_damage":null,"lost_in_post":null,"other_logs":null,"out_stock_days":0,"lost_sales":0,"has_location":null,"update_date":"2026-04-27T07:00:50","atum_locations":[],"atum_stock_status":"instock","restock_status":false,"low_stock_amount":"","sales_update_date":"2026-02-06T00:02:52","calc_backorders":null,"_links":{"self":[{"href":"https:\/\/aromasentia.com\/no\/wp-json\/wp\/v2\/product\/210088","targetHints":{"allow":["GET"]}}],"collection":[{"href":"https:\/\/aromasentia.com\/no\/wp-json\/wp\/v2\/product"}],"about":[{"href":"https:\/\/aromasentia.com\/no\/wp-json\/wp\/v2\/types\/product"}],"replies":[{"embeddable":true,"href":"https:\/\/aromasentia.com\/no\/wp-json\/wp\/v2\/comments?post=210088"}],"version-history":[{"count":0,"href":"https:\/\/aromasentia.com\/no\/wp-json\/wp\/v2\/product\/210088\/revisions"}],"wp:featuredmedia":[{"embeddable":true,"href":"https:\/\/aromasentia.com\/no\/wp-json\/wp\/v2\/media\/261599"}],"wp:attachment":[{"href":"https:\/\/aromasentia.com\/no\/wp-json\/wp\/v2\/media?parent=210088"}],"wp:term":[{"taxonomy":"product_brand","embeddable":true,"href":"https:\/\/aromasentia.com\/no\/wp-json\/wp\/v2\/product_brand?post=210088"},{"taxonomy":"product_cat","embeddable":true,"href":"https:\/\/aromasentia.com\/no\/wp-json\/wp\/v2\/product_cat?post=210088"},{"taxonomy":"product_tag","embeddable":true,"href":"https:\/\/aromasentia.com\/no\/wp-json\/wp\/v2\/product_tag?post=210088"}],"curies":[{"name":"wp","href":"https:\/\/api.w.org\/{rel}","templated":true}]}}