{"id":210081,"date":"2025-03-20T14:52:42","date_gmt":"2025-03-20T14:52:42","guid":{"rendered":"https:\/\/aromasentia.com\/product\/10-ml-spruce-essential-oil\/"},"modified":"2025-05-31T06:59:36","modified_gmt":"2025-05-31T06:59:36","slug":"myrra-eterisk-olje-10ml","status":"publish","type":"product","link":"https:\/\/aromasentia.com\/no\/myrra-eterisk-olje-10ml\/","title":{"rendered":"Myrra Eterisk Olje 10ml"},"content":{"rendered":"<p><strong>Latinsk navn:<\/strong>Tsuga Canadensis<br \/><strong>Del av planten som brukes:<\/strong> N\u00e5ler og kvister<br \/><strong>Kilde:<\/strong> USA<br \/><strong>Ekstraksjonsmetode:<\/strong> Dampdestillasjon<\/p>\n<p>Den jordaktige <strong>gran eteriske oljen<\/strong>, som er laget av n\u00e5ler og kvister fra grantr\u00e6r, kan kombineres med andre bemerkelsesverdige essensielle oljer for \u00e5 fremme helbredelse av muskelsmerter, forstuinger og strekkskader.<\/p>\n<p>Granolje har kraftige antibakterielle, antiinfeksjonsdempende, kreftdempende, betennelsesdempende, krampestillende, antivirale, antiseptiske, desinfiserende, sliml\u00f8sende og stimulerende egenskaper. Den gj\u00f8r underverker for luftveisplager, s\u00e5rheling, virusinfeksjoner, leddgikt, revmatisme og andre former for muskelsmerter.<\/p>\n<p>Granolje tilsettes ofte i s\u00e5pe, luftfriskere og husholdningsrengj\u00f8ringsmidler for \u00e5 gi den en frisk duft og fungere som et desinfiseringsmiddel. P\u00e5 grunn av den behagelige jordaktige duften, dens beroligende effekter og dens evne til \u00e5 lindre angst og stress.<\/p>\n","protected":false},"excerpt":{"rendered":"<p>Latinsk navn:Tsuga CanadensisDel av planten som brukes: N\u00e5ler og kvisterKilde: USAEkstraksjonsmetode: Dampdestillasjon Den jordaktige gran eteriske oljen, som er laget av n\u00e5ler og kvister fra grantr\u00e6r, kan kombineres med andre bemerkelsesverdige essensielle oljer for \u00e5 fremme helbredelse av muskelsmerter, forstuinger og strekkskader. Granolje har kraftige antibakterielle, antiinfeksjonsdempende, kreftdempende, betennelsesdempende, krampestillende, antivirale, antiseptiske, desinfiserende, sliml\u00f8sende og [&hellip;]<\/p>\n","protected":false},"featured_media":261914,"comment_status":"closed","ping_status":"open","template":"","meta":[],"product_brand":[27096],"product_cat":[9065,25843,10236,26400,26897],"product_tag":[],"class_list":{"0":"post-210081","1":"product","2":"type-product","3":"status-publish","4":"has-post-thumbnail","6":"product_brand-ancient-wisdom","7":"product_cat-aromaterapi-og-romduft","8":"product_cat-dufter-aromaer","9":"product_cat-eteriske-oljer","10":"product_cat-gran","11":"product_cat-treaktig","12":"pa_collection-aromatherapy-essential-oils-10ml-no","13":"pa_made-in-osterrike","14":"pa_size-10ml","16":"first","17":"instock","18":"purchasable","19":"product-type-simple"},"supplier_id":null,"supplier_sku":"EO-68","barcode":null,"atum_controlled":true,"out_stock_date":null,"out_stock_threshold":null,"inheritable":false,"inbound_stock":null,"stock_on_hold":0,"sold_today":0,"sales_last_days":0,"reserved_stock":null,"customer_returns":null,"warehouse_damage":null,"lost_in_post":null,"other_logs":null,"out_stock_days":25,"lost_sales":0,"has_location":null,"update_date":"2026-02-10T16:34:25","atum_locations":[],"atum_stock_status":"instock","restock_status":false,"low_stock_amount":"","sales_update_date":"2026-01-30T01:24:20","calc_backorders":null,"_links":{"self":[{"href":"https:\/\/aromasentia.com\/no\/wp-json\/wp\/v2\/product\/210081","targetHints":{"allow":["GET"]}}],"collection":[{"href":"https:\/\/aromasentia.com\/no\/wp-json\/wp\/v2\/product"}],"about":[{"href":"https:\/\/aromasentia.com\/no\/wp-json\/wp\/v2\/types\/product"}],"replies":[{"embeddable":true,"href":"https:\/\/aromasentia.com\/no\/wp-json\/wp\/v2\/comments?post=210081"}],"version-history":[{"count":0,"href":"https:\/\/aromasentia.com\/no\/wp-json\/wp\/v2\/product\/210081\/revisions"}],"wp:featuredmedia":[{"embeddable":true,"href":"https:\/\/aromasentia.com\/no\/wp-json\/wp\/v2\/media\/261914"}],"wp:attachment":[{"href":"https:\/\/aromasentia.com\/no\/wp-json\/wp\/v2\/media?parent=210081"}],"wp:term":[{"taxonomy":"product_brand","embeddable":true,"href":"https:\/\/aromasentia.com\/no\/wp-json\/wp\/v2\/product_brand?post=210081"},{"taxonomy":"product_cat","embeddable":true,"href":"https:\/\/aromasentia.com\/no\/wp-json\/wp\/v2\/product_cat?post=210081"},{"taxonomy":"product_tag","embeddable":true,"href":"https:\/\/aromasentia.com\/no\/wp-json\/wp\/v2\/product_tag?post=210081"}],"curies":[{"name":"wp","href":"https:\/\/api.w.org\/{rel}","templated":true}]}}