{"id":210075,"date":"2025-03-20T14:52:42","date_gmt":"2025-03-20T14:52:42","guid":{"rendered":"https:\/\/aromasentia.com\/product\/10-ml-aniseed-china-star-star-anise\/"},"modified":"2025-05-31T06:59:17","modified_gmt":"2025-05-31T06:59:17","slug":"spisskummenfro-eterisk-olje-10ml","status":"publish","type":"product","link":"https:\/\/aromasentia.com\/no\/spisskummenfro-eterisk-olje-10ml\/","title":{"rendered":"Spisskummenfr\u00f8 Eterisk Olje 10ml"},"content":{"rendered":"<p><strong>Latinsk navn:<\/strong> Illicium Verum<br \/><strong>Del av plante brukt:<\/strong> Frukt<br \/><strong>Kilde:<\/strong>Kina<br \/><strong>Ekstraksjonsmetode:<\/strong> Dampdestillasjon<\/p>\n<p><strong>Anisfr\u00f8olje<\/strong> brukes mot urolig mage, tarmgass, \u00abrennende nese\u00bb og som sliml\u00f8sende middel for \u00e5 \u00f8ke produktiv hoste, som vanndrivende middel for \u00e5 \u00f8ke urinstr\u00f8mmen og som appetittstimulerende middel.<\/p>\n<p>Denne oljen kan gi lindring av revmatiske og leddgiktsmerter ved \u00e5 stimulere blodsirkulasjonen og ved \u00e5 redusere smertef\u00f8lelsen i de ber\u00f8rte omr\u00e5dene.<\/p>\n<p>Denne essensielle oljen har ogs\u00e5 antiseptiske egenskaper som gir s\u00e5r et effektivt beskyttende lag mot infeksjoner og sepsis. Dette bidrar til raskere s\u00e5rheling.<\/p>\n<p>Den varmende effekten av denne oljen p\u00e5 luftveiene og sirkulasjonssystemet gj\u00f8r den til en lik\u00f8r. Denne egenskapen bidrar til \u00e5 motvirke forkj\u00f8lelse, slimavleiring og problemer som revmatisme og leddgikt.<\/p>\n<p>Anisens essensielle olje er giftig for insekter og mindre dyr, derfor holder lukten insekter unna. Av denne grunn kan denne oljen brukes til \u00e5 drive bort insekter ved \u00e5 bruke den i fumiganter, fordampere og sprayer.<\/p>\n","protected":false},"excerpt":{"rendered":"<p>Latinsk navn: Illicium VerumDel av plante brukt: FruktKilde:KinaEkstraksjonsmetode: Dampdestillasjon Anisfr\u00f8olje brukes mot urolig mage, tarmgass, \u00abrennende nese\u00bb og som sliml\u00f8sende middel for \u00e5 \u00f8ke produktiv hoste, som vanndrivende middel for \u00e5 \u00f8ke urinstr\u00f8mmen og som appetittstimulerende middel. Denne oljen kan gi lindring av revmatiske og leddgiktsmerter ved \u00e5 stimulere blodsirkulasjonen og ved \u00e5 redusere smertef\u00f8lelsen [&hellip;]<\/p>\n","protected":false},"featured_media":261812,"comment_status":"closed","ping_status":"open","template":"","meta":{"_angie_page":false},"product_brand":[27096],"product_cat":[9065,25843,10236,26890,26081],"product_tag":[],"class_list":{"0":"post-210075","1":"product","2":"type-product","3":"status-publish","4":"has-post-thumbnail","6":"product_brand-ancient-wisdom","7":"product_cat-aromaterapi-og-romduft","8":"product_cat-dufter-aromaer","9":"product_cat-eteriske-oljer","10":"product_cat-krydret","11":"product_cat-stjerneanis-kina-stjerneanis","12":"pa_collection-aromatherapy-essential-oils-10ml-no","13":"pa_made-in-kina","14":"pa_size-10ml","16":"first","17":"instock","18":"purchasable","19":"product-type-simple"},"supplier_id":null,"supplier_sku":"EO-60","barcode":null,"atum_controlled":true,"out_stock_date":null,"out_stock_threshold":null,"inheritable":false,"inbound_stock":null,"stock_on_hold":0,"sold_today":0,"sales_last_days":0,"reserved_stock":null,"customer_returns":null,"warehouse_damage":null,"lost_in_post":null,"other_logs":null,"out_stock_days":0,"lost_sales":0,"has_location":null,"update_date":"2026-04-27T07:00:50","atum_locations":[],"atum_stock_status":"instock","restock_status":false,"low_stock_amount":"","sales_update_date":"2025-09-03T00:27:50","calc_backorders":null,"_links":{"self":[{"href":"https:\/\/aromasentia.com\/no\/wp-json\/wp\/v2\/product\/210075","targetHints":{"allow":["GET"]}}],"collection":[{"href":"https:\/\/aromasentia.com\/no\/wp-json\/wp\/v2\/product"}],"about":[{"href":"https:\/\/aromasentia.com\/no\/wp-json\/wp\/v2\/types\/product"}],"replies":[{"embeddable":true,"href":"https:\/\/aromasentia.com\/no\/wp-json\/wp\/v2\/comments?post=210075"}],"version-history":[{"count":0,"href":"https:\/\/aromasentia.com\/no\/wp-json\/wp\/v2\/product\/210075\/revisions"}],"wp:featuredmedia":[{"embeddable":true,"href":"https:\/\/aromasentia.com\/no\/wp-json\/wp\/v2\/media\/261812"}],"wp:attachment":[{"href":"https:\/\/aromasentia.com\/no\/wp-json\/wp\/v2\/media?parent=210075"}],"wp:term":[{"taxonomy":"product_brand","embeddable":true,"href":"https:\/\/aromasentia.com\/no\/wp-json\/wp\/v2\/product_brand?post=210075"},{"taxonomy":"product_cat","embeddable":true,"href":"https:\/\/aromasentia.com\/no\/wp-json\/wp\/v2\/product_cat?post=210075"},{"taxonomy":"product_tag","embeddable":true,"href":"https:\/\/aromasentia.com\/no\/wp-json\/wp\/v2\/product_tag?post=210075"}],"curies":[{"name":"wp","href":"https:\/\/api.w.org\/{rel}","templated":true}]}}