{"id":210070,"date":"2025-03-20T14:53:15","date_gmt":"2025-03-20T14:53:15","guid":{"rendered":"https:\/\/aromasentia.com\/product\/10ml-bulgarian-lavender-essential-oil\/"},"modified":"2025-05-31T06:58:55","modified_gmt":"2025-05-31T06:58:55","slug":"benzoin-fortynnet-dpg-eterisk-olje-10ml","status":"publish","type":"product","link":"https:\/\/aromasentia.com\/no\/benzoin-fortynnet-dpg-eterisk-olje-10ml\/","title":{"rendered":"Benzoin (Fortynnet\/Dpg) Eterisk Olje 10ml"},"content":{"rendered":"<p><strong>Latinsk navn:<\/strong>Lavandula Angustifolia<br \/><strong>Del av planten som brukes:<\/strong> Blomstringstipper<br \/><strong>Kilde:<\/strong> Bulgaria<br \/><strong>Ekstraksjonsmetode:<\/strong> Dampdestillasjon<\/p>\n<p><strong>Bulgarsk lavendelolje er en konsentrert v\u00e6ske som inneholder flyktige aromatiske forbindelser som dampdestilleres fra lavendelplanten. Lavendel har blitt brukt i \u00e5rhundrer for \u00e5 helbrede<br \/>ulike plager, fra mindre kutt, bl\u00e5merker og branns\u00e5r til<br \/>kroniske sykdommer som revmatisme, astma og dermatitt.<br \/>Den umiddelbare attraksjonen og bruken av lavendelolje<br \/>er i parfymeindustrien for dens friske, s\u00f8te og litt<br \/>fruktige blomsterduft.<\/p>\n<p>Denne essensielle oljen, som de fleste andre, brukes vanligvis blandet<br \/>med en base- eller b\u00e6rerolje som s\u00f8t mandel, druekjerneolje,<br \/>jojobaolje, avokadoolje og andre, med mindre det er til badet ditt, da<br \/>du bare kan tilsette noen dr\u00e5per i badevannet. Bruk denne<br \/>oljen for en behagelig duft eller aromaterapi med en olje<br \/>brenner eller vaporiser. I aromaterapi brukes den ofte for \u00e5<br \/>bekjempe depresjon, stress og tretthet. R\u00e5df\u00f8r deg alltid med en<br \/>autorisert behandler n\u00e5r du bruker lavendelolje<br \/>som et helsemiddel eller til aromaterapi.<\/p>\n","protected":false},"excerpt":{"rendered":"<p>Latinsk navn:Lavandula AngustifoliaDel av planten som brukes: BlomstringstipperKilde: BulgariaEkstraksjonsmetode: Dampdestillasjon Bulgarsk lavendelolje er en konsentrert v\u00e6ske som inneholder flyktige aromatiske forbindelser som dampdestilleres fra lavendelplanten. Lavendel har blitt brukt i \u00e5rhundrer for \u00e5 helbredeulike plager, fra mindre kutt, bl\u00e5merker og branns\u00e5r tilkroniske sykdommer som revmatisme, astma og dermatitt.Den umiddelbare attraksjonen og bruken av lavendeloljeer i [&hellip;]<\/p>\n","protected":false},"featured_media":262169,"comment_status":"closed","ping_status":"open","template":"","meta":{"_angie_page":false},"product_brand":[27096],"product_cat":[9065,26834,25843,10236,26232],"product_tag":[],"class_list":{"0":"post-210070","1":"product","2":"type-product","3":"status-publish","4":"has-post-thumbnail","6":"product_brand-ancient-wisdom","7":"product_cat-aromaterapi-og-romduft","8":"product_cat-blomster","9":"product_cat-dufter-aromaer","10":"product_cat-eteriske-oljer","11":"product_cat-lavendel","12":"pa_collection-aromatherapy-essential-oils-10ml-no","13":"pa_made-in-bulgaria","14":"pa_size-10ml","16":"first","17":"instock","18":"purchasable","19":"product-type-simple"},"supplier_id":null,"supplier_sku":"EO-89","barcode":null,"atum_controlled":true,"out_stock_date":null,"out_stock_threshold":null,"inheritable":false,"inbound_stock":0,"stock_on_hold":0,"sold_today":0,"sales_last_days":0,"reserved_stock":0,"customer_returns":0,"warehouse_damage":0,"lost_in_post":0,"other_logs":0,"out_stock_days":9,"lost_sales":0,"has_location":false,"update_date":"2026-04-27T07:00:59","atum_locations":[],"atum_stock_status":"instock","restock_status":false,"low_stock_amount":"","sales_update_date":"2026-01-30T01:25:00","calc_backorders":null,"_links":{"self":[{"href":"https:\/\/aromasentia.com\/no\/wp-json\/wp\/v2\/product\/210070","targetHints":{"allow":["GET"]}}],"collection":[{"href":"https:\/\/aromasentia.com\/no\/wp-json\/wp\/v2\/product"}],"about":[{"href":"https:\/\/aromasentia.com\/no\/wp-json\/wp\/v2\/types\/product"}],"replies":[{"embeddable":true,"href":"https:\/\/aromasentia.com\/no\/wp-json\/wp\/v2\/comments?post=210070"}],"version-history":[{"count":0,"href":"https:\/\/aromasentia.com\/no\/wp-json\/wp\/v2\/product\/210070\/revisions"}],"wp:featuredmedia":[{"embeddable":true,"href":"https:\/\/aromasentia.com\/no\/wp-json\/wp\/v2\/media\/262169"}],"wp:attachment":[{"href":"https:\/\/aromasentia.com\/no\/wp-json\/wp\/v2\/media?parent=210070"}],"wp:term":[{"taxonomy":"product_brand","embeddable":true,"href":"https:\/\/aromasentia.com\/no\/wp-json\/wp\/v2\/product_brand?post=210070"},{"taxonomy":"product_cat","embeddable":true,"href":"https:\/\/aromasentia.com\/no\/wp-json\/wp\/v2\/product_cat?post=210070"},{"taxonomy":"product_tag","embeddable":true,"href":"https:\/\/aromasentia.com\/no\/wp-json\/wp\/v2\/product_tag?post=210070"}],"curies":[{"name":"wp","href":"https:\/\/api.w.org\/{rel}","templated":true}]}}