{"id":210069,"date":"2025-03-20T14:53:15","date_gmt":"2025-03-20T14:53:15","guid":{"rendered":"https:\/\/aromasentia.com\/product\/10ml-helichrysum-essential-oil\/"},"modified":"2025-05-31T06:58:53","modified_gmt":"2025-05-31T06:58:53","slug":"dillfro-eterisk-olje-10ml","status":"publish","type":"product","link":"https:\/\/aromasentia.com\/no\/dillfro-eterisk-olje-10ml\/","title":{"rendered":"Dillfr\u00f8 Eterisk Olje 10ml"},"content":{"rendered":"<p><strong>Latinsk navn: <\/strong>Helichrysum Italicum<br \/><strong>Plantedel brukt:<\/strong> Blomster<br \/><strong>Kilde:<\/strong> Italia<br \/><strong>Ekstraksjonsmetode:<\/strong> Dampdestillasjon<br \/><strong>Aromatisk beskrivelse:<\/strong> Urteaktig, honning, h\u00f8y<\/p>\n<p><strong>Helichrysum<\/strong> brukes ofte for \u00e5 forhindre aldringstegn og omtales som \u00abDen evige blomsten\u00bb p\u00e5 grunn av dens foryngende fordeler for huden og evnen til \u00e5 forbedre hudtonen.<\/p>\n<p>Helichrysum italicum er en liten fler\u00e5rig urt med smale, s\u00f8lvfargede blader og blomster som danner en klynge av gyllengule, kuleformede blomster. Navnet \u00abHelichrysum\u00bb er avledet fra det greske ordet \u00abhelios\u00bb som betyr sol og \u00abchrysos\u00bb som betyr gull, og refererer til fargen p\u00e5 blomstene. Helichrysum har blitt brukt i urtebaserte helsemetoder siden antikkens Hellas, og oljen er h\u00f8yt verdsatt og ettertraktet for sine mange helsefordeler.<\/p>\n<p>Helichrysum er best kjent for sine gjenopprettende egenskaper for huden. Helichrysum, ogs\u00e5 referert til som den evige eller ud\u00f8delige blomsten, brukes i antialdringsprodukter for sine foryngende fordeler for huden. Helichrysum kan bidra til \u00e5 redusere synligheten av urenheter, og den fremmer en gl\u00f8dende, ungdommelig hudtone.<\/p>\n<p><strong>Bruksomr\u00e5der<\/strong><\/p>\n<p>P\u00e5f\u00f8r i ansiktet for \u00e5 redusere synligheten av rynker og for \u00e5 fremme en gl\u00f8dende, ungdommelig hudtone.<\/p>\n<p>Masser inn i tinningene og baksiden av nakken for en beroligende f\u00f8lelse.<\/p>\n<p><\/p>\n<p><\/p>\n","protected":false},"excerpt":{"rendered":"<p>Latinsk navn: Helichrysum ItalicumPlantedel brukt: BlomsterKilde: ItaliaEkstraksjonsmetode: DampdestillasjonAromatisk beskrivelse: Urteaktig, honning, h\u00f8y Helichrysum brukes ofte for \u00e5 forhindre aldringstegn og omtales som \u00abDen evige blomsten\u00bb p\u00e5 grunn av dens foryngende fordeler for huden og evnen til \u00e5 forbedre hudtonen. Helichrysum italicum er en liten fler\u00e5rig urt med smale, s\u00f8lvfargede blader og blomster som danner en [&hellip;]<\/p>\n","protected":false},"featured_media":262152,"comment_status":"closed","ping_status":"open","template":"","meta":{"_angie_page":false},"product_brand":[27096],"product_cat":[9065,26834,25843,10236,26207],"product_tag":[],"class_list":{"0":"post-210069","1":"product","2":"type-product","3":"status-publish","4":"has-post-thumbnail","6":"product_brand-ancient-wisdom","7":"product_cat-aromaterapi-og-romduft","8":"product_cat-blomster","9":"product_cat-dufter-aromaer","10":"product_cat-eteriske-oljer","11":"product_cat-helichrysum-evighetsblomst","12":"pa_collection-aromatherapy-essential-oils-10ml-no","13":"pa_made-in-italia","14":"pa_size-10ml","16":"first","17":"instock","18":"purchasable","19":"product-type-simple"},"supplier_id":null,"supplier_sku":"EO-88","barcode":null,"atum_controlled":true,"out_stock_date":null,"out_stock_threshold":null,"inheritable":false,"inbound_stock":null,"stock_on_hold":0,"sold_today":0,"sales_last_days":0,"reserved_stock":null,"customer_returns":null,"warehouse_damage":null,"lost_in_post":null,"other_logs":null,"out_stock_days":0,"lost_sales":0,"has_location":null,"update_date":"2026-05-08T05:07:22","atum_locations":[],"atum_stock_status":"instock","restock_status":false,"low_stock_amount":"","sales_update_date":"2026-01-20T05:13:42","calc_backorders":null,"_links":{"self":[{"href":"https:\/\/aromasentia.com\/no\/wp-json\/wp\/v2\/product\/210069","targetHints":{"allow":["GET"]}}],"collection":[{"href":"https:\/\/aromasentia.com\/no\/wp-json\/wp\/v2\/product"}],"about":[{"href":"https:\/\/aromasentia.com\/no\/wp-json\/wp\/v2\/types\/product"}],"replies":[{"embeddable":true,"href":"https:\/\/aromasentia.com\/no\/wp-json\/wp\/v2\/comments?post=210069"}],"version-history":[{"count":0,"href":"https:\/\/aromasentia.com\/no\/wp-json\/wp\/v2\/product\/210069\/revisions"}],"wp:featuredmedia":[{"embeddable":true,"href":"https:\/\/aromasentia.com\/no\/wp-json\/wp\/v2\/media\/262152"}],"wp:attachment":[{"href":"https:\/\/aromasentia.com\/no\/wp-json\/wp\/v2\/media?parent=210069"}],"wp:term":[{"taxonomy":"product_brand","embeddable":true,"href":"https:\/\/aromasentia.com\/no\/wp-json\/wp\/v2\/product_brand?post=210069"},{"taxonomy":"product_cat","embeddable":true,"href":"https:\/\/aromasentia.com\/no\/wp-json\/wp\/v2\/product_cat?post=210069"},{"taxonomy":"product_tag","embeddable":true,"href":"https:\/\/aromasentia.com\/no\/wp-json\/wp\/v2\/product_tag?post=210069"}],"curies":[{"name":"wp","href":"https:\/\/api.w.org\/{rel}","templated":true}]}}