{"id":210067,"date":"2025-03-20T14:53:15","date_gmt":"2025-03-20T14:53:15","guid":{"rendered":"https:\/\/aromasentia.com\/product\/10ml-oregano-essential-oil\/"},"modified":"2025-05-31T06:58:46","modified_gmt":"2025-05-31T06:58:46","slug":"engelsk-lavendel-eterisk-olje-10ml","status":"publish","type":"product","link":"https:\/\/aromasentia.com\/no\/engelsk-lavendel-eterisk-olje-10ml\/","title":{"rendered":"Engelsk Lavendel Eterisk Olje 10ml"},"content":{"rendered":"<p><strong>Latinsk navn:<\/strong> Origanum Vulgare<br \/><strong>Plantedel brukt:<\/strong> Blader og blomster<br \/><strong>Kilde:<\/strong> Spania<br \/><strong>Ekstraksjonsmetode:<\/strong> Dampdestillasjon<br \/><strong>Aromatisk beskrivelse:<\/strong>Urteaktig, skarp, gr\u00f8nn, kamferaktig<\/p>\n<p>Oregano er en av de mest potente og kraftige essensielle oljene og har blitt brukt i \u00e5rhundrer i tradisjonell praksis. P\u00e5 grunn av det h\u00f8ye fenolinnholdet b\u00f8r man v\u00e6re forsiktig ved inn\u00e5nding eller diffusering av oregano; bare \u00e9n til to dr\u00e5per er n\u00f8dvendig.<\/p>\n<p>I tillegg b\u00f8r oregano fortynnes med en b\u00e6rerolje n\u00e5r den p\u00e5f\u00f8res huden.<\/p>\n<p><\/p>\n<p><\/p>\n","protected":false},"excerpt":{"rendered":"<p>Latinsk navn: Origanum VulgarePlantedel brukt: Blader og blomsterKilde: SpaniaEkstraksjonsmetode: DampdestillasjonAromatisk beskrivelse:Urteaktig, skarp, gr\u00f8nn, kamferaktig Oregano er en av de mest potente og kraftige essensielle oljene og har blitt brukt i \u00e5rhundrer i tradisjonell praksis. P\u00e5 grunn av det h\u00f8ye fenolinnholdet b\u00f8r man v\u00e6re forsiktig ved inn\u00e5nding eller diffusering av oregano; bare \u00e9n til to dr\u00e5per [&hellip;]<\/p>\n","protected":false},"featured_media":262118,"comment_status":"closed","ping_status":"open","template":"","meta":{"_angie_page":false},"product_brand":[27096],"product_cat":[9065,25843,10236,26314,26862],"product_tag":[],"class_list":{"0":"post-210067","1":"product","2":"type-product","3":"status-publish","4":"has-post-thumbnail","6":"product_brand-ancient-wisdom","7":"product_cat-aromaterapi-og-romduft","8":"product_cat-dufter-aromaer","9":"product_cat-eteriske-oljer","10":"product_cat-oregano","11":"product_cat-urte-aromatisk","12":"pa_collection-aromatherapy-essential-oils-10ml-no","13":"pa_made-in-spania","14":"pa_size-10ml","16":"first","17":"instock","18":"purchasable","19":"product-type-simple"},"supplier_id":null,"supplier_sku":"EO-86","barcode":null,"atum_controlled":true,"out_stock_date":null,"out_stock_threshold":null,"inheritable":false,"inbound_stock":null,"stock_on_hold":0,"sold_today":0,"sales_last_days":0,"reserved_stock":null,"customer_returns":null,"warehouse_damage":null,"lost_in_post":null,"other_logs":null,"out_stock_days":0,"lost_sales":0,"has_location":null,"update_date":"2026-04-27T07:00:59","atum_locations":[],"atum_stock_status":"instock","restock_status":false,"low_stock_amount":"","sales_update_date":"2025-09-03T00:27:57","calc_backorders":null,"_links":{"self":[{"href":"https:\/\/aromasentia.com\/no\/wp-json\/wp\/v2\/product\/210067","targetHints":{"allow":["GET"]}}],"collection":[{"href":"https:\/\/aromasentia.com\/no\/wp-json\/wp\/v2\/product"}],"about":[{"href":"https:\/\/aromasentia.com\/no\/wp-json\/wp\/v2\/types\/product"}],"replies":[{"embeddable":true,"href":"https:\/\/aromasentia.com\/no\/wp-json\/wp\/v2\/comments?post=210067"}],"version-history":[{"count":0,"href":"https:\/\/aromasentia.com\/no\/wp-json\/wp\/v2\/product\/210067\/revisions"}],"wp:featuredmedia":[{"embeddable":true,"href":"https:\/\/aromasentia.com\/no\/wp-json\/wp\/v2\/media\/262118"}],"wp:attachment":[{"href":"https:\/\/aromasentia.com\/no\/wp-json\/wp\/v2\/media?parent=210067"}],"wp:term":[{"taxonomy":"product_brand","embeddable":true,"href":"https:\/\/aromasentia.com\/no\/wp-json\/wp\/v2\/product_brand?post=210067"},{"taxonomy":"product_cat","embeddable":true,"href":"https:\/\/aromasentia.com\/no\/wp-json\/wp\/v2\/product_cat?post=210067"},{"taxonomy":"product_tag","embeddable":true,"href":"https:\/\/aromasentia.com\/no\/wp-json\/wp\/v2\/product_tag?post=210067"}],"curies":[{"name":"wp","href":"https:\/\/api.w.org\/{rel}","templated":true}]}}