{"id":210052,"date":"2025-03-20T14:53:48","date_gmt":"2025-03-20T14:53:48","guid":{"rendered":"https:\/\/aromasentia.com\/product\/red-thyme-essential-oil-10ml\/"},"modified":"2025-05-31T06:57:45","modified_gmt":"2025-05-31T06:57:45","slug":"rod-timian-eterisk-olje-10ml","status":"publish","type":"product","link":"https:\/\/aromasentia.com\/no\/rod-timian-eterisk-olje-10ml\/","title":{"rendered":"R\u00f8d Timian Eterisk Olje 10ml"},"content":{"rendered":"<p><strong><span style=\"color: rgb(75, 80, 88);\">Latinsk navn:<\/span><\/strong><span style=\"color: rgb(75, 80, 88);\"> <em>Thymus serpyllum<\/em><br \/><strong>Del av plante brukt:<\/strong> <em>Blader<\/em><br \/><strong>Kilde:<\/strong><em>Spania<\/em><br \/><strong>Ekstraksjonsmetode:<\/strong> <em>Dampdestillasjon<\/em><\/span><\/p>\n<p><span style=\"color: rgb(75, 80, 88);\">Engros eterisk olje av r\u00f8d timian er stimulerende med sterke antimikrobielle og antiseptiske egenskaper. Den har en varm urteaktig duft.<\/span><\/p>\n<p><span style=\"color: rgb(75, 80, 88);\">I aromaterapi har eterisk olje av r\u00f8d timian et bredt bruksomr\u00e5de.<\/span><\/p>\n<p><span style=\"color: rgb(75, 80, 88);\">Den brukes mest til aromadiffusorer, romsprayer og duftt\u00e5ker, spesielt i den viktigste influensa- og forkj\u00f8lelsessesongen. N\u00e5r den brukes topisk, kan den bidra til \u00e5 drive bort insekter.<\/span><\/p>\n<p><span style=\"color: rgb(141, 186, 216);\"><strong>Merk: V\u00e5re eteriske oljer er ikke egnet for innvortes bruk.<\/strong><\/span><\/p>\n","protected":false},"excerpt":{"rendered":"<p>Latinsk navn: Thymus serpyllumDel av plante brukt: BladerKilde:SpaniaEkstraksjonsmetode: Dampdestillasjon Engros eterisk olje av r\u00f8d timian er stimulerende med sterke antimikrobielle og antiseptiske egenskaper. Den har en varm urteaktig duft. I aromaterapi har eterisk olje av r\u00f8d timian et bredt bruksomr\u00e5de. Den brukes mest til aromadiffusorer, romsprayer og duftt\u00e5ker, spesielt i den viktigste influensa- og forkj\u00f8lelsessesongen. [&hellip;]<\/p>\n","protected":false},"featured_media":262204,"comment_status":"closed","ping_status":"open","template":"","meta":[],"product_brand":[27096],"product_cat":[9065,25843,10236,26363,26862],"product_tag":[],"class_list":{"0":"post-210052","1":"product","2":"type-product","3":"status-publish","4":"has-post-thumbnail","6":"product_brand-ancient-wisdom","7":"product_cat-aromaterapi-og-romduft","8":"product_cat-dufter-aromaer","9":"product_cat-eteriske-oljer","10":"product_cat-rod-timian","11":"product_cat-urte-aromatisk","12":"pa_collection-aromatherapy-essential-oils-10ml-no","13":"pa_made-in-spania","14":"pa_size-10ml","16":"first","17":"instock","18":"purchasable","19":"product-type-simple"},"supplier_id":null,"supplier_sku":"EO-92","barcode":null,"atum_controlled":true,"out_stock_date":null,"out_stock_threshold":null,"inheritable":false,"inbound_stock":null,"stock_on_hold":0,"sold_today":0,"sales_last_days":0,"reserved_stock":null,"customer_returns":null,"warehouse_damage":null,"lost_in_post":null,"other_logs":null,"out_stock_days":13,"lost_sales":0,"has_location":null,"update_date":"2026-02-11T03:19:46","atum_locations":[],"atum_stock_status":"instock","restock_status":false,"low_stock_amount":"","sales_update_date":"2026-01-30T01:24:47","calc_backorders":null,"_links":{"self":[{"href":"https:\/\/aromasentia.com\/no\/wp-json\/wp\/v2\/product\/210052","targetHints":{"allow":["GET"]}}],"collection":[{"href":"https:\/\/aromasentia.com\/no\/wp-json\/wp\/v2\/product"}],"about":[{"href":"https:\/\/aromasentia.com\/no\/wp-json\/wp\/v2\/types\/product"}],"replies":[{"embeddable":true,"href":"https:\/\/aromasentia.com\/no\/wp-json\/wp\/v2\/comments?post=210052"}],"version-history":[{"count":0,"href":"https:\/\/aromasentia.com\/no\/wp-json\/wp\/v2\/product\/210052\/revisions"}],"wp:featuredmedia":[{"embeddable":true,"href":"https:\/\/aromasentia.com\/no\/wp-json\/wp\/v2\/media\/262204"}],"wp:attachment":[{"href":"https:\/\/aromasentia.com\/no\/wp-json\/wp\/v2\/media?parent=210052"}],"wp:term":[{"taxonomy":"product_brand","embeddable":true,"href":"https:\/\/aromasentia.com\/no\/wp-json\/wp\/v2\/product_brand?post=210052"},{"taxonomy":"product_cat","embeddable":true,"href":"https:\/\/aromasentia.com\/no\/wp-json\/wp\/v2\/product_cat?post=210052"},{"taxonomy":"product_tag","embeddable":true,"href":"https:\/\/aromasentia.com\/no\/wp-json\/wp\/v2\/product_tag?post=210052"}],"curies":[{"name":"wp","href":"https:\/\/api.w.org\/{rel}","templated":true}]}}