{"id":210023,"date":"2025-03-20T14:54:19","date_gmt":"2025-03-20T14:54:19","guid":{"rendered":"https:\/\/aromasentia.com\/product\/rose-dilute-0-5kg\/"},"modified":"2025-06-28T22:44:10","modified_gmt":"2025-06-28T22:44:10","slug":"rose-fortynnet-eterisk-olje-500ml","status":"publish","type":"product","link":"https:\/\/aromasentia.com\/no\/rose-fortynnet-eterisk-olje-500ml\/","title":{"rendered":"Rose Fortynnet Eterisk Olje 500ml"},"content":{"rendered":"<p>Unn deg rosens tidl\u00f8se tiltrekningskraft med denne 500 ml fortynnede eteriske oljen. Denne fortynnede oljen fanger opp den hjertel\u00f8ftende, romantiske og vakkert blomstrende duften av friske roser, og tilbyr en mer sk\u00e5nsom m\u00e5te \u00e5 oppleve den dyrebare essensen p\u00e5. Den er perfekt til parfymeri, hudpleie eller til \u00e5 spre for \u00e5 skape en atmosf\u00e6re av kj\u00e6rlighet, fred og f\u00f8lelsesmessig tr\u00f8st, og den beroliger sjelen og pleier huden. Dens balanserende og harmoniserende egenskaper gj\u00f8r den til et kj\u00e6rkomment tilskudd til enhver aromaterapisamling, og gir et snev av luksus og ro i dine daglige ritualer.<\/p>\n","protected":false},"excerpt":{"rendered":"<p>Unn deg rosens tidl\u00f8se tiltrekningskraft med denne 500 ml fortynnede eteriske oljen. Denne fortynnede oljen fanger opp den hjertel\u00f8ftende, romantiske og vakkert blomstrende duften av friske roser, og tilbyr en mer sk\u00e5nsom m\u00e5te \u00e5 oppleve den dyrebare essensen p\u00e5. Den er perfekt til parfymeri, hudpleie eller til \u00e5 spre for \u00e5 skape en atmosf\u00e6re av [&hellip;]<\/p>\n","protected":false},"featured_media":262632,"comment_status":"closed","ping_status":"open","template":"","meta":{"_angie_page":false},"product_brand":[27096],"product_cat":[9065,26834,25843,26366],"product_tag":[],"class_list":{"0":"post-210023","1":"product","2":"type-product","3":"status-publish","4":"has-post-thumbnail","6":"product_brand-ancient-wisdom","7":"product_cat-aromaterapi-og-romduft","8":"product_cat-blomster","9":"product_cat-dufter-aromaer","10":"product_cat-rose","11":"pa_collection-0-5kg-bulk-essential-oils-no","12":"pa_made-in-marokko","13":"pa_size-500ml","15":"first","16":"instock","17":"purchasable","18":"product-type-simple"},"supplier_id":null,"supplier_sku":"EOB-41","barcode":null,"atum_controlled":true,"out_stock_date":null,"out_stock_threshold":null,"inheritable":false,"inbound_stock":null,"stock_on_hold":0,"sold_today":0,"sales_last_days":0,"reserved_stock":null,"customer_returns":null,"warehouse_damage":null,"lost_in_post":null,"other_logs":null,"out_stock_days":0,"lost_sales":0,"has_location":null,"update_date":"2026-05-08T05:08:27","atum_locations":[],"atum_stock_status":"instock","restock_status":false,"low_stock_amount":"","sales_update_date":"2026-01-30T01:24:39","calc_backorders":null,"_links":{"self":[{"href":"https:\/\/aromasentia.com\/no\/wp-json\/wp\/v2\/product\/210023","targetHints":{"allow":["GET"]}}],"collection":[{"href":"https:\/\/aromasentia.com\/no\/wp-json\/wp\/v2\/product"}],"about":[{"href":"https:\/\/aromasentia.com\/no\/wp-json\/wp\/v2\/types\/product"}],"replies":[{"embeddable":true,"href":"https:\/\/aromasentia.com\/no\/wp-json\/wp\/v2\/comments?post=210023"}],"version-history":[{"count":0,"href":"https:\/\/aromasentia.com\/no\/wp-json\/wp\/v2\/product\/210023\/revisions"}],"wp:featuredmedia":[{"embeddable":true,"href":"https:\/\/aromasentia.com\/no\/wp-json\/wp\/v2\/media\/262632"}],"wp:attachment":[{"href":"https:\/\/aromasentia.com\/no\/wp-json\/wp\/v2\/media?parent=210023"}],"wp:term":[{"taxonomy":"product_brand","embeddable":true,"href":"https:\/\/aromasentia.com\/no\/wp-json\/wp\/v2\/product_brand?post=210023"},{"taxonomy":"product_cat","embeddable":true,"href":"https:\/\/aromasentia.com\/no\/wp-json\/wp\/v2\/product_cat?post=210023"},{"taxonomy":"product_tag","embeddable":true,"href":"https:\/\/aromasentia.com\/no\/wp-json\/wp\/v2\/product_tag?post=210023"}],"curies":[{"name":"wp","href":"https:\/\/api.w.org\/{rel}","templated":true}]}}