{"id":209994,"date":"2025-03-20T14:54:52","date_gmt":"2025-03-20T14:54:52","guid":{"rendered":"https:\/\/aromasentia.com\/product\/100ml-essential-oil-mist-may-chang-bergamot\/"},"modified":"2025-05-31T06:53:12","modified_gmt":"2025-05-31T06:53:12","slug":"may-chang-bergamot-eterisk-olje-mist-100ml","status":"publish","type":"product","link":"https:\/\/aromasentia.com\/no\/may-chang-bergamot-eterisk-olje-mist-100ml\/","title":{"rendered":"May Chang &#038; Bergamot Eterisk Olje Mist 100ml"},"content":{"rendered":"<p><strong>Rene essensielle oljer fra May Chang og Bergamott<\/strong> er tilsatt denne delikate aromaterapi-t\u00e5ken, for \u00e5 fremme en f\u00f8lelse av ro n\u00e5r det er behov for det.<\/p>\n<p>Ideell for \u00e5 forbedre hum\u00f8ret ditt, og fremme en f\u00f8lelse av avslapning og ro n\u00e5r som helst p\u00e5 dagen eller natten.<\/p>\n<p>For \u00e5 slappe av, spray t\u00e5ken over hodet eller spray direkte p\u00e5 senget\u00f8y for \u00e5 oppmuntre til en bedre natts s\u00f8vn.<\/p>\n<p><strong>Viktige ingredienser:<\/strong><\/p>\n<p>May Chang<\/p>\n<p>May Chang eterisk olje har forfriskende egenskaper. Den revitaliserende sitrusduften gj\u00f8r den perfekt for \u00e5 lindre tretthet, sl\u00f8vhet og mental t\u00e5ke.<\/p>\n<p><strong>Bergamott<\/strong><\/p>\n<p>Bergamott eterisk olje er en essensiell hum\u00f8rl\u00f8fter. I aromaterapi har bergamott vist seg \u00e5 fremkalle f\u00f8lelser av lykke, forfriskning og glede.<\/p>\n<p><strong>Yorkshire-vann:<\/strong><\/p>\n<p>Ikke bare hydrerer det og smaker godt som drikkevann, det forbedrer ogs\u00e5 hudens helse og skj\u00f8nnhet. Vi tror dette vannet er en viktig ingrediens i Yorkshire-te og like perfekt i Ancient Wisdom Aromatherapy Mists.<\/p>\n<p><strong>Trollhassel:<\/strong><\/p>\n<p>Trollhassel tilsettes i stedet for alkohol for god fordampning i rommet og senget\u00f8yet, og er et sammentrekkende middel som ofte brukes som et naturlig topisk middel. Det inneholder flere forbindelser med potente betennelsesdempende og antivirale egenskaper.<\/p>\n","protected":false},"excerpt":{"rendered":"<p>Rene essensielle oljer fra May Chang og Bergamott er tilsatt denne delikate aromaterapi-t\u00e5ken, for \u00e5 fremme en f\u00f8lelse av ro n\u00e5r det er behov for det. Ideell for \u00e5 forbedre hum\u00f8ret ditt, og fremme en f\u00f8lelse av avslapning og ro n\u00e5r som helst p\u00e5 dagen eller natten. For \u00e5 slappe av, spray t\u00e5ken over hodet [&hellip;]<\/p>\n","protected":false},"featured_media":263257,"comment_status":"closed","ping_status":"open","template":"","meta":[],"product_brand":[27096],"product_cat":[9065,26103,25843,10236,26271],"product_tag":[],"class_list":{"0":"post-209994","1":"product","2":"type-product","3":"status-publish","4":"has-post-thumbnail","6":"product_brand-ancient-wisdom","7":"product_cat-aromaterapi-og-romduft","8":"product_cat-bergamott","9":"product_cat-dufter-aromaer","10":"product_cat-eteriske-oljer","11":"product_cat-may-chang-litsea-cubeba","12":"pa_collection-essential-oil-mists-100ml-no","13":"pa_made-in-storbritannia","14":"pa_size-100ml","16":"first","17":"instock","18":"purchasable","19":"product-type-simple"},"supplier_id":null,"supplier_sku":"EOM-03","barcode":null,"atum_controlled":true,"out_stock_date":null,"out_stock_threshold":null,"inheritable":false,"inbound_stock":0,"stock_on_hold":0,"sold_today":0,"sales_last_days":0,"reserved_stock":0,"customer_returns":0,"warehouse_damage":0,"lost_in_post":0,"other_logs":0,"out_stock_days":0,"lost_sales":0,"has_location":false,"update_date":"2026-02-10T10:22:48","atum_locations":[],"atum_stock_status":"instock","restock_status":false,"low_stock_amount":"","sales_update_date":"2026-02-06T00:01:50","calc_backorders":null,"_links":{"self":[{"href":"https:\/\/aromasentia.com\/no\/wp-json\/wp\/v2\/product\/209994","targetHints":{"allow":["GET"]}}],"collection":[{"href":"https:\/\/aromasentia.com\/no\/wp-json\/wp\/v2\/product"}],"about":[{"href":"https:\/\/aromasentia.com\/no\/wp-json\/wp\/v2\/types\/product"}],"replies":[{"embeddable":true,"href":"https:\/\/aromasentia.com\/no\/wp-json\/wp\/v2\/comments?post=209994"}],"version-history":[{"count":0,"href":"https:\/\/aromasentia.com\/no\/wp-json\/wp\/v2\/product\/209994\/revisions"}],"wp:featuredmedia":[{"embeddable":true,"href":"https:\/\/aromasentia.com\/no\/wp-json\/wp\/v2\/media\/263257"}],"wp:attachment":[{"href":"https:\/\/aromasentia.com\/no\/wp-json\/wp\/v2\/media?parent=209994"}],"wp:term":[{"taxonomy":"product_brand","embeddable":true,"href":"https:\/\/aromasentia.com\/no\/wp-json\/wp\/v2\/product_brand?post=209994"},{"taxonomy":"product_cat","embeddable":true,"href":"https:\/\/aromasentia.com\/no\/wp-json\/wp\/v2\/product_cat?post=209994"},{"taxonomy":"product_tag","embeddable":true,"href":"https:\/\/aromasentia.com\/no\/wp-json\/wp\/v2\/product_tag?post=209994"}],"curies":[{"name":"wp","href":"https:\/\/api.w.org\/{rel}","templated":true}]}}