{"id":209977,"date":"2025-03-20T14:55:32","date_gmt":"2025-03-20T14:55:32","guid":{"rendered":"https:\/\/aromasentia.com\/product\/aromatherapy-essential-oil-set-summer\/"},"modified":"2025-05-31T06:51:39","modified_gmt":"2025-05-31T06:51:39","slug":"eterisk-olje-sett-for-aromaterapi-sommer","status":"publish","type":"product","link":"https:\/\/aromasentia.com\/no\/eterisk-olje-sett-for-aromaterapi-sommer\/","title":{"rendered":"Eterisk Olje-Sett For Aromaterapi &#8211; Sommer"},"content":{"rendered":"<p><span style=\"color: rgb(75, 80, 88);\"><strong>Opplev det fortryllende Ancient Wisdom Aromatherapy Essential Oil Set &#8211; Summer<\/strong>, et herlig tilbud for b\u00e5de hjemmets fristed og sinnets ro.<\/span><\/p>\n<p><span style=\"color: rgb(75, 80, 88);\">Dette n\u00f8ye utvalgte sortimentet inneholder 12 essensielle oljer, plassert i 5 ml flasker, supplert av 2 praktiske pipetter. V\u00e5r ekspertblandede kolleksjon kombinerer s\u00f8ml\u00f8st blomster-, mynte-, treaktige, krydrede og urtearomaer, noe som sikrer en sensorisk reise som revitaliserer og l\u00f8fter hum\u00f8ret.<\/span><\/p>\n<p><span style=\"color: rgb(75, 80, 88);\">-100 % ren<\/span><\/p>\n<p><span style=\"color: rgb(75, 80, 88);\">-H\u00e5ndlaget<\/span><\/p>\n<p><span style=\"color: rgb(75, 80, 88);\">-Veganvennlig<\/span><\/p>\n<p><span style=\"color: rgb(75, 80, 88);\">-Utelukket for dyrefors\u00f8k<\/span><\/p>\n<p><span style=\"color: rgb(75, 80, 88);\">&nbsp;<\/span><\/p>\n<p><span style=\"color: rgb(75, 80, 88);\"><strong>Hva er i eske?<\/strong><\/span><\/p>\n<p><span style=\"color: rgb(75, 80, 88);\">&#8211; 5 ml eterisk olje av gulrotfr\u00f8&nbsp;<\/span><\/p>\n<p><span style=\"color: rgb(75, 80, 88);\">&#8211; 5 ml eterisk olje av sitronella&nbsp;<\/span><\/p>\n<p><span style=\"color: rgb(75, 80, 88);\">&#8211; 5 ml eterisk olje av sypress&nbsp;)<\/span><\/p>\n<p><span style=\"color: rgb(75, 80, 88);\">&#8211; 5 ml eterisk olje av grapefrukt&nbsp;<\/span><\/p>\n<p><span style=\"color: rgb(75, 80, 88);\">&#8211; 5 ml eterisk olje av sitron&nbsp;<\/span><\/p>\n<p><span style=\"color: rgb(75, 80, 88);\">&#8211; 5 ml eterisk olje av lime Olje&nbsp;<\/span><\/p>\n<p><span style=\"color: rgb(75, 80, 88);\">&#8211; 5 ml sitrongressolje&nbsp;<\/span><\/p>\n<p><span style=\"color: rgb(75, 80, 88);\">&#8211; 5 ml appelsinolje&nbsp;<\/span><\/p>\n<p><span style=\"color: rgb(75, 80, 88);\">&#8211; 5 ml maismynteolje&nbsp;<\/span><\/p>\n<p><span style=\"color: rgb(75, 80, 88);\">&#8211; 5 ml gr\u00f8nnmynteolje<\/span><\/p>\n<p><span style=\"color: rgb(75, 80, 88);\">&#8211; 5 ml mandarinolje&nbsp;<\/span><\/p>\n<p><span style=\"color: rgb(75, 80, 88);\">&#8211; 5 ml palmarosaolje<\/span><\/p>\n<p><span style=\"color: rgb(75, 80, 88);\">&#8211; 2x pipetter<\/span><\/p>\n<p><span style=\"color: rgb(75, 80, 88);\"><br \/><\/span><\/p>\n<p><span style=\"color: rgb(75, 80, 88);\"><strong>Tappet og pakket i Sheffield (Storbritannia)<\/strong><\/span><\/p>\n","protected":false},"excerpt":{"rendered":"<p>Opplev det fortryllende Ancient Wisdom Aromatherapy Essential Oil Set &#8211; Summer, et herlig tilbud for b\u00e5de hjemmets fristed og sinnets ro. Dette n\u00f8ye utvalgte sortimentet inneholder 12 essensielle oljer, plassert i 5 ml flasker, supplert av 2 praktiske pipetter. V\u00e5r ekspertblandede kolleksjon kombinerer s\u00f8ml\u00f8st blomster-, mynte-, treaktige, krydrede og urtearomaer, noe som sikrer en sensorisk [&hellip;]<\/p>\n","protected":false},"featured_media":263682,"comment_status":"closed","ping_status":"open","template":"","meta":{"_angie_page":false},"product_brand":[27096],"product_cat":[9065,10236],"product_tag":[],"class_list":{"0":"post-209977","1":"product","2":"type-product","3":"status-publish","4":"has-post-thumbnail","6":"product_brand-ancient-wisdom","7":"product_cat-aromaterapi-og-romduft","8":"product_cat-eteriske-oljer","9":"pa_collection-aromatherapy-essential-oil-set-starter-pack-no","10":"pa_made-in-italia","12":"first","13":"instock","14":"purchasable","15":"product-type-simple"},"supplier_id":null,"supplier_sku":"EOSET-05","barcode":null,"atum_controlled":true,"out_stock_date":null,"out_stock_threshold":null,"inheritable":false,"inbound_stock":null,"stock_on_hold":0,"sold_today":0,"sales_last_days":0,"reserved_stock":null,"customer_returns":null,"warehouse_damage":null,"lost_in_post":null,"other_logs":null,"out_stock_days":0,"lost_sales":0,"has_location":null,"update_date":"2026-04-27T07:01:40","atum_locations":[],"atum_stock_status":"instock","restock_status":false,"low_stock_amount":"","sales_update_date":"2025-09-05T00:16:27","calc_backorders":null,"_links":{"self":[{"href":"https:\/\/aromasentia.com\/no\/wp-json\/wp\/v2\/product\/209977","targetHints":{"allow":["GET"]}}],"collection":[{"href":"https:\/\/aromasentia.com\/no\/wp-json\/wp\/v2\/product"}],"about":[{"href":"https:\/\/aromasentia.com\/no\/wp-json\/wp\/v2\/types\/product"}],"replies":[{"embeddable":true,"href":"https:\/\/aromasentia.com\/no\/wp-json\/wp\/v2\/comments?post=209977"}],"version-history":[{"count":0,"href":"https:\/\/aromasentia.com\/no\/wp-json\/wp\/v2\/product\/209977\/revisions"}],"wp:featuredmedia":[{"embeddable":true,"href":"https:\/\/aromasentia.com\/no\/wp-json\/wp\/v2\/media\/263682"}],"wp:attachment":[{"href":"https:\/\/aromasentia.com\/no\/wp-json\/wp\/v2\/media?parent=209977"}],"wp:term":[{"taxonomy":"product_brand","embeddable":true,"href":"https:\/\/aromasentia.com\/no\/wp-json\/wp\/v2\/product_brand?post=209977"},{"taxonomy":"product_cat","embeddable":true,"href":"https:\/\/aromasentia.com\/no\/wp-json\/wp\/v2\/product_cat?post=209977"},{"taxonomy":"product_tag","embeddable":true,"href":"https:\/\/aromasentia.com\/no\/wp-json\/wp\/v2\/product_tag?post=209977"}],"curies":[{"name":"wp","href":"https:\/\/api.w.org\/{rel}","templated":true}]}}