{"id":209973,"date":"2025-03-20T14:55:32","date_gmt":"2025-03-20T14:55:32","guid":{"rendered":"https:\/\/aromasentia.com\/product\/100ml-essential-oil-mist-thyme-mint\/"},"modified":"2025-05-31T06:51:27","modified_gmt":"2025-05-31T06:51:27","slug":"timian-og-mynte-eterisk-olje-mist-100ml","status":"publish","type":"product","link":"https:\/\/aromasentia.com\/no\/timian-og-mynte-eterisk-olje-mist-100ml\/","title":{"rendered":"Timian Og Mynte Eterisk Olje Mist 100ml"},"content":{"rendered":"<p><strong>Rene essensielle oljer fra timian og mynte tilsatt denne delikate aromaterapi-t\u00e5ken for \u00e5 fremme en f\u00f8lelse av ro n\u00e5r det trengs.<\/p>\n<p>Ideell for \u00e5 forbedre hum\u00f8ret ditt, og fremme en f\u00f8lelse av avslapning og ro n\u00e5r som helst p\u00e5 dagen eller natten.<\/p>\n<p>For \u00e5 slappe av, spray t\u00e5ken over hodet eller spray direkte p\u00e5 senget\u00f8yet for \u00e5 oppmuntre til en bedre natts s\u00f8vn.<\/p>\n<p><strong>Viktige ingredienser:<\/strong><\/p>\n<p>Essensiell olje av timian:<\/p>\n<p>F\u00f8ler du deg mentalt sl\u00f8v midt p\u00e5 dagen? For en forandring, tilsett essensiell olje av timian i din favoritt diffuserblanding for dagtid for \u00e5 f\u00e5 i gang de mentale hjulene. Timianolje har en stimulerende aroma, og \u00e5 tilsette den i din favoritt diffuserblanding for midt p\u00e5 dagen vil fremme en f\u00f8lelse av \u00e5rv\u00e5kenhet.<\/p>\n<p><strong>Essensiell olje av gr\u00f8nnmynte:<\/strong><\/p>\n<p>F\u00f8ler du deg nedfor? Pr\u00f8v \u00e5 bruke litt mynteolje for \u00e5 lyse opp dagen din. Mynteolje best\u00e5r av kjemiske komponenter som karvon og limonen. Disse organiske bestanddelene har energigivende og oppl\u00f8ftende egenskaper.<\/p>\n<p><strong>Yorkshire-vann:<\/strong><\/p>\n<p>Ikke bare hydrerer det og smaker godt som drikkevann, det forbedrer ogs\u00e5 hudens helse og skj\u00f8nnhet. Vi tror dette vannet er en viktig ingrediens i Yorkshire-te og like perfekt i Ancient Wisdom Aromatherapy Mists.<\/p>\n<p><strong>Trollhassel:<\/strong><\/p>\n<p>Trollhassel tilsettes i stedet for alkohol for god fordampning i rommet og senget\u00f8yet, og er et sammentrekkende middel som ofte brukes som et naturlig topisk middel. Det inneholder flere forbindelser med potente betennelsesdempende og antivirale egenskaper.<\/p>\n","protected":false},"excerpt":{"rendered":"<p>Rene essensielle oljer fra timian og mynte tilsatt denne delikate aromaterapi-t\u00e5ken for \u00e5 fremme en f\u00f8lelse av ro n\u00e5r det trengs. Ideell for \u00e5 forbedre hum\u00f8ret ditt, og fremme en f\u00f8lelse av avslapning og ro n\u00e5r som helst p\u00e5 dagen eller natten. For \u00e5 slappe av, spray t\u00e5ken over hodet eller spray direkte p\u00e5 senget\u00f8yet [&hellip;]<\/p>\n","protected":false},"featured_media":263542,"comment_status":"closed","ping_status":"open","template":"","meta":{"_angie_page":false},"product_brand":[27096],"product_cat":[9065,25843,10236,26363,26862],"product_tag":[],"class_list":{"0":"post-209973","1":"product","2":"type-product","3":"status-publish","4":"has-post-thumbnail","6":"product_brand-ancient-wisdom","7":"product_cat-aromaterapi-og-romduft","8":"product_cat-dufter-aromaer","9":"product_cat-eteriske-oljer","10":"product_cat-rod-timian","11":"product_cat-urte-aromatisk","12":"pa_collection-essential-oil-mists-100ml-no","13":"pa_made-in-storbritannia","14":"pa_size-100ml","16":"first","17":"instock","18":"purchasable","19":"product-type-simple"},"supplier_id":null,"supplier_sku":"EOM-08","barcode":null,"atum_controlled":true,"out_stock_date":null,"out_stock_threshold":null,"inheritable":false,"inbound_stock":0,"stock_on_hold":0,"sold_today":0,"sales_last_days":0,"reserved_stock":0,"customer_returns":0,"warehouse_damage":0,"lost_in_post":0,"other_logs":0,"out_stock_days":0,"lost_sales":0,"has_location":false,"update_date":"2026-04-27T07:01:32","atum_locations":[],"atum_stock_status":"instock","restock_status":false,"low_stock_amount":"","sales_update_date":"2026-02-06T00:01:51","calc_backorders":null,"_links":{"self":[{"href":"https:\/\/aromasentia.com\/no\/wp-json\/wp\/v2\/product\/209973","targetHints":{"allow":["GET"]}}],"collection":[{"href":"https:\/\/aromasentia.com\/no\/wp-json\/wp\/v2\/product"}],"about":[{"href":"https:\/\/aromasentia.com\/no\/wp-json\/wp\/v2\/types\/product"}],"replies":[{"embeddable":true,"href":"https:\/\/aromasentia.com\/no\/wp-json\/wp\/v2\/comments?post=209973"}],"version-history":[{"count":0,"href":"https:\/\/aromasentia.com\/no\/wp-json\/wp\/v2\/product\/209973\/revisions"}],"wp:featuredmedia":[{"embeddable":true,"href":"https:\/\/aromasentia.com\/no\/wp-json\/wp\/v2\/media\/263542"}],"wp:attachment":[{"href":"https:\/\/aromasentia.com\/no\/wp-json\/wp\/v2\/media?parent=209973"}],"wp:term":[{"taxonomy":"product_brand","embeddable":true,"href":"https:\/\/aromasentia.com\/no\/wp-json\/wp\/v2\/product_brand?post=209973"},{"taxonomy":"product_cat","embeddable":true,"href":"https:\/\/aromasentia.com\/no\/wp-json\/wp\/v2\/product_cat?post=209973"},{"taxonomy":"product_tag","embeddable":true,"href":"https:\/\/aromasentia.com\/no\/wp-json\/wp\/v2\/product_tag?post=209973"}],"curies":[{"name":"wp","href":"https:\/\/api.w.org\/{rel}","templated":true}]}}