{"id":209970,"date":"2025-03-20T14:55:32","date_gmt":"2025-03-20T14:55:32","guid":{"rendered":"https:\/\/aromasentia.com\/product\/100ml-essential-oil-mist-lavender-fennel\/"},"modified":"2025-05-31T06:51:17","modified_gmt":"2025-05-31T06:51:17","slug":"lavendel-og-fennikel-eterisk-olje-mist-100ml","status":"publish","type":"product","link":"https:\/\/aromasentia.com\/no\/lavendel-og-fennikel-eterisk-olje-mist-100ml\/","title":{"rendered":"Lavendel Og Fennikel Eterisk Olje Mist 100ml"},"content":{"rendered":"<p><strong>Ren eterisk olje fra lavendel og fennikel<\/strong> er tilsatt denne delikate aromaterapi-t\u00e5ken for \u00e5 fremme en f\u00f8lelse av ro n\u00e5r det trengs.<\/p>\n<p>Ideell for \u00e5 forbedre hum\u00f8ret ditt, og fremme en f\u00f8lelse av avslapning og ro n\u00e5r som helst p\u00e5 dagen eller natten.<\/p>\n<p>For \u00e5 slappe av, spray t\u00e5ken over hodet eller spray direkte p\u00e5 senget\u00f8yet for \u00e5 oppmuntre til en bedre natts s\u00f8vn.<\/p>\n<p><strong>Viktige ingredienser:<\/strong><\/p>\n<p>Lavendel<\/p>\n<p>Akkurat som eterisk lavendelolje kan bidra til \u00e5 forvise angst, kan det ogs\u00e5 v\u00e6re en m\u00e5te \u00e5 lindre stress p\u00e5. Hvis du f\u00f8ler deg oppr\u00f8rt etter en spesielt stressende dag p\u00e5 kontoret, kan det \u00e5 puste inn den avslappende duften av lavendelolje bidra til \u00e5 roe ned kropp og sinn.<\/p>\n<p>Fennikel<\/p>\n<p>\u00c5 diffusere eterisk fennikelolje kan gi deg den f\u00f8lelsen av fokus som trengs for \u00e5 v\u00e6re produktiv. For \u00e5 dra nytte av den energigivende aromaen av fennikelolje, bruk den i diffuser i hjemmet eller p\u00e5 kontoret for \u00e5 oppmuntre til en produktiv dag.<\/p>\n<p><strong>Yorkshire-vann:<\/strong><\/p>\n<p>Ikke bare gir det fuktighet og smaker godt som drikkevann, det forbedrer ogs\u00e5 hudens helse og skj\u00f8nnhet. Vi tror dette vannet er en viktig ingrediens i Yorkshire-te og like perfekt i Ancient Wisdom Aromatherapy Mists.<\/p>\n<p><strong>Trollhassel:<\/strong><\/p>\n<p>Trollhassel er tilsatt i stedet for alkohol for god fordampning i rommet og senget\u00f8yet, og er et sammentrekkende middel som ofte brukes som et naturlig topisk middel. Det inneholder flere forbindelser med sterke betennelsesdempende og antivirale egenskaper.<\/p>\n","protected":false},"excerpt":{"rendered":"<p>Ren eterisk olje fra lavendel og fennikel er tilsatt denne delikate aromaterapi-t\u00e5ken for \u00e5 fremme en f\u00f8lelse av ro n\u00e5r det trengs. Ideell for \u00e5 forbedre hum\u00f8ret ditt, og fremme en f\u00f8lelse av avslapning og ro n\u00e5r som helst p\u00e5 dagen eller natten. For \u00e5 slappe av, spray t\u00e5ken over hodet eller spray direkte p\u00e5 [&hellip;]<\/p>\n","protected":false},"featured_media":263371,"comment_status":"closed","ping_status":"open","template":"","meta":{"_angie_page":false},"product_brand":[27096],"product_cat":[9065,26834,25843,10236,26183,26232,26862],"product_tag":[],"class_list":{"0":"post-209970","1":"product","2":"type-product","3":"status-publish","4":"has-post-thumbnail","6":"product_brand-ancient-wisdom","7":"product_cat-aromaterapi-og-romduft","8":"product_cat-blomster","9":"product_cat-dufter-aromaer","10":"product_cat-eteriske-oljer","11":"product_cat-fennikel","12":"product_cat-lavendel","13":"product_cat-urte-aromatisk","14":"pa_collection-essential-oil-mists-100ml-no","15":"pa_made-in-storbritannia","16":"pa_size-100ml","18":"first","19":"instock","20":"purchasable","21":"product-type-simple"},"supplier_id":null,"supplier_sku":"EOM-05","barcode":null,"atum_controlled":true,"out_stock_date":null,"out_stock_threshold":null,"inheritable":false,"inbound_stock":0,"stock_on_hold":0,"sold_today":0,"sales_last_days":0,"reserved_stock":0,"customer_returns":0,"warehouse_damage":0,"lost_in_post":0,"other_logs":0,"out_stock_days":0,"lost_sales":0,"has_location":false,"update_date":"2026-05-08T05:08:28","atum_locations":[],"atum_stock_status":"instock","restock_status":false,"low_stock_amount":"","sales_update_date":"2026-02-06T00:01:49","calc_backorders":null,"_links":{"self":[{"href":"https:\/\/aromasentia.com\/no\/wp-json\/wp\/v2\/product\/209970","targetHints":{"allow":["GET"]}}],"collection":[{"href":"https:\/\/aromasentia.com\/no\/wp-json\/wp\/v2\/product"}],"about":[{"href":"https:\/\/aromasentia.com\/no\/wp-json\/wp\/v2\/types\/product"}],"replies":[{"embeddable":true,"href":"https:\/\/aromasentia.com\/no\/wp-json\/wp\/v2\/comments?post=209970"}],"version-history":[{"count":0,"href":"https:\/\/aromasentia.com\/no\/wp-json\/wp\/v2\/product\/209970\/revisions"}],"wp:featuredmedia":[{"embeddable":true,"href":"https:\/\/aromasentia.com\/no\/wp-json\/wp\/v2\/media\/263371"}],"wp:attachment":[{"href":"https:\/\/aromasentia.com\/no\/wp-json\/wp\/v2\/media?parent=209970"}],"wp:term":[{"taxonomy":"product_brand","embeddable":true,"href":"https:\/\/aromasentia.com\/no\/wp-json\/wp\/v2\/product_brand?post=209970"},{"taxonomy":"product_cat","embeddable":true,"href":"https:\/\/aromasentia.com\/no\/wp-json\/wp\/v2\/product_cat?post=209970"},{"taxonomy":"product_tag","embeddable":true,"href":"https:\/\/aromasentia.com\/no\/wp-json\/wp\/v2\/product_tag?post=209970"}],"curies":[{"name":"wp","href":"https:\/\/api.w.org\/{rel}","templated":true}]}}