{"id":209968,"date":"2025-03-20T14:56:50","date_gmt":"2025-03-20T14:56:50","guid":{"rendered":"https:\/\/aromasentia.com\/product\/10x-10ml-fennel-essential-oil-unlabelled\/"},"modified":"2025-05-31T06:51:10","modified_gmt":"2025-05-31T06:51:10","slug":"fennikel-eterisk-olje-uten-etikett-10ml-10stk","status":"publish","type":"product","link":"https:\/\/aromasentia.com\/no\/fennikel-eterisk-olje-uten-etikett-10ml-10stk\/","title":{"rendered":"Fennikel Eterisk Olje Uten Etikett &#8211; 10ml \/ 10Stk."},"content":{"rendered":"<p>Finn ford\u00f8yelseskomfort og klarhet med denne umerkede 10-pakningen med 10 ml essensiell fennikelolje. S\u00f8t fennikelolje har en s\u00e6regen s\u00f8t, jordaktig og anislignende aroma, og brukes tradisjonelt for \u00e5 st\u00f8tte en sunn ford\u00f8yelse, lette oppbl\u00e5sthet og redusere ubehag. Den er ogs\u00e5 kjent for sine balanserende og rensende egenskaper. I aromaterapi kan duften virke klargj\u00f8rende og beroligende. En unik og st\u00f8ttende olje for de som s\u00f8ker naturlig ford\u00f8yelseshjelp og et snev av lakrislignende s\u00f8dme i sine aromatiske blandinger, klar for din merkevarebygging.<\/p>\n","protected":false},"excerpt":{"rendered":"<p>Finn ford\u00f8yelseskomfort og klarhet med denne umerkede 10-pakningen med 10 ml essensiell fennikelolje. S\u00f8t fennikelolje har en s\u00e6regen s\u00f8t, jordaktig og anislignende aroma, og brukes tradisjonelt for \u00e5 st\u00f8tte en sunn ford\u00f8yelse, lette oppbl\u00e5sthet og redusere ubehag. Den er ogs\u00e5 kjent for sine balanserende og rensende egenskaper. I aromaterapi kan duften virke klargj\u00f8rende og beroligende. [&hellip;]<\/p>\n","protected":false},"featured_media":263883,"comment_status":"closed","ping_status":"open","template":"","meta":{"_angie_page":false},"product_brand":[27096],"product_cat":[9065,25843,10236,26183,26862],"product_tag":[],"class_list":{"0":"post-209968","1":"product","2":"type-product","3":"status-publish","4":"has-post-thumbnail","6":"product_brand-ancient-wisdom","7":"product_cat-aromaterapi-og-romduft","8":"product_cat-dufter-aromaer","9":"product_cat-eteriske-oljer","10":"product_cat-fennikel","11":"product_cat-urte-aromatisk","12":"pa_collection-gifts-unbranded-essential-oils-no","13":"pa_made-in-ukraina","14":"pa_size-10ml","16":"first","17":"instock","18":"purchasable","19":"product-type-simple"},"supplier_id":null,"supplier_sku":"EOUL-16","barcode":null,"atum_controlled":true,"out_stock_date":null,"out_stock_threshold":null,"inheritable":false,"inbound_stock":null,"stock_on_hold":0,"sold_today":0,"sales_last_days":0,"reserved_stock":null,"customer_returns":null,"warehouse_damage":null,"lost_in_post":null,"other_logs":null,"out_stock_days":9,"lost_sales":0,"has_location":null,"update_date":"2026-04-27T07:01:47","atum_locations":[],"atum_stock_status":"instock","restock_status":false,"low_stock_amount":"","sales_update_date":"2026-01-30T01:24:57","calc_backorders":null,"_links":{"self":[{"href":"https:\/\/aromasentia.com\/no\/wp-json\/wp\/v2\/product\/209968","targetHints":{"allow":["GET"]}}],"collection":[{"href":"https:\/\/aromasentia.com\/no\/wp-json\/wp\/v2\/product"}],"about":[{"href":"https:\/\/aromasentia.com\/no\/wp-json\/wp\/v2\/types\/product"}],"replies":[{"embeddable":true,"href":"https:\/\/aromasentia.com\/no\/wp-json\/wp\/v2\/comments?post=209968"}],"version-history":[{"count":0,"href":"https:\/\/aromasentia.com\/no\/wp-json\/wp\/v2\/product\/209968\/revisions"}],"wp:featuredmedia":[{"embeddable":true,"href":"https:\/\/aromasentia.com\/no\/wp-json\/wp\/v2\/media\/263883"}],"wp:attachment":[{"href":"https:\/\/aromasentia.com\/no\/wp-json\/wp\/v2\/media?parent=209968"}],"wp:term":[{"taxonomy":"product_brand","embeddable":true,"href":"https:\/\/aromasentia.com\/no\/wp-json\/wp\/v2\/product_brand?post=209968"},{"taxonomy":"product_cat","embeddable":true,"href":"https:\/\/aromasentia.com\/no\/wp-json\/wp\/v2\/product_cat?post=209968"},{"taxonomy":"product_tag","embeddable":true,"href":"https:\/\/aromasentia.com\/no\/wp-json\/wp\/v2\/product_tag?post=209968"}],"curies":[{"name":"wp","href":"https:\/\/api.w.org\/{rel}","templated":true}]}}