{"id":209967,"date":"2025-03-20T14:56:50","date_gmt":"2025-03-20T14:56:50","guid":{"rendered":"https:\/\/aromasentia.com\/product\/10x-10ml-blackpepper-essential-oil-unlabelled\/"},"modified":"2025-05-31T06:51:07","modified_gmt":"2025-05-31T06:51:07","slug":"svartpepper-eterisk-olje-uten-etikett-10ml-10stk","status":"publish","type":"product","link":"https:\/\/aromasentia.com\/no\/svartpepper-eterisk-olje-uten-etikett-10ml-10stk\/","title":{"rendered":"Svartpepper Eterisk Olje Uten Etikett &#8211; 10ml \/ 10Stk."},"content":{"rendered":"<p>Gi energi og stimulans med denne umerkede 10-pakningen med 10 ml eterisk olje av svartpepper. Blackpepper-oljen har en skarp, krydret og varmende aroma og er kjent for sin evne til \u00e5 styrke sinnet, forbedre sirkulasjonen og lindre muskelsmerter. Den kan gi et stimulerende l\u00f8ft n\u00e5r den diffunderes, og brukes ofte i massasjeblandinger p\u00e5 grunn av sine varmende og smertelindrende egenskaper. En potent og brennende olje som gir aromaterapiblandinger et kick, perfekt for dem som \u00f8nsker en naturlig m\u00e5te \u00e5 \u00f8ke \u00e5rv\u00e5kenheten og lindre ubehag p\u00e5.<\/p>\n","protected":false},"excerpt":{"rendered":"<p>Gi energi og stimulans med denne umerkede 10-pakningen med 10 ml eterisk olje av svartpepper. Blackpepper-oljen har en skarp, krydret og varmende aroma og er kjent for sin evne til \u00e5 styrke sinnet, forbedre sirkulasjonen og lindre muskelsmerter. Den kan gi et stimulerende l\u00f8ft n\u00e5r den diffunderes, og brukes ofte i massasjeblandinger p\u00e5 grunn av [&hellip;]<\/p>\n","protected":false},"featured_media":263874,"comment_status":"closed","ping_status":"open","template":"","meta":{"_angie_page":false},"product_brand":[27096],"product_cat":[9065,25843,10236,26890,26108],"product_tag":[],"class_list":{"0":"post-209967","1":"product","2":"type-product","3":"status-publish","4":"has-post-thumbnail","6":"product_brand-ancient-wisdom","7":"product_cat-aromaterapi-og-romduft","8":"product_cat-dufter-aromaer","9":"product_cat-eteriske-oljer","10":"product_cat-krydret","11":"product_cat-svart-pepper","12":"pa_collection-gifts-unbranded-essential-oils-no","13":"pa_made-in-india","14":"pa_size-10ml","16":"first","17":"instock","18":"purchasable","19":"product-type-simple"},"supplier_id":null,"supplier_sku":"EOUL-15","barcode":null,"atum_controlled":true,"out_stock_date":null,"out_stock_threshold":null,"inheritable":false,"inbound_stock":null,"stock_on_hold":0,"sold_today":0,"sales_last_days":0,"reserved_stock":null,"customer_returns":null,"warehouse_damage":null,"lost_in_post":null,"other_logs":null,"out_stock_days":9,"lost_sales":0,"has_location":null,"update_date":"2026-04-27T07:01:40","atum_locations":[],"atum_stock_status":"instock","restock_status":false,"low_stock_amount":"","sales_update_date":"2026-01-30T01:24:54","calc_backorders":null,"_links":{"self":[{"href":"https:\/\/aromasentia.com\/no\/wp-json\/wp\/v2\/product\/209967","targetHints":{"allow":["GET"]}}],"collection":[{"href":"https:\/\/aromasentia.com\/no\/wp-json\/wp\/v2\/product"}],"about":[{"href":"https:\/\/aromasentia.com\/no\/wp-json\/wp\/v2\/types\/product"}],"replies":[{"embeddable":true,"href":"https:\/\/aromasentia.com\/no\/wp-json\/wp\/v2\/comments?post=209967"}],"version-history":[{"count":0,"href":"https:\/\/aromasentia.com\/no\/wp-json\/wp\/v2\/product\/209967\/revisions"}],"wp:featuredmedia":[{"embeddable":true,"href":"https:\/\/aromasentia.com\/no\/wp-json\/wp\/v2\/media\/263874"}],"wp:attachment":[{"href":"https:\/\/aromasentia.com\/no\/wp-json\/wp\/v2\/media?parent=209967"}],"wp:term":[{"taxonomy":"product_brand","embeddable":true,"href":"https:\/\/aromasentia.com\/no\/wp-json\/wp\/v2\/product_brand?post=209967"},{"taxonomy":"product_cat","embeddable":true,"href":"https:\/\/aromasentia.com\/no\/wp-json\/wp\/v2\/product_cat?post=209967"},{"taxonomy":"product_tag","embeddable":true,"href":"https:\/\/aromasentia.com\/no\/wp-json\/wp\/v2\/product_tag?post=209967"}],"curies":[{"name":"wp","href":"https:\/\/api.w.org\/{rel}","templated":true}]}}