{"id":209965,"date":"2025-03-20T14:56:50","date_gmt":"2025-03-20T14:56:50","guid":{"rendered":"https:\/\/aromasentia.com\/product\/10x-10ml-basil-essential-oil-unlabelled\/"},"modified":"2025-05-31T06:50:51","modified_gmt":"2025-05-31T06:50:51","slug":"eterisk-basilikumolje-eterisk-olje-uten-etikett-10ml-10stk","status":"publish","type":"product","link":"https:\/\/aromasentia.com\/no\/eterisk-basilikumolje-eterisk-olje-uten-etikett-10ml-10stk\/","title":{"rendered":"Eterisk Basilikumolje Eterisk Olje Uten Etikett &#8211; 10ml \/ 10Stk."},"content":{"rendered":"<p><span style=\"color: rgb(75, 80, 88);\">Latinsk navn: Ocimum Basilicum.<br \/>&nbsp;Plantedel brukt: Blomstrende urt.<br \/>&nbsp;Kilde: India.<br \/>&nbsp;Ekstraksjonsmetode: Dampdestillasjon.<\/span><\/p>\n<p><span style=\"color: rgb(75, 80, 88);\">Essensiell olje av basilikum dampdestilleres fra bladene og&nbsp;blomstringstoppene til basilikumplanten. Denne gr\u00f8nngule, friskt luktende essensielle oljen brukes ofte i aromaterapi for \u00e5&nbsp;vekke sinnet, roe nervene og gi klarhet<br \/>i tanken. Basilikum stammer fra tropisk Asia og&nbsp; Stillehavs\u00f8yene, men dyrkes n\u00e5 over hele Europa og&nbsp; USA. Basilikumolje sies \u00e5 v\u00e6re terapeutisk for luftveiene og brukes ofte mot astma, bronkitt og bihulebetennelse. Den brukes til \u00e5 behandle nervelidelser og stressrelaterte hodepiner og migrene. Den skal lindre intellektuell tretthet, samtidig som den gir klarhet og mental styrke. Denne oljen sies \u00e5 lindre forstoppelse, kvalme, oppkast, magekramper og anses som god for menstruasjonsproblemer. Den er nyttig for \u00e5 lindre gikt da den bidrar til \u00e5 redusere urinsyre i blodet. Den er nyttig for leddgikt, frisker opp huden og leger insektbitt. Eksperter r\u00e5der imidlertid gravide og barn under 16 \u00e5r til \u00e5 unng\u00e5 \u00e5 bruke denne oljen.<\/span><\/p>\n<p><span style=\"color: rgb(75, 80, 88);\">Denne urten er popul\u00e6r i India og har blitt brukt i b\u00f8nn s\u00e5 vel som helbredelse i hundrevis av \u00e5r. Bladene p\u00e5 planten tygges som en del av b\u00f8nneseremonier, de dynkes i kokosvann eller vievann for \u00e5 fordeles etter b\u00f8nner i templer. De tygges for \u00e5 lindre s\u00e5r hals og hoste. Et avkok laget av tulasi (basilikum) blader drikkes for \u00e5 lindre smertefull hals og luftveisproblemer.<\/span><\/p>\n","protected":false},"excerpt":{"rendered":"<p>Latinsk navn: Ocimum Basilicum.&nbsp;Plantedel brukt: Blomstrende urt.&nbsp;Kilde: India.&nbsp;Ekstraksjonsmetode: Dampdestillasjon. Essensiell olje av basilikum dampdestilleres fra bladene og&nbsp;blomstringstoppene til basilikumplanten. Denne gr\u00f8nngule, friskt luktende essensielle oljen brukes ofte i aromaterapi for \u00e5&nbsp;vekke sinnet, roe nervene og gi klarheti tanken. Basilikum stammer fra tropisk Asia og&nbsp; Stillehavs\u00f8yene, men dyrkes n\u00e5 over hele Europa og&nbsp; USA. Basilikumolje sies [&hellip;]<\/p>\n","protected":false},"featured_media":263856,"comment_status":"closed","ping_status":"open","template":"","meta":{"_angie_page":false},"product_brand":[27096],"product_cat":[9065,26082,25843,10236,26862],"product_tag":[],"class_list":{"0":"post-209965","1":"product","2":"type-product","3":"status-publish","4":"has-post-thumbnail","6":"product_brand-ancient-wisdom","7":"product_cat-aromaterapi-og-romduft","8":"product_cat-basilikum","9":"product_cat-dufter-aromaer","10":"product_cat-eteriske-oljer","11":"product_cat-urte-aromatisk","12":"pa_collection-gifts-unbranded-essential-oils-no","13":"pa_made-in-india","14":"pa_size-10ml","16":"first","17":"instock","18":"purchasable","19":"product-type-simple"},"supplier_id":null,"supplier_sku":"EOUL-13","barcode":null,"atum_controlled":true,"out_stock_date":null,"out_stock_threshold":null,"inheritable":false,"inbound_stock":0,"stock_on_hold":0,"sold_today":0,"sales_last_days":0,"reserved_stock":0,"customer_returns":0,"warehouse_damage":0,"lost_in_post":0,"other_logs":0,"out_stock_days":0,"lost_sales":0,"has_location":false,"update_date":"2026-04-27T07:01:40","atum_locations":[],"atum_stock_status":"instock","restock_status":false,"low_stock_amount":"","sales_update_date":"2026-01-30T01:25:53","calc_backorders":null,"_links":{"self":[{"href":"https:\/\/aromasentia.com\/no\/wp-json\/wp\/v2\/product\/209965","targetHints":{"allow":["GET"]}}],"collection":[{"href":"https:\/\/aromasentia.com\/no\/wp-json\/wp\/v2\/product"}],"about":[{"href":"https:\/\/aromasentia.com\/no\/wp-json\/wp\/v2\/types\/product"}],"replies":[{"embeddable":true,"href":"https:\/\/aromasentia.com\/no\/wp-json\/wp\/v2\/comments?post=209965"}],"version-history":[{"count":0,"href":"https:\/\/aromasentia.com\/no\/wp-json\/wp\/v2\/product\/209965\/revisions"}],"wp:featuredmedia":[{"embeddable":true,"href":"https:\/\/aromasentia.com\/no\/wp-json\/wp\/v2\/media\/263856"}],"wp:attachment":[{"href":"https:\/\/aromasentia.com\/no\/wp-json\/wp\/v2\/media?parent=209965"}],"wp:term":[{"taxonomy":"product_brand","embeddable":true,"href":"https:\/\/aromasentia.com\/no\/wp-json\/wp\/v2\/product_brand?post=209965"},{"taxonomy":"product_cat","embeddable":true,"href":"https:\/\/aromasentia.com\/no\/wp-json\/wp\/v2\/product_cat?post=209965"},{"taxonomy":"product_tag","embeddable":true,"href":"https:\/\/aromasentia.com\/no\/wp-json\/wp\/v2\/product_tag?post=209965"}],"curies":[{"name":"wp","href":"https:\/\/api.w.org\/{rel}","templated":true}]}}