{"id":209962,"date":"2025-03-20T14:56:50","date_gmt":"2025-03-20T14:56:50","guid":{"rendered":"https:\/\/aromasentia.com\/product\/10x-10ml-patchouli-essential-oil-unlabelled\/"},"modified":"2025-05-31T06:50:37","modified_gmt":"2025-05-31T06:50:37","slug":"patchouli-eterisk-olje-uten-etikett-10ml-10stk","status":"publish","type":"product","link":"https:\/\/aromasentia.com\/no\/patchouli-eterisk-olje-uten-etikett-10ml-10stk\/","title":{"rendered":"Patchouli Eterisk Olje Uten Etikett &#8211; 10ml \/ 10Stk."},"content":{"rendered":"<h2> Engros 10 x 10 ml Sandalwood Patchouli Essential Oil &#8211; Unbranded Label <\/h2>\n<p> Unn deg den fengslende duften av Patchouli Essential Oil med v\u00e5re 10 x 10 ml flasker. Denne oljen er laget av ingredienser av h\u00f8y kvalitet og har en varm og jordaktig duft som er elsket av aromaterapientusiaster.&nbsp;<\/p>\n<p>Med sine allsidige bruksomr\u00e5der kan du nyte <a href=\"https:\/\/aromasentia.com\/eoul\" rel=\"noopener noreferrer\" target=\"_blank\"><u>Patchouli Essential Oil<\/u><\/a> i diffusorer, massasjeoljer, badeprodukter og mye mer. Hver flaske leveres med en etikett uten merkevare, slik at du kan tilpasse og skape ditt eget varemerke.nbsp;<\/p>\n<p><strong>Opplev de aromatiske underverkene til Patchouli Essential Oil i dag.<\/strong><\/p>\n","protected":false},"excerpt":{"rendered":"<p>Engros 10 x 10 ml Sandalwood Patchouli Essential Oil &#8211; Unbranded Label Unn deg den fengslende duften av Patchouli Essential Oil med v\u00e5re 10 x 10 ml flasker. Denne oljen er laget av ingredienser av h\u00f8y kvalitet og har en varm og jordaktig duft som er elsket av aromaterapientusiaster.&nbsp; Med sine allsidige bruksomr\u00e5der kan du [&hellip;]<\/p>\n","protected":false},"featured_media":263829,"comment_status":"closed","ping_status":"open","template":"","meta":[],"product_brand":[27096],"product_cat":[9065,25843,10236,26827,26335],"product_tag":[],"class_list":{"0":"post-209962","1":"product","2":"type-product","3":"status-publish","4":"has-post-thumbnail","6":"product_brand-ancient-wisdom","7":"product_cat-aromaterapi-og-romduft","8":"product_cat-dufter-aromaer","9":"product_cat-eteriske-oljer","10":"product_cat-jordlig-gronn","11":"product_cat-patchouli","12":"pa_collection-gifts-unbranded-essential-oils-no","13":"pa_made-in-indonesia","14":"pa_size-10ml","16":"first","17":"instock","18":"purchasable","19":"product-type-simple"},"supplier_id":null,"supplier_sku":"EOUL-10","barcode":null,"atum_controlled":true,"out_stock_date":null,"out_stock_threshold":null,"inheritable":false,"inbound_stock":null,"stock_on_hold":0,"sold_today":0,"sales_last_days":0,"reserved_stock":null,"customer_returns":null,"warehouse_damage":null,"lost_in_post":null,"other_logs":null,"out_stock_days":0,"lost_sales":0,"has_location":null,"update_date":"2026-01-30T01:24:41","atum_locations":[],"atum_stock_status":"instock","restock_status":false,"low_stock_amount":"","sales_update_date":"2026-01-30T01:24:41","calc_backorders":null,"_links":{"self":[{"href":"https:\/\/aromasentia.com\/no\/wp-json\/wp\/v2\/product\/209962","targetHints":{"allow":["GET"]}}],"collection":[{"href":"https:\/\/aromasentia.com\/no\/wp-json\/wp\/v2\/product"}],"about":[{"href":"https:\/\/aromasentia.com\/no\/wp-json\/wp\/v2\/types\/product"}],"replies":[{"embeddable":true,"href":"https:\/\/aromasentia.com\/no\/wp-json\/wp\/v2\/comments?post=209962"}],"version-history":[{"count":0,"href":"https:\/\/aromasentia.com\/no\/wp-json\/wp\/v2\/product\/209962\/revisions"}],"wp:featuredmedia":[{"embeddable":true,"href":"https:\/\/aromasentia.com\/no\/wp-json\/wp\/v2\/media\/263829"}],"wp:attachment":[{"href":"https:\/\/aromasentia.com\/no\/wp-json\/wp\/v2\/media?parent=209962"}],"wp:term":[{"taxonomy":"product_brand","embeddable":true,"href":"https:\/\/aromasentia.com\/no\/wp-json\/wp\/v2\/product_brand?post=209962"},{"taxonomy":"product_cat","embeddable":true,"href":"https:\/\/aromasentia.com\/no\/wp-json\/wp\/v2\/product_cat?post=209962"},{"taxonomy":"product_tag","embeddable":true,"href":"https:\/\/aromasentia.com\/no\/wp-json\/wp\/v2\/product_tag?post=209962"}],"curies":[{"name":"wp","href":"https:\/\/api.w.org\/{rel}","templated":true}]}}