{"id":209959,"date":"2025-03-20T14:56:50","date_gmt":"2025-03-20T14:56:50","guid":{"rendered":"https:\/\/aromasentia.com\/product\/10x-10ml-clary-sage-essential-oil-unlabelled\/"},"modified":"2025-05-31T06:50:25","modified_gmt":"2025-05-31T06:50:25","slug":"muskatellsalvie-eterisk-olje-uten-etikett-10ml-10stk","status":"publish","type":"product","link":"https:\/\/aromasentia.com\/no\/muskatellsalvie-eterisk-olje-uten-etikett-10ml-10stk\/","title":{"rendered":"Muskatellsalvie Eterisk Olje Uten Etikett &#8211; 10ml \/ 10Stk."},"content":{"rendered":"<h2> Engros 10 x 10 ml Clary Sage I Essential Oil &#8211; Umerket etikett | Kj\u00f8p i bulk <\/h2>\n<p>Innf\u00f8rer v\u00e5r 10 x 10 ml Clary Sage Essential Oil med en umerket etikett, perfekt for tilpasning og merkevarebygging. Denne f\u00f8rsteklasses oljen stammer fra blomstertoppene til Clary Sage-planten og har en unik urteaktig og jordaktig aroma. <a href=\"https:\/\/aromasentia.com\/eoul-07\" rel=\"noopener noreferrer\" target=\"_blank\"><u>Eterisk olje av Clary Sage<\/u><\/a> er kjent for sine terapeutiske egenskaper, og brukes ofte til \u00e5 fremme avslapning, lindre stress og st\u00f8tte generelt velv\u00e6re.<\/p>\n<p>Med sine allsidige bruksomr\u00e5der kan denne oljen blandes med b\u00e6reroljer for massasje, tilsettes i diffusorer for en beroligende atmosf\u00e6re eller innlemmes i hud- og h\u00e5rpleieprodukter. Hver flaske er n\u00f8ye pakket i en brun eske, noe som sikrer kvalitet og friskhet. Gi aromaterapisamlingen din et l\u00f8ft og nyt fordelene med Clary Sage Essential Oil.nbsp;<\/p>\n<p><strong>Oppdag naturens beroligende kraft med v\u00e5r umerkede Clary Sage Essential Oil i dag.<\/strong><\/p>\n<p><\/p>\n","protected":false},"excerpt":{"rendered":"<p>Engros 10 x 10 ml Clary Sage I Essential Oil &#8211; Umerket etikett | Kj\u00f8p i bulk Innf\u00f8rer v\u00e5r 10 x 10 ml Clary Sage Essential Oil med en umerket etikett, perfekt for tilpasning og merkevarebygging. Denne f\u00f8rsteklasses oljen stammer fra blomstertoppene til Clary Sage-planten og har en unik urteaktig og jordaktig aroma. Eterisk olje [&hellip;]<\/p>\n","protected":false},"featured_media":263802,"comment_status":"closed","ping_status":"open","template":"","meta":{"_angie_page":false},"product_brand":[27096],"product_cat":[9065,25843,10236,26141,26862],"product_tag":[],"class_list":{"0":"post-209959","1":"product","2":"type-product","3":"status-publish","4":"has-post-thumbnail","6":"product_brand-ancient-wisdom","7":"product_cat-aromaterapi-og-romduft","8":"product_cat-dufter-aromaer","9":"product_cat-eteriske-oljer","10":"product_cat-muskatellsalvie","11":"product_cat-urte-aromatisk","12":"pa_collection-gifts-unbranded-essential-oils-no","13":"pa_made-in-frankrike","14":"pa_size-10ml","16":"first","17":"instock","18":"purchasable","19":"product-type-simple"},"supplier_id":null,"supplier_sku":"EOUL-07","barcode":null,"atum_controlled":true,"out_stock_date":null,"out_stock_threshold":null,"inheritable":false,"inbound_stock":null,"stock_on_hold":0,"sold_today":0,"sales_last_days":0,"reserved_stock":null,"customer_returns":null,"warehouse_damage":null,"lost_in_post":null,"other_logs":null,"out_stock_days":0,"lost_sales":0,"has_location":null,"update_date":"2026-04-27T07:01:40","atum_locations":[],"atum_stock_status":"instock","restock_status":false,"low_stock_amount":"","sales_update_date":"2026-01-30T01:26:17","calc_backorders":null,"_links":{"self":[{"href":"https:\/\/aromasentia.com\/no\/wp-json\/wp\/v2\/product\/209959","targetHints":{"allow":["GET"]}}],"collection":[{"href":"https:\/\/aromasentia.com\/no\/wp-json\/wp\/v2\/product"}],"about":[{"href":"https:\/\/aromasentia.com\/no\/wp-json\/wp\/v2\/types\/product"}],"replies":[{"embeddable":true,"href":"https:\/\/aromasentia.com\/no\/wp-json\/wp\/v2\/comments?post=209959"}],"version-history":[{"count":0,"href":"https:\/\/aromasentia.com\/no\/wp-json\/wp\/v2\/product\/209959\/revisions"}],"wp:featuredmedia":[{"embeddable":true,"href":"https:\/\/aromasentia.com\/no\/wp-json\/wp\/v2\/media\/263802"}],"wp:attachment":[{"href":"https:\/\/aromasentia.com\/no\/wp-json\/wp\/v2\/media?parent=209959"}],"wp:term":[{"taxonomy":"product_brand","embeddable":true,"href":"https:\/\/aromasentia.com\/no\/wp-json\/wp\/v2\/product_brand?post=209959"},{"taxonomy":"product_cat","embeddable":true,"href":"https:\/\/aromasentia.com\/no\/wp-json\/wp\/v2\/product_cat?post=209959"},{"taxonomy":"product_tag","embeddable":true,"href":"https:\/\/aromasentia.com\/no\/wp-json\/wp\/v2\/product_tag?post=209959"}],"curies":[{"name":"wp","href":"https:\/\/api.w.org\/{rel}","templated":true}]}}