{"id":209958,"date":"2025-03-20T14:56:50","date_gmt":"2025-03-20T14:56:50","guid":{"rendered":"https:\/\/aromasentia.com\/product\/10x-10ml-ylang-ylang-i-essential-oil-unlabelled\/"},"modified":"2025-05-31T06:50:21","modified_gmt":"2025-05-31T06:50:21","slug":"ylang-ylang-i-eterisk-olje-uten-etikett-10ml-10stk","status":"publish","type":"product","link":"https:\/\/aromasentia.com\/no\/ylang-ylang-i-eterisk-olje-uten-etikett-10ml-10stk\/","title":{"rendered":"Ylang Ylang I Eterisk Olje Uten Etikett &#8211; 10ml \/ 10Stk."},"content":{"rendered":"<h2> Engros 10 x 10 ml Ylang Ylang I eterisk olje &#8211; merkefri etikett for tilpasning<\/h2>\n<p>Forbedre aromaterapiopplevelsen din med v\u00e5r 10 x 10 ml <a href=\"https:\/\/aromasentia.com\/eoul\" rel=\"noopener noreferrer\" target=\"_blank\"><u>Ylang Ylang I Essential Oil<\/u><\/a>. Denne f\u00f8rsteklasses oljen utvinnes fra blomstene til Ylang Ylang-treet og er kjent for sin rike blomsteraroma. Den har mange bruksomr\u00e5der og kan tilsettes i diffusorer, massasjeoljer, badeprodukter og mye mer. Hver flaske leveres med en etikett uten merkevare, slik at du kan tilpasse og skape ditt eget merke. Opplev de beroligende og oppl\u00f8ftende egenskapene til Ylang Ylang I Essential Oil i dag.<\/p>\n<p> <strong> Opplev de beroligende og oppl\u00f8ftende egenskapene til Ylang Ylang I Essential Oil i dag. L\u00f8ft aromaterapisamlingen din n\u00e5! <\/strong> <\/p><\/p>\n","protected":false},"excerpt":{"rendered":"<p>Engros 10 x 10 ml Ylang Ylang I eterisk olje &#8211; merkefri etikett for tilpasning Forbedre aromaterapiopplevelsen din med v\u00e5r 10 x 10 ml Ylang Ylang I Essential Oil. Denne f\u00f8rsteklasses oljen utvinnes fra blomstene til Ylang Ylang-treet og er kjent for sin rike blomsteraroma. Den har mange bruksomr\u00e5der og kan tilsettes i diffusorer, massasjeoljer, [&hellip;]<\/p>\n","protected":false},"featured_media":263793,"comment_status":"closed","ping_status":"open","template":"","meta":{"_angie_page":false},"product_brand":[27096],"product_cat":[9065,26834,25843,10236,26445],"product_tag":[],"class_list":{"0":"post-209958","1":"product","2":"type-product","3":"status-publish","4":"has-post-thumbnail","6":"product_brand-ancient-wisdom","7":"product_cat-aromaterapi-og-romduft","8":"product_cat-blomster","9":"product_cat-dufter-aromaer","10":"product_cat-eteriske-oljer","11":"product_cat-ylang-ylang","12":"pa_collection-gifts-unbranded-essential-oils-no","13":"pa_made-in-komorene","14":"pa_size-10ml","16":"first","17":"instock","18":"purchasable","19":"product-type-simple"},"supplier_id":null,"supplier_sku":"EOUL-06","barcode":null,"atum_controlled":true,"out_stock_date":null,"out_stock_threshold":null,"inheritable":false,"inbound_stock":0,"stock_on_hold":0,"sold_today":0,"sales_last_days":0,"reserved_stock":0,"customer_returns":0,"warehouse_damage":0,"lost_in_post":0,"other_logs":0,"out_stock_days":0,"lost_sales":0,"has_location":false,"update_date":"2026-05-11T01:55:51","atum_locations":[],"atum_stock_status":"instock","restock_status":false,"low_stock_amount":"","sales_update_date":"2026-01-30T01:26:38","calc_backorders":null,"_links":{"self":[{"href":"https:\/\/aromasentia.com\/no\/wp-json\/wp\/v2\/product\/209958","targetHints":{"allow":["GET"]}}],"collection":[{"href":"https:\/\/aromasentia.com\/no\/wp-json\/wp\/v2\/product"}],"about":[{"href":"https:\/\/aromasentia.com\/no\/wp-json\/wp\/v2\/types\/product"}],"replies":[{"embeddable":true,"href":"https:\/\/aromasentia.com\/no\/wp-json\/wp\/v2\/comments?post=209958"}],"version-history":[{"count":0,"href":"https:\/\/aromasentia.com\/no\/wp-json\/wp\/v2\/product\/209958\/revisions"}],"wp:featuredmedia":[{"embeddable":true,"href":"https:\/\/aromasentia.com\/no\/wp-json\/wp\/v2\/media\/263793"}],"wp:attachment":[{"href":"https:\/\/aromasentia.com\/no\/wp-json\/wp\/v2\/media?parent=209958"}],"wp:term":[{"taxonomy":"product_brand","embeddable":true,"href":"https:\/\/aromasentia.com\/no\/wp-json\/wp\/v2\/product_brand?post=209958"},{"taxonomy":"product_cat","embeddable":true,"href":"https:\/\/aromasentia.com\/no\/wp-json\/wp\/v2\/product_cat?post=209958"},{"taxonomy":"product_tag","embeddable":true,"href":"https:\/\/aromasentia.com\/no\/wp-json\/wp\/v2\/product_tag?post=209958"}],"curies":[{"name":"wp","href":"https:\/\/api.w.org\/{rel}","templated":true}]}}