{"id":209953,"date":"2025-03-20T14:57:05","date_gmt":"2025-03-20T14:57:05","guid":{"rendered":"https:\/\/aromasentia.com\/product\/10x-10ml-lime-essential-oil-unlabelled\/"},"modified":"2025-05-31T06:50:03","modified_gmt":"2025-05-31T06:50:03","slug":"lime-eterisk-olje-uten-etikett-10ml-10stk","status":"publish","type":"product","link":"https:\/\/aromasentia.com\/no\/lime-eterisk-olje-uten-etikett-10ml-10stk\/","title":{"rendered":"Lime Eterisk Olje Uten Etikett &#8211; 10ml \/ 10Stk."},"content":{"rendered":"<p>Gi livet ditt et l\u00f8ft med denne umerkede 10-pakningen med 10 ml eterisk limeolje. Denne livlige oljen har en skarp, syrlig, s\u00f8t og intenst forfriskende sitrusduft som umiddelbart l\u00f8fter hum\u00f8ret og gir energi til sinnet. Lime er kjent for sine rensende, rensende og tonende egenskaper, som er gunstige for fet hud og for \u00e5 skj\u00e6re gjennom mental t\u00e5ke. En herlig munter og stimulerende olje for diffusjon, naturlig rengj\u00f8ring eller for \u00e5 tilf\u00f8re et lyst, syrlig kick til dine skreddersydde blandinger og hudpleieprodukter.<\/p>\n","protected":false},"excerpt":{"rendered":"<p>Gi livet ditt et l\u00f8ft med denne umerkede 10-pakningen med 10 ml eterisk limeolje. Denne livlige oljen har en skarp, syrlig, s\u00f8t og intenst forfriskende sitrusduft som umiddelbart l\u00f8fter hum\u00f8ret og gir energi til sinnet. Lime er kjent for sine rensende, rensende og tonende egenskaper, som er gunstige for fet hud og for \u00e5 skj\u00e6re [&hellip;]<\/p>\n","protected":false},"featured_media":263982,"comment_status":"closed","ping_status":"open","template":"","meta":{"_angie_page":false},"product_brand":[27096],"product_cat":[9065,25843,10236,26257],"product_tag":[],"class_list":{"0":"post-209953","1":"product","2":"type-product","3":"status-publish","4":"has-post-thumbnail","6":"product_brand-ancient-wisdom","7":"product_cat-aromaterapi-og-romduft","8":"product_cat-dufter-aromaer","9":"product_cat-eteriske-oljer","10":"product_cat-lime","11":"pa_collection-gifts-unbranded-essential-oils-no","12":"pa_made-in-mexico","13":"pa_size-10ml","15":"first","16":"instock","17":"purchasable","18":"product-type-simple"},"supplier_id":null,"supplier_sku":"EOUL-29","barcode":null,"atum_controlled":true,"out_stock_date":null,"out_stock_threshold":null,"inheritable":false,"inbound_stock":null,"stock_on_hold":0,"sold_today":0,"sales_last_days":0,"reserved_stock":null,"customer_returns":null,"warehouse_damage":null,"lost_in_post":null,"other_logs":null,"out_stock_days":0,"lost_sales":0,"has_location":null,"update_date":"2026-04-27T07:01:47","atum_locations":[],"atum_stock_status":"instock","restock_status":false,"low_stock_amount":"","sales_update_date":"2026-01-30T01:26:03","calc_backorders":null,"_links":{"self":[{"href":"https:\/\/aromasentia.com\/no\/wp-json\/wp\/v2\/product\/209953","targetHints":{"allow":["GET"]}}],"collection":[{"href":"https:\/\/aromasentia.com\/no\/wp-json\/wp\/v2\/product"}],"about":[{"href":"https:\/\/aromasentia.com\/no\/wp-json\/wp\/v2\/types\/product"}],"replies":[{"embeddable":true,"href":"https:\/\/aromasentia.com\/no\/wp-json\/wp\/v2\/comments?post=209953"}],"version-history":[{"count":0,"href":"https:\/\/aromasentia.com\/no\/wp-json\/wp\/v2\/product\/209953\/revisions"}],"wp:featuredmedia":[{"embeddable":true,"href":"https:\/\/aromasentia.com\/no\/wp-json\/wp\/v2\/media\/263982"}],"wp:attachment":[{"href":"https:\/\/aromasentia.com\/no\/wp-json\/wp\/v2\/media?parent=209953"}],"wp:term":[{"taxonomy":"product_brand","embeddable":true,"href":"https:\/\/aromasentia.com\/no\/wp-json\/wp\/v2\/product_brand?post=209953"},{"taxonomy":"product_cat","embeddable":true,"href":"https:\/\/aromasentia.com\/no\/wp-json\/wp\/v2\/product_cat?post=209953"},{"taxonomy":"product_tag","embeddable":true,"href":"https:\/\/aromasentia.com\/no\/wp-json\/wp\/v2\/product_tag?post=209953"}],"curies":[{"name":"wp","href":"https:\/\/api.w.org\/{rel}","templated":true}]}}